{"id":2811,"date":"2018-06-12T12:12:40","date_gmt":"2018-06-12T15:12:40","guid":{"rendered":"https:\/\/www.brmedal.com.br\/product\/alveolex\/"},"modified":"2022-11-09T18:11:13","modified_gmt":"2022-11-09T21:11:13","slug":"alveolex","status":"publish","type":"product","link":"https:\/\/www.brmedal.com.br\/?product=alveolex","title":{"rendered":"Curativo Alveolar com Pr\u00f3polis &#8211; Alveolex"},"content":{"rendered":"<p>Curativo Alveolar com Pr\u00f3polis<\/p>\n<p>ALVEOLEX \u00e9 principalmente indicado como uma barreira f\u00edsica ap\u00f3s as extra\u00e7\u00f5es dent\u00e1rias, conferindo prote\u00e7\u00e3o pois age como um tamp\u00e3o alveolar mold\u00e1vel, constituindo um arcabou\u00e7o s\u00f3lido para a regenera\u00e7\u00e3o tecidual, evitando a contamina\u00e7\u00e3o das paredes \u00f3sseas.<\/p>\n<p>A aplica\u00e7\u00e3o \u00e9 bastante pr\u00e1tica e a consist\u00eancia na forma de pasta proporciona a perman\u00eancia prolongada de ALVEOLEX com as paredes alveolares.<\/p>\n<p>O produto ap\u00f3s aplicado n\u00e3o requer aten\u00e7\u00e3o especial do profissional, que deve ficar direcionada ao acompanhamento e a observa\u00e7\u00e3o do processo de cicatriza\u00e7\u00e3o. ALVEOLEX \u00e9 eliminado gradualmente da cavidade alveolar em at\u00e9 30 dias, \u00e0 medida que ocorre o preenchimento do alv\u00e9olo dent\u00e1rio com tecido de granula\u00e7\u00e3o e tecido \u00f3sseo neoformado.<\/p>\n<p>O pr\u00f3polis presente na formula\u00e7\u00e3o, al\u00e9m de auxiliar na regenera\u00e7\u00e3o e na estimula\u00e7\u00e3o da cicatriza\u00e7\u00e3o, auxilia tamb\u00e9m na analgesia proporcionando um p\u00f3s operat\u00f3rio mais tranq\u00fcilo ao paciente.<\/p>\n<p>O Iodof\u00f3rmio foi incorporado ao produto para auxiliar e complementar a a\u00e7\u00e3o de preenchimento atrav\u00e9s da estimula\u00e7\u00e3o da prolifera\u00e7\u00e3o celular, al\u00e9m de possuir um leve poder antiss\u00e9ptico.<\/p>\n<p>Sua f\u00f3rmula isenta de Eugenol n\u00e3o provoca irrita\u00e7\u00f5es ao contato com o tecido alveolar.<\/p>\n","protected":false},"excerpt":{"rendered":"<p>Curativo Alveolar com Pr\u00f3polis<\/p>\n<p>ALVEOLEX \u00e9 principalmente indicado como uma barreira f\u00edsica ap\u00f3s as extra\u00e7\u00f5es dent\u00e1rias<\/p>\n","protected":false},"featured_media":2810,"comment_status":"open","ping_status":"closed","template":"","meta":[],"product_brand":[],"product_cat":[508],"product_tag":[],"class_list":{"0":"post-2811","1":"product","2":"type-product","3":"status-publish","4":"has-post-thumbnail","6":"product_cat-inicio","8":"first","9":"onbackorder","10":"shipping-taxable","11":"purchasable","12":"product-type-simple"},"_links":{"self":[{"href":"https:\/\/www.brmedal.com.br\/index.php?rest_route=\/wp\/v2\/product\/2811","targetHints":{"allow":["GET"]}}],"collection":[{"href":"https:\/\/www.brmedal.com.br\/index.php?rest_route=\/wp\/v2\/product"}],"about":[{"href":"https:\/\/www.brmedal.com.br\/index.php?rest_route=\/wp\/v2\/types\/product"}],"replies":[{"embeddable":true,"href":"https:\/\/www.brmedal.com.br\/index.php?rest_route=%2Fwp%2Fv2%2Fcomments&post=2811"}],"wp:featuredmedia":[{"embeddable":true,"href":"https:\/\/www.brmedal.com.br\/index.php?rest_route=\/wp\/v2\/media\/2810"}],"wp:attachment":[{"href":"https:\/\/www.brmedal.com.br\/index.php?rest_route=%2Fwp%2Fv2%2Fmedia&parent=2811"}],"wp:term":[{"taxonomy":"product_brand","embeddable":true,"href":"https:\/\/www.brmedal.com.br\/index.php?rest_route=%2Fwp%2Fv2%2Fproduct_brand&post=2811"},{"taxonomy":"product_cat","embeddable":true,"href":"https:\/\/www.brmedal.com.br\/index.php?rest_route=%2Fwp%2Fv2%2Fproduct_cat&post=2811"},{"taxonomy":"product_tag","embeddable":true,"href":"https:\/\/www.brmedal.com.br\/index.php?rest_route=%2Fwp%2Fv2%2Fproduct_tag&post=2811"}],"curies":[{"name":"wp","href":"https:\/\/api.w.org\/{rel}","templated":true}]}}