{"id":2859,"date":"2018-06-13T08:13:08","date_gmt":"2018-06-13T11:13:08","guid":{"rendered":"https:\/\/www.brmedal.com.br\/product\/cariestop\/"},"modified":"2022-11-09T17:29:01","modified_gmt":"2022-11-09T20:29:01","slug":"cariestop","status":"publish","type":"product","link":"https:\/\/www.brmedal.com.br\/?product=cariestop","title":{"rendered":"Agente inibidor da c\u00e1rie dental Cariestop"},"content":{"rendered":"<p>A solu\u00e7\u00e3o de diamino fluoreto de prata a 12% e 30% em meio amoniacal, promove o fortalecimento da estrutura do esmalte pela forma\u00e7\u00e3o de Ca F2\u00a0 (Fluoreto de C\u00e1lcio) e Ag3 PO4\u00a0 (Fosfato de Prata) atrav\u00e9s de sua rea\u00e7\u00e3o com a estrutura dent\u00e1ria, al\u00e9m ainda da forma\u00e7\u00e3o de complexos prot\u00e9icos de prata na superf\u00edcie do dente.<\/p>\n<p>A a\u00e7\u00e3o preventiva est\u00e1 relacionada com o \u00edon fluoreto e a a\u00e7\u00e3o controladora com o \u00edon prata.<\/p>\n<p>A a\u00e7\u00e3o cariost\u00e1tica se d\u00e1 pela estimula\u00e7\u00e3o da esclerose da dentina, n\u00e3o permitindo o avan\u00e7o da c\u00e1rie dental.<\/p>\n<p>A a\u00e7\u00e3o anti-microbiana se d\u00e1 principalmente por sua a\u00e7\u00e3o sobre S. mutans.<\/p>\n<p>Estudos relataram uma diminui\u00e7\u00e3o de 65% do \u00edndice de c\u00e1rie em molares, com a aplica\u00e7\u00e3o trimestral de cariost\u00e1ticos.<\/p>\n<p>&nbsp;<\/p>\n<p>&nbsp;<\/p>\n<p>&nbsp;<\/p>\n","protected":false},"excerpt":{"rendered":"<p>Agente inibidor da c\u00e1rie dental Cariestop.<\/p>\n<p>A solu\u00e7\u00e3o de diamino fluoreto de prata a 12% e 30% em meio amoniacal, promove o fortalecimento da estrutura do esmalte<\/p>\n","protected":false},"featured_media":2853,"comment_status":"open","ping_status":"closed","template":"","meta":[],"product_brand":[],"product_cat":[554,510],"product_tag":[],"class_list":{"0":"post-2859","1":"product","2":"type-product","3":"status-publish","4":"has-post-thumbnail","6":"product_cat-medicamentos-odontologia","7":"product_cat-odontologia","9":"first","10":"onbackorder","11":"shipping-taxable","12":"purchasable","13":"product-type-simple"},"_links":{"self":[{"href":"https:\/\/www.brmedal.com.br\/index.php?rest_route=\/wp\/v2\/product\/2859","targetHints":{"allow":["GET"]}}],"collection":[{"href":"https:\/\/www.brmedal.com.br\/index.php?rest_route=\/wp\/v2\/product"}],"about":[{"href":"https:\/\/www.brmedal.com.br\/index.php?rest_route=\/wp\/v2\/types\/product"}],"replies":[{"embeddable":true,"href":"https:\/\/www.brmedal.com.br\/index.php?rest_route=%2Fwp%2Fv2%2Fcomments&post=2859"}],"wp:featuredmedia":[{"embeddable":true,"href":"https:\/\/www.brmedal.com.br\/index.php?rest_route=\/wp\/v2\/media\/2853"}],"wp:attachment":[{"href":"https:\/\/www.brmedal.com.br\/index.php?rest_route=%2Fwp%2Fv2%2Fmedia&parent=2859"}],"wp:term":[{"taxonomy":"product_brand","embeddable":true,"href":"https:\/\/www.brmedal.com.br\/index.php?rest_route=%2Fwp%2Fv2%2Fproduct_brand&post=2859"},{"taxonomy":"product_cat","embeddable":true,"href":"https:\/\/www.brmedal.com.br\/index.php?rest_route=%2Fwp%2Fv2%2Fproduct_cat&post=2859"},{"taxonomy":"product_tag","embeddable":true,"href":"https:\/\/www.brmedal.com.br\/index.php?rest_route=%2Fwp%2Fv2%2Fproduct_tag&post=2859"}],"curies":[{"name":"wp","href":"https:\/\/api.w.org\/{rel}","templated":true}]}}