{"id":2863,"date":"2018-06-13T08:18:49","date_gmt":"2018-06-13T11:18:49","guid":{"rendered":"https:\/\/www.brmedal.com.br\/product\/claridex-endo\/"},"modified":"2022-11-09T17:21:20","modified_gmt":"2022-11-09T20:21:20","slug":"claridex-endo","status":"publish","type":"product","link":"https:\/\/www.brmedal.com.br\/?product=claridex-endo","title":{"rendered":"Agente Clareador Dental Claridex Endo"},"content":{"rendered":"<p>Agente Clareador Dental<\/p>\n<p>CLARIDEX ENDO \u00e9 um sistema de clareamento a base de Perborato de S\u00f3dio e Per\u00f3xido de Hidrog\u00eanio a 20%, para uso profissional.<\/p>\n<p>O Perborato de S\u00f3dio \u00e9 uma subst\u00e2ncia apresentada em p\u00f3 que em contato com a \u00e1gua descomp\u00f5e-se em Metaborato de S\u00f3dio, Per\u00f3xido de Hidrog\u00eanio e Oxig\u00eanio.<\/p>\n<p>\u00c9 utilizado em associa\u00e7\u00e3o com Per\u00f3xido de Hidrog\u00eanio para o clareamento em dentes n\u00e3o vitais.<\/p>\n<p>Para a realiza\u00e7\u00e3o da restaura\u00e7\u00e3o do dente ap\u00f3s o clareamento, \u00e9 recomendado aguardar de 7 a 15 dias, pois neste intervalo ocorre a estabiliza\u00e7\u00e3o da cor final e tamb\u00e9m a elimina\u00e7\u00e3o de quaisquer vest\u00edgios de derivados de oxig\u00eanio que podem interferir na polimeriza\u00e7\u00e3o dos sistemas adesivos e das resinas compostas empregadas no tratamento restaurador.<\/p>\n<p>&nbsp;<\/p>\n<p>&nbsp;<\/p>\n","protected":false},"excerpt":{"rendered":"<p>Agente Clareador Dental<\/p>\n<p>CLARIDEX ENDO \u00e9 um sistema de clareamento a base de Perborato de S\u00f3dio e Per\u00f3xido de Hidrog\u00eanio a 20%, para uso profissional.<\/p>\n","protected":false},"featured_media":2862,"comment_status":"open","ping_status":"closed","template":"","meta":[],"product_brand":[],"product_cat":[554,510],"product_tag":[],"class_list":{"0":"post-2863","1":"product","2":"type-product","3":"status-publish","4":"has-post-thumbnail","6":"product_cat-medicamentos-odontologia","7":"product_cat-odontologia","9":"first","10":"onbackorder","11":"shipping-taxable","12":"purchasable","13":"product-type-simple"},"_links":{"self":[{"href":"https:\/\/www.brmedal.com.br\/index.php?rest_route=\/wp\/v2\/product\/2863","targetHints":{"allow":["GET"]}}],"collection":[{"href":"https:\/\/www.brmedal.com.br\/index.php?rest_route=\/wp\/v2\/product"}],"about":[{"href":"https:\/\/www.brmedal.com.br\/index.php?rest_route=\/wp\/v2\/types\/product"}],"replies":[{"embeddable":true,"href":"https:\/\/www.brmedal.com.br\/index.php?rest_route=%2Fwp%2Fv2%2Fcomments&post=2863"}],"wp:featuredmedia":[{"embeddable":true,"href":"https:\/\/www.brmedal.com.br\/index.php?rest_route=\/wp\/v2\/media\/2862"}],"wp:attachment":[{"href":"https:\/\/www.brmedal.com.br\/index.php?rest_route=%2Fwp%2Fv2%2Fmedia&parent=2863"}],"wp:term":[{"taxonomy":"product_brand","embeddable":true,"href":"https:\/\/www.brmedal.com.br\/index.php?rest_route=%2Fwp%2Fv2%2Fproduct_brand&post=2863"},{"taxonomy":"product_cat","embeddable":true,"href":"https:\/\/www.brmedal.com.br\/index.php?rest_route=%2Fwp%2Fv2%2Fproduct_cat&post=2863"},{"taxonomy":"product_tag","embeddable":true,"href":"https:\/\/www.brmedal.com.br\/index.php?rest_route=%2Fwp%2Fv2%2Fproduct_tag&post=2863"}],"curies":[{"name":"wp","href":"https:\/\/api.w.org\/{rel}","templated":true}]}}