{"id":2888,"date":"2018-06-13T09:19:58","date_gmt":"2018-06-13T12:19:58","guid":{"rendered":"https:\/\/www.brmedal.com.br\/product\/formocresol\/"},"modified":"2022-11-09T17:06:31","modified_gmt":"2022-11-09T20:06:31","slug":"formocresol","status":"publish","type":"product","link":"https:\/\/www.brmedal.com.br\/?product=formocresol","title":{"rendered":"Fixador de polpas Formocresol"},"content":{"rendered":"<pre id=\"tw-target-text\" class=\"tw-data-text tw-text-large tw-ta\" dir=\"ltr\" data-placeholder=\"Tradu\u00e7\u00e3o\"><span class=\"Y2IQFc\" lang=\"pt\">Material para terapia de polpa dent\u00e1ria\r\nA formula\u00e7\u00e3o do FORMOCRESOL obedece a padr\u00f5es orientados por pesquisas atuais, sendo, portanto, mais dilu\u00edda\r\nque a composi\u00e7\u00e3o padr\u00e3o de Buckley, mas possuindo a mesma ou maior efic\u00e1cia e maior compatibilidade biol\u00f3gica.\r\n\r\nSua fun\u00e7\u00e3o \u00e9 fixar as polpas vivas, mantendo-as inertes e permitindo a conserva\u00e7\u00e3o do dente dec\u00edduo,\r\nat\u00e9 um momento pr\u00f3ximo \u00e0 queda fisiol\u00f3gica (pulpotomia). \r\nPossui uma potente a\u00e7\u00e3o antibacteriana devido \u00e0 a\u00e7\u00e3o de seus componentes, o que justifica seu uso em \r\ncurativos tardios em tratamentos endod\u00f4nticos.<\/span><\/pre>\n","protected":false},"excerpt":{"rendered":"<p><span class=\"Y2IQFc\" lang=\"pt\">Material para terapia de polpa dent\u00e1ria<\/span><\/p>\n","protected":false},"featured_media":2885,"comment_status":"open","ping_status":"closed","template":"","meta":[],"product_brand":[],"product_cat":[508],"product_tag":[],"class_list":{"0":"post-2888","1":"product","2":"type-product","3":"status-publish","4":"has-post-thumbnail","6":"product_cat-inicio","8":"first","9":"onbackorder","10":"shipping-taxable","11":"purchasable","12":"product-type-simple"},"_links":{"self":[{"href":"https:\/\/www.brmedal.com.br\/index.php?rest_route=\/wp\/v2\/product\/2888","targetHints":{"allow":["GET"]}}],"collection":[{"href":"https:\/\/www.brmedal.com.br\/index.php?rest_route=\/wp\/v2\/product"}],"about":[{"href":"https:\/\/www.brmedal.com.br\/index.php?rest_route=\/wp\/v2\/types\/product"}],"replies":[{"embeddable":true,"href":"https:\/\/www.brmedal.com.br\/index.php?rest_route=%2Fwp%2Fv2%2Fcomments&post=2888"}],"wp:featuredmedia":[{"embeddable":true,"href":"https:\/\/www.brmedal.com.br\/index.php?rest_route=\/wp\/v2\/media\/2885"}],"wp:attachment":[{"href":"https:\/\/www.brmedal.com.br\/index.php?rest_route=%2Fwp%2Fv2%2Fmedia&parent=2888"}],"wp:term":[{"taxonomy":"product_brand","embeddable":true,"href":"https:\/\/www.brmedal.com.br\/index.php?rest_route=%2Fwp%2Fv2%2Fproduct_brand&post=2888"},{"taxonomy":"product_cat","embeddable":true,"href":"https:\/\/www.brmedal.com.br\/index.php?rest_route=%2Fwp%2Fv2%2Fproduct_cat&post=2888"},{"taxonomy":"product_tag","embeddable":true,"href":"https:\/\/www.brmedal.com.br\/index.php?rest_route=%2Fwp%2Fv2%2Fproduct_tag&post=2888"}],"curies":[{"name":"wp","href":"https:\/\/api.w.org\/{rel}","templated":true}]}}