{"id":2908,"date":"2018-06-13T09:54:16","date_gmt":"2018-06-13T12:54:16","guid":{"rendered":"https:\/\/www.brmedal.com.br\/product\/hydropast\/"},"modified":"2022-11-09T16:48:21","modified_gmt":"2022-11-09T19:48:21","slug":"hydropast","status":"publish","type":"product","link":"https:\/\/www.brmedal.com.br\/?product=hydropast","title":{"rendered":"Hidr\u00f3xido de C\u00e1lcio &#8211; Obtura\u00e7\u00e3o tempor\u00e1ria de Canal Radicular &#8211; Hydropast"},"content":{"rendered":"<p>Material Tempor\u00e1rio para Obtura\u00e7\u00e3o de Canal Radicular<\/p>\n<p>HYDROPAST apresenta em sua composi\u00e7\u00e3o Hidr\u00f3xido de C\u00e1lcio, elemento importante para induzir a forma\u00e7\u00e3o da dentina reparadora e utilizado como material intracanal em procedimentos endod\u00f4nticos.<\/p>\n<p>O Hidr\u00f3xido de C\u00e1lcio confere ao produto a\u00e7\u00e3o anti-bacteriana, privando os microorganismos residuais de seu suprimento nutritivo prevenindo a penetra\u00e7\u00e3o do exsudato no interior do sistema de canais radiculares.<\/p>\n<p>Seu pH 12,4, altamente alcalino, pode favorecer a morte bacteriana.<\/p>\n<p>Curativos de Hidr\u00f3xido de C\u00e1lcio feitos a longo prazo t\u00eam demonstrado revers\u00e3o de v\u00e1rias altera\u00e7\u00f5es periapicais. Este componente tamb\u00e9m possui excelente biocompatibilidade e estimula o tecido hospedeiro, favorecendo a repara\u00e7\u00e3o tecidual pela ativa\u00e7\u00e3o enzim\u00e1tica tecidual, gerando efeito mineralizador. Induz a forma\u00e7\u00e3o de dentina reparadora, permitindo um aumento da calcifica\u00e7\u00e3o da camada de dentina preexistente dando melhores condi\u00e7\u00f5es de prote\u00e7\u00e3o \u00e0 polpa quando submetida a les\u00f5es.<\/p>\n","protected":false},"excerpt":{"rendered":"<p>Material Tempor\u00e1rio para Obtura\u00e7\u00e3o de Canal Radicular<\/p>\n<p>HYDROPAST apresenta em sua composi\u00e7\u00e3o Hidr\u00f3xido de C\u00e1lcio<\/p>\n","protected":false},"featured_media":2904,"comment_status":"open","ping_status":"closed","template":"","meta":[],"product_brand":[],"product_cat":[554,510],"product_tag":[],"class_list":{"0":"post-2908","1":"product","2":"type-product","3":"status-publish","4":"has-post-thumbnail","6":"product_cat-medicamentos-odontologia","7":"product_cat-odontologia","9":"first","10":"onbackorder","11":"shipping-taxable","12":"purchasable","13":"product-type-simple"},"_links":{"self":[{"href":"https:\/\/www.brmedal.com.br\/index.php?rest_route=\/wp\/v2\/product\/2908","targetHints":{"allow":["GET"]}}],"collection":[{"href":"https:\/\/www.brmedal.com.br\/index.php?rest_route=\/wp\/v2\/product"}],"about":[{"href":"https:\/\/www.brmedal.com.br\/index.php?rest_route=\/wp\/v2\/types\/product"}],"replies":[{"embeddable":true,"href":"https:\/\/www.brmedal.com.br\/index.php?rest_route=%2Fwp%2Fv2%2Fcomments&post=2908"}],"wp:featuredmedia":[{"embeddable":true,"href":"https:\/\/www.brmedal.com.br\/index.php?rest_route=\/wp\/v2\/media\/2904"}],"wp:attachment":[{"href":"https:\/\/www.brmedal.com.br\/index.php?rest_route=%2Fwp%2Fv2%2Fmedia&parent=2908"}],"wp:term":[{"taxonomy":"product_brand","embeddable":true,"href":"https:\/\/www.brmedal.com.br\/index.php?rest_route=%2Fwp%2Fv2%2Fproduct_brand&post=2908"},{"taxonomy":"product_cat","embeddable":true,"href":"https:\/\/www.brmedal.com.br\/index.php?rest_route=%2Fwp%2Fv2%2Fproduct_cat&post=2908"},{"taxonomy":"product_tag","embeddable":true,"href":"https:\/\/www.brmedal.com.br\/index.php?rest_route=%2Fwp%2Fv2%2Fproduct_tag&post=2908"}],"curies":[{"name":"wp","href":"https:\/\/api.w.org\/{rel}","templated":true}]}}