{"id":2914,"date":"2018-06-13T10:02:59","date_gmt":"2018-06-13T13:02:59","guid":{"rendered":"https:\/\/www.brmedal.com.br\/product\/iodoformio\/"},"modified":"2022-11-09T16:50:14","modified_gmt":"2022-11-09T19:50:14","slug":"iodoformio","status":"publish","type":"product","link":"https:\/\/www.brmedal.com.br\/?product=iodoformio","title":{"rendered":"Pasta Obturadora de Canal Radicular Iodof\u00f3rmio"},"content":{"rendered":"<p>Componente para Pasta Obturadora de Canal Radicular<\/p>\n<p>IODOF\u00d3RMIO apresenta as seguintes propriedades:<\/p>\n<p>1. Provoca uma a\u00e7\u00e3o local sobre os tecidos, diminuindo a secre\u00e7\u00e3o e a exsuda\u00e7\u00e3o;<\/p>\n<p>2. Estimula a prolifera\u00e7\u00e3o celular;<\/p>\n<p>3. Tem leve poder antiss\u00e9ptico, por\u00e9m de a\u00e7\u00e3o prolongada;<\/p>\n<p>4. Decomp\u00f5e-se lentamente \u00e0 temperatura corporal e ativa a fagocitose de res\u00edduos irritantes<\/p>\n<p>aos tecidos;<\/p>\n","protected":false},"excerpt":{"rendered":"<p>Componente para Pasta Obturadora de Canal Radicular<\/p>\n","protected":false},"featured_media":2910,"comment_status":"open","ping_status":"closed","template":"","meta":[],"product_brand":[],"product_cat":[554,510],"product_tag":[],"class_list":{"0":"post-2914","1":"product","2":"type-product","3":"status-publish","4":"has-post-thumbnail","6":"product_cat-medicamentos-odontologia","7":"product_cat-odontologia","9":"first","10":"onbackorder","11":"shipping-taxable","12":"purchasable","13":"product-type-simple"},"_links":{"self":[{"href":"https:\/\/www.brmedal.com.br\/index.php?rest_route=\/wp\/v2\/product\/2914","targetHints":{"allow":["GET"]}}],"collection":[{"href":"https:\/\/www.brmedal.com.br\/index.php?rest_route=\/wp\/v2\/product"}],"about":[{"href":"https:\/\/www.brmedal.com.br\/index.php?rest_route=\/wp\/v2\/types\/product"}],"replies":[{"embeddable":true,"href":"https:\/\/www.brmedal.com.br\/index.php?rest_route=%2Fwp%2Fv2%2Fcomments&post=2914"}],"wp:featuredmedia":[{"embeddable":true,"href":"https:\/\/www.brmedal.com.br\/index.php?rest_route=\/wp\/v2\/media\/2910"}],"wp:attachment":[{"href":"https:\/\/www.brmedal.com.br\/index.php?rest_route=%2Fwp%2Fv2%2Fmedia&parent=2914"}],"wp:term":[{"taxonomy":"product_brand","embeddable":true,"href":"https:\/\/www.brmedal.com.br\/index.php?rest_route=%2Fwp%2Fv2%2Fproduct_brand&post=2914"},{"taxonomy":"product_cat","embeddable":true,"href":"https:\/\/www.brmedal.com.br\/index.php?rest_route=%2Fwp%2Fv2%2Fproduct_cat&post=2914"},{"taxonomy":"product_tag","embeddable":true,"href":"https:\/\/www.brmedal.com.br\/index.php?rest_route=%2Fwp%2Fv2%2Fproduct_tag&post=2914"}],"curies":[{"name":"wp","href":"https:\/\/api.w.org\/{rel}","templated":true}]}}