{"id":2942,"date":"2018-06-13T10:44:30","date_gmt":"2018-06-13T13:44:30","guid":{"rendered":"https:\/\/www.brmedal.com.br\/product\/paramonoclorofenol\/"},"modified":"2022-11-09T16:07:20","modified_gmt":"2022-11-09T19:07:20","slug":"paramonoclorofenol","status":"publish","type":"product","link":"https:\/\/www.brmedal.com.br\/?product=paramonoclorofenol","title":{"rendered":"Desinfectante de Canal Radicular Paramonoclorofenol"},"content":{"rendered":"<p>Material para Desinfec\u00e7\u00e3o de Canal Radicular<\/p>\n<p>Como medica\u00e7\u00e3o curativa intracanal, a sua utiliza\u00e7\u00e3o na concentra\u00e7\u00e3o apresentada, demonstrou baixas\u00a0 rea\u00e7\u00f5es texturais e n\u00e3o mostrou efeitos significativos sobre a s\u00edntese de prote\u00ednas, apresentando efeito antibacteriano de curta dura\u00e7\u00e3o.<\/p>\n<p>Quantidades m\u00ednimas deste produto s\u00e3o bastante eficazes para a medica\u00e7\u00e3o de todo o canal radicular.<\/p>\n<p>A presen\u00e7a da nitrofurazona na f\u00f3rmula de PARAMONOCLOROFENOL COM FURACIN, acentua a propriedade antiinfecciosa local.<\/p>\n","protected":false},"excerpt":{"rendered":"<p>Material para Desinfec\u00e7\u00e3o de Canal Radicular<\/p>\n<p>Como medica\u00e7\u00e3o curativa intracanal<\/p>\n","protected":false},"featured_media":2941,"comment_status":"open","ping_status":"closed","template":"","meta":[],"product_brand":[],"product_cat":[554,510],"product_tag":[],"class_list":{"0":"post-2942","1":"product","2":"type-product","3":"status-publish","4":"has-post-thumbnail","6":"product_cat-medicamentos-odontologia","7":"product_cat-odontologia","9":"first","10":"onbackorder","11":"shipping-taxable","12":"purchasable","13":"product-type-simple"},"_links":{"self":[{"href":"https:\/\/www.brmedal.com.br\/index.php?rest_route=\/wp\/v2\/product\/2942","targetHints":{"allow":["GET"]}}],"collection":[{"href":"https:\/\/www.brmedal.com.br\/index.php?rest_route=\/wp\/v2\/product"}],"about":[{"href":"https:\/\/www.brmedal.com.br\/index.php?rest_route=\/wp\/v2\/types\/product"}],"replies":[{"embeddable":true,"href":"https:\/\/www.brmedal.com.br\/index.php?rest_route=%2Fwp%2Fv2%2Fcomments&post=2942"}],"wp:featuredmedia":[{"embeddable":true,"href":"https:\/\/www.brmedal.com.br\/index.php?rest_route=\/wp\/v2\/media\/2941"}],"wp:attachment":[{"href":"https:\/\/www.brmedal.com.br\/index.php?rest_route=%2Fwp%2Fv2%2Fmedia&parent=2942"}],"wp:term":[{"taxonomy":"product_brand","embeddable":true,"href":"https:\/\/www.brmedal.com.br\/index.php?rest_route=%2Fwp%2Fv2%2Fproduct_brand&post=2942"},{"taxonomy":"product_cat","embeddable":true,"href":"https:\/\/www.brmedal.com.br\/index.php?rest_route=%2Fwp%2Fv2%2Fproduct_cat&post=2942"},{"taxonomy":"product_tag","embeddable":true,"href":"https:\/\/www.brmedal.com.br\/index.php?rest_route=%2Fwp%2Fv2%2Fproduct_tag&post=2942"}],"curies":[{"name":"wp","href":"https:\/\/api.w.org\/{rel}","templated":true}]}}