{"id":2958,"date":"2018-06-13T12:06:28","date_gmt":"2018-06-13T15:06:28","guid":{"rendered":"https:\/\/www.brmedal.com.br\/product\/resiglass-r\/"},"modified":"2022-11-09T12:44:18","modified_gmt":"2022-11-09T15:44:18","slug":"resiglass-r","status":"publish","type":"product","link":"https:\/\/www.brmedal.com.br\/?product=resiglass-r","title":{"rendered":"Cimento de Ion\u00f4mero de Vidro Resiglass R"},"content":{"rendered":"<p>Cimento de Ion\u00f4mero de Vidro para RESTAURA\u00c7\u00c3O\u00a0Fotopolimeriz\u00e1vel &#8211; A3<\/p>\n<p>O ion\u00f4mero de vidro \u00e9 um material de destaque dentro da Odontologia moderna, principalmente por sua propriedade de ades\u00e3o e libera\u00e7\u00e3o de Fl\u00faor, fazendo dele um material ideal onde o selamento cavit\u00e1rio e a preven\u00e7\u00e3o de c\u00e1ries s\u00e3o desej\u00e1veis.<\/p>\n","protected":false},"excerpt":{"rendered":"<p>Cimento de Ion\u00f4mero de Vidro para RESTAURA\u00c7\u00c3O\u00a0Fotopolimeriz\u00e1vel &#8211; A3<\/p>\n","protected":false},"featured_media":2956,"comment_status":"open","ping_status":"closed","template":"","meta":[],"product_brand":[],"product_cat":[554,510],"product_tag":[],"class_list":{"0":"post-2958","1":"product","2":"type-product","3":"status-publish","4":"has-post-thumbnail","6":"product_cat-medicamentos-odontologia","7":"product_cat-odontologia","9":"first","10":"onbackorder","11":"shipping-taxable","12":"purchasable","13":"product-type-simple"},"_links":{"self":[{"href":"https:\/\/www.brmedal.com.br\/index.php?rest_route=\/wp\/v2\/product\/2958","targetHints":{"allow":["GET"]}}],"collection":[{"href":"https:\/\/www.brmedal.com.br\/index.php?rest_route=\/wp\/v2\/product"}],"about":[{"href":"https:\/\/www.brmedal.com.br\/index.php?rest_route=\/wp\/v2\/types\/product"}],"replies":[{"embeddable":true,"href":"https:\/\/www.brmedal.com.br\/index.php?rest_route=%2Fwp%2Fv2%2Fcomments&post=2958"}],"wp:featuredmedia":[{"embeddable":true,"href":"https:\/\/www.brmedal.com.br\/index.php?rest_route=\/wp\/v2\/media\/2956"}],"wp:attachment":[{"href":"https:\/\/www.brmedal.com.br\/index.php?rest_route=%2Fwp%2Fv2%2Fmedia&parent=2958"}],"wp:term":[{"taxonomy":"product_brand","embeddable":true,"href":"https:\/\/www.brmedal.com.br\/index.php?rest_route=%2Fwp%2Fv2%2Fproduct_brand&post=2958"},{"taxonomy":"product_cat","embeddable":true,"href":"https:\/\/www.brmedal.com.br\/index.php?rest_route=%2Fwp%2Fv2%2Fproduct_cat&post=2958"},{"taxonomy":"product_tag","embeddable":true,"href":"https:\/\/www.brmedal.com.br\/index.php?rest_route=%2Fwp%2Fv2%2Fproduct_tag&post=2958"}],"curies":[{"name":"wp","href":"https:\/\/api.w.org\/{rel}","templated":true}]}}