{"id":2975,"date":"2018-06-13T12:30:57","date_gmt":"2018-06-13T15:30:57","guid":{"rendered":"https:\/\/www.brmedal.com.br\/product\/varnal\/"},"modified":"2022-11-08T23:58:03","modified_gmt":"2022-11-09T02:58:03","slug":"varnal","status":"publish","type":"product","link":"https:\/\/www.brmedal.com.br\/?product=varnal","title":{"rendered":"Verniz cavit\u00e1rio Varnal"},"content":{"rendered":"<p>Verniz Cavit\u00e1rio<\/p>\n<p>O VARNAL \u00e9 um verniz cavit\u00e1rio utilizado como auxiliar no forramento e prote\u00e7\u00e3o do complexo dentina-polpa. Quando VARNAL \u00e9 aplicado ao preparo cavit\u00e1rio, ocorre a evapora\u00e7\u00e3o do solvente deixando uma pel\u00edcula resinosa\u00a0 fina sobre a superf\u00edcie. Esta fina pel\u00edcula comporta-se como uma membrana semiperme\u00e1vel, impedindo a passagem de alguns \u00edons.<\/p>\n<p>\u00c9 de maior import\u00e2ncia conseguir uma cobertura uniforme e cont\u00ednua sobre todas as superf\u00edcies do preparo cavit\u00e1rio. Se a camada for irregular ou tiver poros o resultado n\u00e3o ser\u00e1 satisfat\u00f3rio.<\/p>\n","protected":false},"excerpt":{"rendered":"<p>O VARNAL \u00e9 um verniz cavit\u00e1rio utilizado como auxiliar no forramento e prote\u00e7\u00e3o do complexo dentina-polpa<\/p>\n","protected":false},"featured_media":2974,"comment_status":"open","ping_status":"closed","template":"","meta":[],"product_brand":[],"product_cat":[554,510],"product_tag":[],"class_list":{"0":"post-2975","1":"product","2":"type-product","3":"status-publish","4":"has-post-thumbnail","6":"product_cat-medicamentos-odontologia","7":"product_cat-odontologia","9":"first","10":"onbackorder","11":"shipping-taxable","12":"purchasable","13":"product-type-simple"},"_links":{"self":[{"href":"https:\/\/www.brmedal.com.br\/index.php?rest_route=\/wp\/v2\/product\/2975","targetHints":{"allow":["GET"]}}],"collection":[{"href":"https:\/\/www.brmedal.com.br\/index.php?rest_route=\/wp\/v2\/product"}],"about":[{"href":"https:\/\/www.brmedal.com.br\/index.php?rest_route=\/wp\/v2\/types\/product"}],"replies":[{"embeddable":true,"href":"https:\/\/www.brmedal.com.br\/index.php?rest_route=%2Fwp%2Fv2%2Fcomments&post=2975"}],"wp:featuredmedia":[{"embeddable":true,"href":"https:\/\/www.brmedal.com.br\/index.php?rest_route=\/wp\/v2\/media\/2974"}],"wp:attachment":[{"href":"https:\/\/www.brmedal.com.br\/index.php?rest_route=%2Fwp%2Fv2%2Fmedia&parent=2975"}],"wp:term":[{"taxonomy":"product_brand","embeddable":true,"href":"https:\/\/www.brmedal.com.br\/index.php?rest_route=%2Fwp%2Fv2%2Fproduct_brand&post=2975"},{"taxonomy":"product_cat","embeddable":true,"href":"https:\/\/www.brmedal.com.br\/index.php?rest_route=%2Fwp%2Fv2%2Fproduct_cat&post=2975"},{"taxonomy":"product_tag","embeddable":true,"href":"https:\/\/www.brmedal.com.br\/index.php?rest_route=%2Fwp%2Fv2%2Fproduct_tag&post=2975"}],"curies":[{"name":"wp","href":"https:\/\/api.w.org\/{rel}","templated":true}]}}