{"id":2986,"date":"2018-06-15T12:54:32","date_gmt":"2018-06-15T15:54:32","guid":{"rendered":"https:\/\/www.brmedal.com.br\/product\/camara-de-desgaste-e-jateamento\/"},"modified":"2022-11-08T23:44:09","modified_gmt":"2022-11-09T02:44:09","slug":"camara-de-desgaste-e-jateamento","status":"publish","type":"product","link":"https:\/\/www.brmedal.com.br\/?product=camara-de-desgaste-e-jateamento","title":{"rendered":"C\u00e2mara de Desgaste e Jateamento"},"content":{"rendered":"<p class=\"Default\"><b>Caracter\u00edsticas e Vantagens:<\/b><\/p>\n<p class=\"Default\">Amplo visor transparente que permite perfeita visualiza\u00e7\u00e3o do trabalho em v\u00e1rios \u00e2ngulos;<\/p>\n<p class=\"Default\">Visor de f\u00e1cil remo\u00e7\u00e3o para higieniza\u00e7\u00e3o com a possibilidade de reposi\u00e7\u00e3o do mesmo a fim de possibilitar a sua c\u00e2mera sempre o aspecto de nova;<\/p>\n<p class=\"Default\">Baixo custo, leve, pr\u00e1tica e funcional;<\/p>\n<p class=\"Default\">Design moderno e inovador que permite utiliza\u00e7\u00e3o no colo ou bancada;<\/p>\n<p class=\"Default\">Utiliza ilumina\u00e7\u00e3o ambiente com total visualiza\u00e7\u00e3o do interior da c\u00e2mara;<\/p>\n<p class=\"Default\">Tampa e base remov\u00edveis que facilitam higieniza\u00e7\u00e3o e reposi\u00e7\u00e3o do visor;<\/p>\n<p class=\"Default\">Bandeja para coleta de res\u00edduos;<\/p>\n<p class=\"Default\">Aros que facilitam a retirada das luvas para limpeza;<\/p>\n<p class=\"Default\">Possui amplo espa\u00e7o interno que facilita o manuseio das m\u00e3os;<\/p>\n<p class=\"Default\">Leve, port\u00e1til, ergon\u00f4mica e em material resistente de alta durabilidade e sem riscos de oxida\u00e7\u00e3o;<\/p>\n","protected":false},"excerpt":{"rendered":"<p class=\"Default\">Amplo visor transparente que permite perfeita visualiza\u00e7\u00e3o do trabalho em v\u00e1rios \u00e2ngulos;<\/p>\n<p class=\"Default\">Visor de f\u00e1cil remo\u00e7\u00e3o para higieniza\u00e7\u00e3o<\/p>\n","protected":false},"featured_media":2982,"comment_status":"open","ping_status":"closed","template":"","meta":[],"product_brand":[],"product_cat":[546,508,510],"product_tag":[],"class_list":{"0":"post-2986","1":"product","2":"type-product","3":"status-publish","4":"has-post-thumbnail","6":"product_cat-equipamentos-odontologia","7":"product_cat-inicio","8":"product_cat-odontologia","10":"first","11":"onbackorder","12":"shipping-taxable","13":"purchasable","14":"product-type-simple"},"_links":{"self":[{"href":"https:\/\/www.brmedal.com.br\/index.php?rest_route=\/wp\/v2\/product\/2986","targetHints":{"allow":["GET"]}}],"collection":[{"href":"https:\/\/www.brmedal.com.br\/index.php?rest_route=\/wp\/v2\/product"}],"about":[{"href":"https:\/\/www.brmedal.com.br\/index.php?rest_route=\/wp\/v2\/types\/product"}],"replies":[{"embeddable":true,"href":"https:\/\/www.brmedal.com.br\/index.php?rest_route=%2Fwp%2Fv2%2Fcomments&post=2986"}],"wp:featuredmedia":[{"embeddable":true,"href":"https:\/\/www.brmedal.com.br\/index.php?rest_route=\/wp\/v2\/media\/2982"}],"wp:attachment":[{"href":"https:\/\/www.brmedal.com.br\/index.php?rest_route=%2Fwp%2Fv2%2Fmedia&parent=2986"}],"wp:term":[{"taxonomy":"product_brand","embeddable":true,"href":"https:\/\/www.brmedal.com.br\/index.php?rest_route=%2Fwp%2Fv2%2Fproduct_brand&post=2986"},{"taxonomy":"product_cat","embeddable":true,"href":"https:\/\/www.brmedal.com.br\/index.php?rest_route=%2Fwp%2Fv2%2Fproduct_cat&post=2986"},{"taxonomy":"product_tag","embeddable":true,"href":"https:\/\/www.brmedal.com.br\/index.php?rest_route=%2Fwp%2Fv2%2Fproduct_tag&post=2986"}],"curies":[{"name":"wp","href":"https:\/\/api.w.org\/{rel}","templated":true}]}}