{"id":2997,"date":"2018-06-18T08:26:13","date_gmt":"2018-06-18T11:26:13","guid":{"rendered":"https:\/\/www.brmedal.com.br\/product\/camara-de-revelacao-classic-ou-black\/"},"modified":"2022-11-08T23:39:52","modified_gmt":"2022-11-09T02:39:52","slug":"camara-de-revelacao-classic-ou-black","status":"publish","type":"product","link":"https:\/\/www.brmedal.com.br\/?product=camara-de-revelacao-classic-ou-black","title":{"rendered":"C\u00e2mara de Revela\u00e7\u00e3o Classic ou Black"},"content":{"rendered":"<p class=\"Default\">Design moderno e inovador;<\/p>\n<p class=\"Default\">Disponivel na cor branca ou preta (C\u00e2mara Classic Black);<\/p>\n<p class=\"Default\">Material bicolor que evita entrada de luminosidade externa;<\/p>\n<p class=\"Default\">Tampa e base remov\u00edveis que facilitam higieniza\u00e7\u00e3o e reposi\u00e7\u00e3o dos qu\u00edmicos;<\/p>\n<p class=\"Default\">Com sistema de ventosa para fixa\u00e7\u00e3o;<\/p>\n<p class=\"Default\">Amplo visor de acr\u00edlico vermelho transl\u00facido com prote\u00e7\u00e3o ultravioleta;<\/p>\n<p class=\"Default\">Copos com tampa de f\u00e1cil reposi\u00e7\u00e3o e que permitem economia de qu\u00edmicos;<\/p>\n<p class=\"Default\">Aros que facilitam a retirada das luvas para limpeza;<\/p>\n<p class=\"Default\">Design moderno e inovador que proporcionam maior espa\u00e7o interno e facilitam o manuseio das m\u00e3os;<\/p>\n<p class=\"Default\">Leve, port\u00e1til, ergon\u00f4mica e em material bicolor resistente de alta durabilidade e sem riscos de oxida\u00e7\u00e3o;<\/p>\n<p class=\"Default\">Partes e pe\u00e7as de f\u00e1cil reposi\u00e7\u00e3o;<\/p>\n<p class=\"Default\">Recicl\u00e1vel e ecologicamente correta;<\/p>\n","protected":false},"excerpt":{"rendered":"<p class=\"Default\">Design moderno e inovador;<\/p>\n<p class=\"Default\">Disponivel na cor branca ou preta (C\u00e2mara Classic Black)<\/p>\n","protected":false},"featured_media":2995,"comment_status":"open","ping_status":"closed","template":"","meta":[],"product_brand":[],"product_cat":[546,508,510],"product_tag":[],"class_list":{"0":"post-2997","1":"product","2":"type-product","3":"status-publish","4":"has-post-thumbnail","6":"product_cat-equipamentos-odontologia","7":"product_cat-inicio","8":"product_cat-odontologia","10":"first","11":"onbackorder","12":"shipping-taxable","13":"purchasable","14":"product-type-simple"},"_links":{"self":[{"href":"https:\/\/www.brmedal.com.br\/index.php?rest_route=\/wp\/v2\/product\/2997","targetHints":{"allow":["GET"]}}],"collection":[{"href":"https:\/\/www.brmedal.com.br\/index.php?rest_route=\/wp\/v2\/product"}],"about":[{"href":"https:\/\/www.brmedal.com.br\/index.php?rest_route=\/wp\/v2\/types\/product"}],"replies":[{"embeddable":true,"href":"https:\/\/www.brmedal.com.br\/index.php?rest_route=%2Fwp%2Fv2%2Fcomments&post=2997"}],"wp:featuredmedia":[{"embeddable":true,"href":"https:\/\/www.brmedal.com.br\/index.php?rest_route=\/wp\/v2\/media\/2995"}],"wp:attachment":[{"href":"https:\/\/www.brmedal.com.br\/index.php?rest_route=%2Fwp%2Fv2%2Fmedia&parent=2997"}],"wp:term":[{"taxonomy":"product_brand","embeddable":true,"href":"https:\/\/www.brmedal.com.br\/index.php?rest_route=%2Fwp%2Fv2%2Fproduct_brand&post=2997"},{"taxonomy":"product_cat","embeddable":true,"href":"https:\/\/www.brmedal.com.br\/index.php?rest_route=%2Fwp%2Fv2%2Fproduct_cat&post=2997"},{"taxonomy":"product_tag","embeddable":true,"href":"https:\/\/www.brmedal.com.br\/index.php?rest_route=%2Fwp%2Fv2%2Fproduct_tag&post=2997"}],"curies":[{"name":"wp","href":"https:\/\/api.w.org\/{rel}","templated":true}]}}