{"id":3019,"date":"2018-06-18T09:10:36","date_gmt":"2018-06-18T12:10:36","guid":{"rendered":"https:\/\/www.brmedal.com.br\/product\/desintegrador-de-agulhas\/"},"modified":"2023-09-30T19:13:42","modified_gmt":"2023-09-30T22:13:42","slug":"desintegrador-de-agulhas","status":"publish","type":"product","link":"https:\/\/www.brmedal.com.br\/?product=desintegrador-de-agulhas","title":{"rendered":"Desintegrador de Agulhas"},"content":{"rendered":"<p><strong>Caracter\u00edsticas e Vantagens:<\/strong><\/p>\n<p>1- Chassi met\u00e1lico de a\u00e7o com tratamento anticorrosivo e pintura ep\u00f3xi eletrost\u00e1tica<\/p>\n<p>conferindo seguran\u00e7a, qualidade e durabilidade ao produto.<\/p>\n<p>2- Indicador luminoso quando o equipamento estiver ligado.<\/p>\n<p>3- Bandeja remov\u00edvel, que facilita a limpeza, ap\u00f3s o uso.<\/p>\n<p>4- Compartimento para descarte do canh\u00e3o da agulha.<\/p>\n<p>5- Fus\u00edvel de Seguran\u00e7a.<\/p>\n<p>6- Chave seletora de tens\u00e3o 110V ou 220V.<\/p>\n<p>7- Port\u00e1til, design moderno e inovador.<\/p>\n<p>8- Confeccionado em material de f\u00e1cil limpeza.<\/p>\n<p>9- Baixo custo para pe\u00e7as de reposi\u00e7\u00e3o e manuten\u00e7\u00e3o.\u200b<\/p>\n","protected":false},"excerpt":{"rendered":"<p>Chassi met\u00e1lico de a\u00e7o com tratamento anticorrosivo e pintura ep\u00f3xi eletrost\u00e1tica<\/p>\n<p>conferindo seguran\u00e7a, qualidade e durabilidade ao produto.<\/p>\n","protected":false},"featured_media":14221,"comment_status":"open","ping_status":"closed","template":"","meta":[],"product_brand":[],"product_cat":[776,546,508,510],"product_tag":[],"class_list":{"0":"post-3019","1":"product","2":"type-product","3":"status-publish","4":"has-post-thumbnail","6":"product_cat-destaque","7":"product_cat-equipamentos-odontologia","8":"product_cat-inicio","9":"product_cat-odontologia","11":"first","12":"instock","13":"shipping-taxable","14":"purchasable","15":"product-type-simple"},"_links":{"self":[{"href":"https:\/\/www.brmedal.com.br\/index.php?rest_route=\/wp\/v2\/product\/3019","targetHints":{"allow":["GET"]}}],"collection":[{"href":"https:\/\/www.brmedal.com.br\/index.php?rest_route=\/wp\/v2\/product"}],"about":[{"href":"https:\/\/www.brmedal.com.br\/index.php?rest_route=\/wp\/v2\/types\/product"}],"replies":[{"embeddable":true,"href":"https:\/\/www.brmedal.com.br\/index.php?rest_route=%2Fwp%2Fv2%2Fcomments&post=3019"}],"wp:featuredmedia":[{"embeddable":true,"href":"https:\/\/www.brmedal.com.br\/index.php?rest_route=\/wp\/v2\/media\/14221"}],"wp:attachment":[{"href":"https:\/\/www.brmedal.com.br\/index.php?rest_route=%2Fwp%2Fv2%2Fmedia&parent=3019"}],"wp:term":[{"taxonomy":"product_brand","embeddable":true,"href":"https:\/\/www.brmedal.com.br\/index.php?rest_route=%2Fwp%2Fv2%2Fproduct_brand&post=3019"},{"taxonomy":"product_cat","embeddable":true,"href":"https:\/\/www.brmedal.com.br\/index.php?rest_route=%2Fwp%2Fv2%2Fproduct_cat&post=3019"},{"taxonomy":"product_tag","embeddable":true,"href":"https:\/\/www.brmedal.com.br\/index.php?rest_route=%2Fwp%2Fv2%2Fproduct_tag&post=3019"}],"curies":[{"name":"wp","href":"https:\/\/api.w.org\/{rel}","templated":true}]}}