{"id":3022,"date":"2018-06-18T09:15:58","date_gmt":"2018-06-18T12:15:58","guid":{"rendered":"https:\/\/www.brmedal.com.br\/product\/mesa-auxiliar-metalica-3-niveis\/"},"modified":"2022-11-08T23:11:31","modified_gmt":"2022-11-09T02:11:31","slug":"mesa-auxiliar-metalica-3-niveis","status":"publish","type":"product","link":"https:\/\/www.brmedal.com.br\/?product=mesa-auxiliar-metalica-3-niveis","title":{"rendered":"Mesa auxiliar met\u00e1lica 3 n\u00edveis"},"content":{"rendered":"<p class=\"Default\">Design moderno e inovador.<\/p>\n<p class=\"Default\">Chassi met\u00e1lico de a\u00e7o com tratamento anticorrosivo e pintura ep\u00f3xi eletrost\u00e1tica conferindo seguran\u00e7a, qualidade e durabilidade ao produto.<\/p>\n<p class=\"Default\">Rod\u00edzios eu permite f\u00e1cil locomo\u00e7\u00e3o.<\/p>\n<p class=\"Default\">\n","protected":false},"excerpt":{"rendered":"<p class=\"Default\">Design moderno e inovador.<\/p>\n<p class=\"Default\">Chassi met\u00e1lico de a\u00e7o com tratamento anticorrosivo e pintura ep\u00f3xi eletrost\u00e1tica<\/p>\n","protected":false},"featured_media":0,"comment_status":"open","ping_status":"closed","template":"","meta":[],"product_brand":[],"product_cat":[508],"product_tag":[],"class_list":{"0":"post-3022","1":"product","2":"type-product","3":"status-publish","5":"product_cat-inicio","7":"first","8":"onbackorder","9":"shipping-taxable","10":"purchasable","11":"product-type-simple"},"_links":{"self":[{"href":"https:\/\/www.brmedal.com.br\/index.php?rest_route=\/wp\/v2\/product\/3022","targetHints":{"allow":["GET"]}}],"collection":[{"href":"https:\/\/www.brmedal.com.br\/index.php?rest_route=\/wp\/v2\/product"}],"about":[{"href":"https:\/\/www.brmedal.com.br\/index.php?rest_route=\/wp\/v2\/types\/product"}],"replies":[{"embeddable":true,"href":"https:\/\/www.brmedal.com.br\/index.php?rest_route=%2Fwp%2Fv2%2Fcomments&post=3022"}],"wp:attachment":[{"href":"https:\/\/www.brmedal.com.br\/index.php?rest_route=%2Fwp%2Fv2%2Fmedia&parent=3022"}],"wp:term":[{"taxonomy":"product_brand","embeddable":true,"href":"https:\/\/www.brmedal.com.br\/index.php?rest_route=%2Fwp%2Fv2%2Fproduct_brand&post=3022"},{"taxonomy":"product_cat","embeddable":true,"href":"https:\/\/www.brmedal.com.br\/index.php?rest_route=%2Fwp%2Fv2%2Fproduct_cat&post=3022"},{"taxonomy":"product_tag","embeddable":true,"href":"https:\/\/www.brmedal.com.br\/index.php?rest_route=%2Fwp%2Fv2%2Fproduct_tag&post=3022"}],"curies":[{"name":"wp","href":"https:\/\/api.w.org\/{rel}","templated":true}]}}