{"id":3033,"date":"2018-06-18T09:23:07","date_gmt":"2018-06-18T12:23:07","guid":{"rendered":"https:\/\/www.brmedal.com.br\/product\/mesa-modular\/"},"modified":"2022-11-08T23:09:06","modified_gmt":"2022-11-09T02:09:06","slug":"mesa-modular","status":"publish","type":"product","link":"https:\/\/www.brmedal.com.br\/?product=mesa-modular","title":{"rendered":"Mesa Modular"},"content":{"rendered":"<p class=\"Default\">Design moderno e inovador.<\/p>\n<p class=\"Default\">Possu\u00ed 3 diferentes n\u00edveis de encaixe para suporte auxiliar, podendo ser utilizado como apoio para a alimenta\u00e7\u00e3o, para dispositivos tecnol\u00f3gicos como notebooks e tablets.<\/p>\n<p class=\"Default\">Confeccionada em madeira que proporciona melhor acabamento.<\/p>\n","protected":false},"excerpt":{"rendered":"<p class=\"Default\">Design moderno e inovador.<\/p>\n<p class=\"Default\">Possu\u00ed 3 diferentes n\u00edveis de encaixe para suporte auxiliar<\/p>\n","protected":false},"featured_media":3030,"comment_status":"open","ping_status":"closed","template":"","meta":[],"product_brand":[],"product_cat":[546,510],"product_tag":[],"class_list":{"0":"post-3033","1":"product","2":"type-product","3":"status-publish","4":"has-post-thumbnail","6":"product_cat-equipamentos-odontologia","7":"product_cat-odontologia","9":"first","10":"onbackorder","11":"shipping-taxable","12":"purchasable","13":"product-type-simple"},"_links":{"self":[{"href":"https:\/\/www.brmedal.com.br\/index.php?rest_route=\/wp\/v2\/product\/3033","targetHints":{"allow":["GET"]}}],"collection":[{"href":"https:\/\/www.brmedal.com.br\/index.php?rest_route=\/wp\/v2\/product"}],"about":[{"href":"https:\/\/www.brmedal.com.br\/index.php?rest_route=\/wp\/v2\/types\/product"}],"replies":[{"embeddable":true,"href":"https:\/\/www.brmedal.com.br\/index.php?rest_route=%2Fwp%2Fv2%2Fcomments&post=3033"}],"wp:featuredmedia":[{"embeddable":true,"href":"https:\/\/www.brmedal.com.br\/index.php?rest_route=\/wp\/v2\/media\/3030"}],"wp:attachment":[{"href":"https:\/\/www.brmedal.com.br\/index.php?rest_route=%2Fwp%2Fv2%2Fmedia&parent=3033"}],"wp:term":[{"taxonomy":"product_brand","embeddable":true,"href":"https:\/\/www.brmedal.com.br\/index.php?rest_route=%2Fwp%2Fv2%2Fproduct_brand&post=3033"},{"taxonomy":"product_cat","embeddable":true,"href":"https:\/\/www.brmedal.com.br\/index.php?rest_route=%2Fwp%2Fv2%2Fproduct_cat&post=3033"},{"taxonomy":"product_tag","embeddable":true,"href":"https:\/\/www.brmedal.com.br\/index.php?rest_route=%2Fwp%2Fv2%2Fproduct_tag&post=3033"}],"curies":[{"name":"wp","href":"https:\/\/api.w.org\/{rel}","templated":true}]}}