{"id":3042,"date":"2018-06-18T09:44:52","date_gmt":"2018-06-18T12:44:52","guid":{"rendered":"https:\/\/www.brmedal.com.br\/product\/misturador-de-alginato\/"},"modified":"2022-11-08T23:01:51","modified_gmt":"2022-11-09T02:01:51","slug":"misturador-de-alginato","status":"publish","type":"product","link":"https:\/\/www.brmedal.com.br\/?product=misturador-de-alginato","title":{"rendered":"Misturador de Alginato"},"content":{"rendered":"<p class=\"Default\">Controle de velocidade da cuba.<\/p>\n<p class=\"Default\">Melhor ergonomia, permitindo trabalhar em melhores condi\u00e7\u00f5es devido \u00e0 posi\u00e7\u00e3o da cuba.<\/p>\n<p class=\"Default\">Equipamento de f\u00e1cil manuseio e limpeza.<\/p>\n<p class=\"Default\">Tempo de mistura reduzido para oferecer maior vantagem ao profissional.<\/p>\n<p class=\"Default\">Mistura mais homog\u00eanea com menos bolhas.<\/p>\n","protected":false},"excerpt":{"rendered":"<p class=\"Default\">Controle de velocidade da cuba.<\/p>\n<p class=\"Default\">Melhor ergonomia, permitindo trabalhar em melhores condi\u00e7\u00f5es devido \u00e0 posi\u00e7\u00e3o da cuba.<\/p>\n","protected":false},"featured_media":3041,"comment_status":"open","ping_status":"closed","template":"","meta":[],"product_brand":[],"product_cat":[546,508,510],"product_tag":[],"class_list":{"0":"post-3042","1":"product","2":"type-product","3":"status-publish","4":"has-post-thumbnail","6":"product_cat-equipamentos-odontologia","7":"product_cat-inicio","8":"product_cat-odontologia","10":"first","11":"onbackorder","12":"shipping-taxable","13":"purchasable","14":"product-type-simple"},"_links":{"self":[{"href":"https:\/\/www.brmedal.com.br\/index.php?rest_route=\/wp\/v2\/product\/3042","targetHints":{"allow":["GET"]}}],"collection":[{"href":"https:\/\/www.brmedal.com.br\/index.php?rest_route=\/wp\/v2\/product"}],"about":[{"href":"https:\/\/www.brmedal.com.br\/index.php?rest_route=\/wp\/v2\/types\/product"}],"replies":[{"embeddable":true,"href":"https:\/\/www.brmedal.com.br\/index.php?rest_route=%2Fwp%2Fv2%2Fcomments&post=3042"}],"wp:featuredmedia":[{"embeddable":true,"href":"https:\/\/www.brmedal.com.br\/index.php?rest_route=\/wp\/v2\/media\/3041"}],"wp:attachment":[{"href":"https:\/\/www.brmedal.com.br\/index.php?rest_route=%2Fwp%2Fv2%2Fmedia&parent=3042"}],"wp:term":[{"taxonomy":"product_brand","embeddable":true,"href":"https:\/\/www.brmedal.com.br\/index.php?rest_route=%2Fwp%2Fv2%2Fproduct_brand&post=3042"},{"taxonomy":"product_cat","embeddable":true,"href":"https:\/\/www.brmedal.com.br\/index.php?rest_route=%2Fwp%2Fv2%2Fproduct_cat&post=3042"},{"taxonomy":"product_tag","embeddable":true,"href":"https:\/\/www.brmedal.com.br\/index.php?rest_route=%2Fwp%2Fv2%2Fproduct_tag&post=3042"}],"curies":[{"name":"wp","href":"https:\/\/api.w.org\/{rel}","templated":true}]}}