{"id":3048,"date":"2018-06-18T09:50:21","date_gmt":"2018-06-18T12:50:21","guid":{"rendered":"https:\/\/www.brmedal.com.br\/product\/negatoscopio-de-metal-dois-corpos\/"},"modified":"2022-11-08T22:57:04","modified_gmt":"2022-11-09T01:57:04","slug":"negatoscopio-de-metal-dois-corpos","status":"publish","type":"product","link":"https:\/\/www.brmedal.com.br\/?product=negatoscopio-de-metal-dois-corpos","title":{"rendered":"Negatosc\u00f3pio de metal dois Corpos"},"content":{"rendered":"<p class=\"Default\">Painel transl\u00facido na cor branco leitoso;<\/p>\n<p class=\"Default\">Chave seletora de voltagem 127V\/220V;<\/p>\n<p class=\"Default\">Alto brilho e aus\u00eancia das \u00e1reas de sombra;<\/p>\n<p class=\"Default\">N\u00e3o aparece a l\u00e2mpada;<\/p>\n<p class=\"Default\">Design Moderno e Inovador;<\/p>\n<p class=\"Default\">F\u00e1cil instala\u00e7\u00e3o e manuseio;<\/p>\n<p class=\"Default\">Inovador sistema de fixa\u00e7\u00e3o das radiografias;<\/p>\n<p class=\"Default\">Alta luminosidade com baixo consumo energ\u00e9tico;<\/p>\n<p class=\"Default\">Reator eletr\u00f4nico que proporciona maior durabilidade \u00e0 l\u00e2mpada;<\/p>\n<p class=\"Default\">N\u00e3o apresenta risco de oxida\u00e7\u00e3o;<\/p>\n<p class=\"Default\">\n","protected":false},"excerpt":{"rendered":"<p class=\"Default\">Painel transl\u00facido na cor branco leitoso;<\/p>\n<p class=\"Default\">Chave seletora de voltagem 127V\/220V;<\/p>\n<p class=\"Default\">Alto brilho e aus\u00eancia das \u00e1reas de sombra;<\/p>\n","protected":false},"featured_media":3046,"comment_status":"open","ping_status":"closed","template":"","meta":[],"product_brand":[],"product_cat":[546,508,510],"product_tag":[],"class_list":{"0":"post-3048","1":"product","2":"type-product","3":"status-publish","4":"has-post-thumbnail","6":"product_cat-equipamentos-odontologia","7":"product_cat-inicio","8":"product_cat-odontologia","10":"first","11":"onbackorder","12":"shipping-taxable","13":"purchasable","14":"product-type-simple"},"_links":{"self":[{"href":"https:\/\/www.brmedal.com.br\/index.php?rest_route=\/wp\/v2\/product\/3048","targetHints":{"allow":["GET"]}}],"collection":[{"href":"https:\/\/www.brmedal.com.br\/index.php?rest_route=\/wp\/v2\/product"}],"about":[{"href":"https:\/\/www.brmedal.com.br\/index.php?rest_route=\/wp\/v2\/types\/product"}],"replies":[{"embeddable":true,"href":"https:\/\/www.brmedal.com.br\/index.php?rest_route=%2Fwp%2Fv2%2Fcomments&post=3048"}],"wp:featuredmedia":[{"embeddable":true,"href":"https:\/\/www.brmedal.com.br\/index.php?rest_route=\/wp\/v2\/media\/3046"}],"wp:attachment":[{"href":"https:\/\/www.brmedal.com.br\/index.php?rest_route=%2Fwp%2Fv2%2Fmedia&parent=3048"}],"wp:term":[{"taxonomy":"product_brand","embeddable":true,"href":"https:\/\/www.brmedal.com.br\/index.php?rest_route=%2Fwp%2Fv2%2Fproduct_brand&post=3048"},{"taxonomy":"product_cat","embeddable":true,"href":"https:\/\/www.brmedal.com.br\/index.php?rest_route=%2Fwp%2Fv2%2Fproduct_cat&post=3048"},{"taxonomy":"product_tag","embeddable":true,"href":"https:\/\/www.brmedal.com.br\/index.php?rest_route=%2Fwp%2Fv2%2Fproduct_tag&post=3048"}],"curies":[{"name":"wp","href":"https:\/\/api.w.org\/{rel}","templated":true}]}}