{"id":3063,"date":"2018-06-18T10:07:22","date_gmt":"2018-06-18T13:07:22","guid":{"rendered":"https:\/\/www.brmedal.com.br\/product\/negatoscopio-endodontico\/"},"modified":"2022-11-08T22:53:27","modified_gmt":"2022-11-09T01:53:27","slug":"negatoscopio-endodontico","status":"publish","type":"product","link":"https:\/\/www.brmedal.com.br\/?product=negatoscopio-endodontico","title":{"rendered":"Negatosc\u00f3pio Endod\u00f4ntico"},"content":{"rendered":"<p>Design moderno e inovador, com aproximadamente 40% a menos de espessura que os convencionais, proporcionando comodidade e beleza;<\/p>\n<p>In\u00e9dito sistema de fixa\u00e7\u00e3o das radiografias por im\u00e3;<\/p>\n<p>Leve, pr\u00e1tico e de f\u00e1cil manuseio e higieniza\u00e7\u00e3o;<\/p>\n<p>Permite tr\u00eas posi\u00e7\u00f5es de trabalho (parede, mesa ou inclinado);<\/p>\n<p>Possui chave seletora de voltagem. (Bivolt \u2013 127 V\/220 V);<\/p>\n<p>Possui alta luminosidade sem \u00e1rea de sombra;<\/p>\n<p>Utiliza reator eletr\u00f4nico o que proporciona maior durabilidade, economia de energia e acendimento instant\u00e2neo das l\u00e2mpadas, al\u00e9m de n\u00e3o gerar ru\u00eddos nem aquecimento;<\/p>\n<p>O visor possui a superf\u00edcie totalmente plana para facilitar a tra\u00e7agem com r\u00e9gua;<\/p>\n<p>N\u00e3o existe risco de choque el\u00e9trico para o usu\u00e1rio;<\/p>\n","protected":false},"excerpt":{"rendered":"<p>In\u00e9dito sistema de fixa\u00e7\u00e3o das radiografias por im\u00e3;<\/p>\n<p>Leve, pr\u00e1tico e de f\u00e1cil manuseio e higieniza\u00e7\u00e3o<\/p>\n","protected":false},"featured_media":3062,"comment_status":"open","ping_status":"closed","template":"","meta":[],"product_brand":[],"product_cat":[546,510],"product_tag":[],"class_list":{"0":"post-3063","1":"product","2":"type-product","3":"status-publish","4":"has-post-thumbnail","6":"product_cat-equipamentos-odontologia","7":"product_cat-odontologia","9":"first","10":"onbackorder","11":"shipping-taxable","12":"purchasable","13":"product-type-simple"},"_links":{"self":[{"href":"https:\/\/www.brmedal.com.br\/index.php?rest_route=\/wp\/v2\/product\/3063","targetHints":{"allow":["GET"]}}],"collection":[{"href":"https:\/\/www.brmedal.com.br\/index.php?rest_route=\/wp\/v2\/product"}],"about":[{"href":"https:\/\/www.brmedal.com.br\/index.php?rest_route=\/wp\/v2\/types\/product"}],"replies":[{"embeddable":true,"href":"https:\/\/www.brmedal.com.br\/index.php?rest_route=%2Fwp%2Fv2%2Fcomments&post=3063"}],"wp:featuredmedia":[{"embeddable":true,"href":"https:\/\/www.brmedal.com.br\/index.php?rest_route=\/wp\/v2\/media\/3062"}],"wp:attachment":[{"href":"https:\/\/www.brmedal.com.br\/index.php?rest_route=%2Fwp%2Fv2%2Fmedia&parent=3063"}],"wp:term":[{"taxonomy":"product_brand","embeddable":true,"href":"https:\/\/www.brmedal.com.br\/index.php?rest_route=%2Fwp%2Fv2%2Fproduct_brand&post=3063"},{"taxonomy":"product_cat","embeddable":true,"href":"https:\/\/www.brmedal.com.br\/index.php?rest_route=%2Fwp%2Fv2%2Fproduct_cat&post=3063"},{"taxonomy":"product_tag","embeddable":true,"href":"https:\/\/www.brmedal.com.br\/index.php?rest_route=%2Fwp%2Fv2%2Fproduct_tag&post=3063"}],"curies":[{"name":"wp","href":"https:\/\/api.w.org\/{rel}","templated":true}]}}