{"id":3068,"date":"2018-06-18T10:15:22","date_gmt":"2018-06-18T13:15:22","guid":{"rendered":"https:\/\/www.brmedal.com.br\/product\/negatoscopio-panoramico-negato-slim\/"},"modified":"2022-11-08T22:50:41","modified_gmt":"2022-11-09T01:50:41","slug":"negatoscopio-panoramico-negato-slim","status":"publish","type":"product","link":"https:\/\/www.brmedal.com.br\/?product=negatoscopio-panoramico-negato-slim","title":{"rendered":"Negatosc\u00f3pio Panor\u00e2mico &#8211; Negato Slim"},"content":{"rendered":"<p>In\u00e9dito sistema de fixa\u00e7\u00e3o das radiografias por im\u00e3;<\/p>\n<p>Design moderno e inovador, com aproximadamente 45% a menos de espessura que os convencionais, proporcionando comodidade e beleza;<\/p>\n<p>Leve, pr\u00e1tico e de f\u00e1cil manuseio e higieniza\u00e7\u00e3o;<\/p>\n<p>Permite tr\u00eas posi\u00e7\u00f5es de trabalho (parede, mesa ou inclinado);<\/p>\n<p>Possui chave seletora de voltagem. (Bivolt \u2013 127 V\/220 V);<\/p>\n<p>L\u00e2mpada fluorescente que proporciona luz branca e homog\u00eanea em toda a superf\u00edcie do visor;<\/p>\n<p>Possui alta luminosidade sem \u00e1rea de sombra;<\/p>\n<p>Utiliza reator eletr\u00f4nico o que proporciona maior durabilidade, economia de energia e acendimento instant\u00e2neo das l\u00e2mpadas, al\u00e9m de n\u00e3o gerar ru\u00eddos nem aquecimento;<\/p>\n<p>O visor possui a superf\u00edcie totalmente plana para facilitar a tra\u00e7agem com r\u00e9gua;<\/p>\n","protected":false},"excerpt":{"rendered":"<p>In\u00e9dito sistema de fixa\u00e7\u00e3o das radiografias por im\u00e3;<\/p>\n<p>Design moderno e inovador, com aproximadamente 45% a menos de espessura que os convencionais, proporcionando comodidade e beleza<\/p>\n","protected":false},"featured_media":3067,"comment_status":"open","ping_status":"closed","template":"","meta":[],"product_brand":[],"product_cat":[546,508,510],"product_tag":[],"class_list":{"0":"post-3068","1":"product","2":"type-product","3":"status-publish","4":"has-post-thumbnail","6":"product_cat-equipamentos-odontologia","7":"product_cat-inicio","8":"product_cat-odontologia","10":"first","11":"onbackorder","12":"shipping-taxable","13":"purchasable","14":"product-type-simple"},"_links":{"self":[{"href":"https:\/\/www.brmedal.com.br\/index.php?rest_route=\/wp\/v2\/product\/3068","targetHints":{"allow":["GET"]}}],"collection":[{"href":"https:\/\/www.brmedal.com.br\/index.php?rest_route=\/wp\/v2\/product"}],"about":[{"href":"https:\/\/www.brmedal.com.br\/index.php?rest_route=\/wp\/v2\/types\/product"}],"replies":[{"embeddable":true,"href":"https:\/\/www.brmedal.com.br\/index.php?rest_route=%2Fwp%2Fv2%2Fcomments&post=3068"}],"wp:featuredmedia":[{"embeddable":true,"href":"https:\/\/www.brmedal.com.br\/index.php?rest_route=\/wp\/v2\/media\/3067"}],"wp:attachment":[{"href":"https:\/\/www.brmedal.com.br\/index.php?rest_route=%2Fwp%2Fv2%2Fmedia&parent=3068"}],"wp:term":[{"taxonomy":"product_brand","embeddable":true,"href":"https:\/\/www.brmedal.com.br\/index.php?rest_route=%2Fwp%2Fv2%2Fproduct_brand&post=3068"},{"taxonomy":"product_cat","embeddable":true,"href":"https:\/\/www.brmedal.com.br\/index.php?rest_route=%2Fwp%2Fv2%2Fproduct_cat&post=3068"},{"taxonomy":"product_tag","embeddable":true,"href":"https:\/\/www.brmedal.com.br\/index.php?rest_route=%2Fwp%2Fv2%2Fproduct_tag&post=3068"}],"curies":[{"name":"wp","href":"https:\/\/api.w.org\/{rel}","templated":true}]}}