{"id":3072,"date":"2018-06-18T10:21:53","date_gmt":"2018-06-18T13:21:53","guid":{"rendered":"https:\/\/www.brmedal.com.br\/product\/plastificadora-com-vacuo-automatico\/"},"modified":"2022-11-08T22:45:15","modified_gmt":"2022-11-09T01:45:15","slug":"plastificadora-com-vacuo-automatico","status":"publish","type":"product","link":"https:\/\/www.brmedal.com.br\/?product=plastificadora-com-vacuo-automatico","title":{"rendered":"Plastificadora com V\u00e1cuo Autom\u00e1tico"},"content":{"rendered":"<p>Funcionamento automatizado no aquecimento da resist\u00eancia e no acionamento do motor de v\u00e1cuo.<\/p>\n<p>Adapta-se a placas quadradas e redondas de todas as espessuras e fabricantes;<\/p>\n<p>Partes expostas a temperatura ou press\u00e3o em alum\u00ednio com pintura eletrost\u00e1tica;<\/p>\n<p>Port\u00e1til, silenciosa, robusta e com design moderno e inovador;<\/p>\n<p>Dispensa qualquer tipo de instala\u00e7\u00e3o ou conex\u00f5es externas;<\/p>\n<p>&nbsp;<\/p>\n","protected":false},"excerpt":{"rendered":"<p>Funcionamento automatizado no aquecimento da resist\u00eancia e no acionamento do motor de v\u00e1cuo.<\/p>\n<p>Adapta-se a placas quadradas e redondas de todas as espessuras e fabricantes<\/p>\n","protected":false},"featured_media":3071,"comment_status":"open","ping_status":"closed","template":"","meta":[],"product_brand":[],"product_cat":[546,508,510],"product_tag":[],"class_list":{"0":"post-3072","1":"product","2":"type-product","3":"status-publish","4":"has-post-thumbnail","6":"product_cat-equipamentos-odontologia","7":"product_cat-inicio","8":"product_cat-odontologia","10":"first","11":"onbackorder","12":"shipping-taxable","13":"purchasable","14":"product-type-simple"},"_links":{"self":[{"href":"https:\/\/www.brmedal.com.br\/index.php?rest_route=\/wp\/v2\/product\/3072","targetHints":{"allow":["GET"]}}],"collection":[{"href":"https:\/\/www.brmedal.com.br\/index.php?rest_route=\/wp\/v2\/product"}],"about":[{"href":"https:\/\/www.brmedal.com.br\/index.php?rest_route=\/wp\/v2\/types\/product"}],"replies":[{"embeddable":true,"href":"https:\/\/www.brmedal.com.br\/index.php?rest_route=%2Fwp%2Fv2%2Fcomments&post=3072"}],"wp:featuredmedia":[{"embeddable":true,"href":"https:\/\/www.brmedal.com.br\/index.php?rest_route=\/wp\/v2\/media\/3071"}],"wp:attachment":[{"href":"https:\/\/www.brmedal.com.br\/index.php?rest_route=%2Fwp%2Fv2%2Fmedia&parent=3072"}],"wp:term":[{"taxonomy":"product_brand","embeddable":true,"href":"https:\/\/www.brmedal.com.br\/index.php?rest_route=%2Fwp%2Fv2%2Fproduct_brand&post=3072"},{"taxonomy":"product_cat","embeddable":true,"href":"https:\/\/www.brmedal.com.br\/index.php?rest_route=%2Fwp%2Fv2%2Fproduct_cat&post=3072"},{"taxonomy":"product_tag","embeddable":true,"href":"https:\/\/www.brmedal.com.br\/index.php?rest_route=%2Fwp%2Fv2%2Fproduct_tag&post=3072"}],"curies":[{"name":"wp","href":"https:\/\/api.w.org\/{rel}","templated":true}]}}