{"id":3077,"date":"2018-06-18T10:24:58","date_gmt":"2018-06-18T13:24:58","guid":{"rendered":"https:\/\/www.brmedal.com.br\/product\/seladora-selabem\/"},"modified":"2022-11-08T22:39:19","modified_gmt":"2022-11-09T01:39:19","slug":"seladora-selabem","status":"publish","type":"product","link":"https:\/\/www.brmedal.com.br\/?product=seladora-selabem","title":{"rendered":"Seladora Selabem"},"content":{"rendered":"<p>Design moderno e inovador com al\u00e7a de apoio para selagem com prote\u00e7\u00e3o t\u00e9rmica que evita acidentes;<\/p>\n<p>Depois de aquecida, o selamento \u00e9 feito em 3 segundos;<\/p>\n<p>Chassi met\u00e1lico de a\u00e7o com tratamento anticorrosivo e pintura ep\u00f3xi eletrost\u00e1tica conferindo seguran\u00e7a, qualidade e durabilidade ao produto;<\/p>\n<p>\u00c1rea de selagem em a\u00e7o inoxid\u00e1vel;<\/p>\n<p>Aquecimento uniforme em toda a \u00e1rea de selagem;<\/p>\n<p>25cm por 10mm, cont\u00ednuos, de \u00e1rea livre para selagem;<\/p>\n<p>Acionamento atrav\u00e9s de chave liga\/desliga com ilumina\u00e7\u00e3o;<\/p>\n<p>N\u00e3o necessita manuten\u00e7\u00f5es;<\/p>\n","protected":false},"excerpt":{"rendered":"<p>Aquecimento uniforme em toda a \u00e1rea de selagem;<\/p>\n<p>25cm por 10mm, cont\u00ednuos, de \u00e1rea livre para selagem<\/p>\n","protected":false},"featured_media":3074,"comment_status":"open","ping_status":"closed","template":"","meta":[],"product_brand":[],"product_cat":[546,508,510],"product_tag":[],"class_list":{"0":"post-3077","1":"product","2":"type-product","3":"status-publish","4":"has-post-thumbnail","6":"product_cat-equipamentos-odontologia","7":"product_cat-inicio","8":"product_cat-odontologia","10":"first","11":"onbackorder","12":"shipping-taxable","13":"purchasable","14":"product-type-simple"},"_links":{"self":[{"href":"https:\/\/www.brmedal.com.br\/index.php?rest_route=\/wp\/v2\/product\/3077","targetHints":{"allow":["GET"]}}],"collection":[{"href":"https:\/\/www.brmedal.com.br\/index.php?rest_route=\/wp\/v2\/product"}],"about":[{"href":"https:\/\/www.brmedal.com.br\/index.php?rest_route=\/wp\/v2\/types\/product"}],"replies":[{"embeddable":true,"href":"https:\/\/www.brmedal.com.br\/index.php?rest_route=%2Fwp%2Fv2%2Fcomments&post=3077"}],"wp:featuredmedia":[{"embeddable":true,"href":"https:\/\/www.brmedal.com.br\/index.php?rest_route=\/wp\/v2\/media\/3074"}],"wp:attachment":[{"href":"https:\/\/www.brmedal.com.br\/index.php?rest_route=%2Fwp%2Fv2%2Fmedia&parent=3077"}],"wp:term":[{"taxonomy":"product_brand","embeddable":true,"href":"https:\/\/www.brmedal.com.br\/index.php?rest_route=%2Fwp%2Fv2%2Fproduct_brand&post=3077"},{"taxonomy":"product_cat","embeddable":true,"href":"https:\/\/www.brmedal.com.br\/index.php?rest_route=%2Fwp%2Fv2%2Fproduct_cat&post=3077"},{"taxonomy":"product_tag","embeddable":true,"href":"https:\/\/www.brmedal.com.br\/index.php?rest_route=%2Fwp%2Fv2%2Fproduct_tag&post=3077"}],"curies":[{"name":"wp","href":"https:\/\/api.w.org\/{rel}","templated":true}]}}