{"id":3086,"date":"2018-06-18T10:27:43","date_gmt":"2018-06-18T13:27:43","guid":{"rendered":"https:\/\/www.brmedal.com.br\/product\/seladora-selabem-4\/"},"modified":"2022-11-08T22:37:41","modified_gmt":"2022-11-09T01:37:41","slug":"seladora-selabem-4","status":"publish","type":"product","link":"https:\/\/www.brmedal.com.br\/?product=seladora-selabem-4","title":{"rendered":"Seladora Selabem com Guilhotina"},"content":{"rendered":"<p>Design moderno e inovador com al\u00e7a de press\u00e3o para selagem com prote\u00e7\u00e3o t\u00e9rmica que evita acidentes.<\/p>\n<p>Depois de aquecida, selamento instant\u00e2neo em apenas 3 segundos.<\/p>\n<p>Possui guilhotina para corte.<\/p>\n<p>Chassi met\u00e1lico de a\u00e7o com tratamento anticorrosivo e pintura ep\u00f3xi eletrost\u00e1tica conferindo seguran\u00e7a, qualidade e durabilidade ao produto.<\/p>\n<p>\u00c1rea de selagem em a\u00e7o inoxid\u00e1vel;<\/p>\n<p>Aquecimento uniforme em toda a \u00e1rea de selagem;<\/p>\n<p>Selagem com 30 cm por 12 mm;<\/p>\n<p>Acionamento atrav\u00e9s de chave liga\/desliga;<\/p>\n<p>Aquecimento uniforme em toda \u00e1rea de selagem.<\/p>\n<p>&nbsp;<\/p>\n","protected":false},"excerpt":{"rendered":"<p>Aquecimento uniforme em toda a \u00e1rea de selagem;<\/p>\n<p>Selagem com 30 cm por 12 mm<\/p>\n","protected":false},"featured_media":3080,"comment_status":"open","ping_status":"closed","template":"","meta":[],"product_brand":[],"product_cat":[546,508,510],"product_tag":[],"class_list":{"0":"post-3086","1":"product","2":"type-product","3":"status-publish","4":"has-post-thumbnail","6":"product_cat-equipamentos-odontologia","7":"product_cat-inicio","8":"product_cat-odontologia","10":"first","11":"onbackorder","12":"shipping-taxable","13":"purchasable","14":"product-type-simple"},"_links":{"self":[{"href":"https:\/\/www.brmedal.com.br\/index.php?rest_route=\/wp\/v2\/product\/3086","targetHints":{"allow":["GET"]}}],"collection":[{"href":"https:\/\/www.brmedal.com.br\/index.php?rest_route=\/wp\/v2\/product"}],"about":[{"href":"https:\/\/www.brmedal.com.br\/index.php?rest_route=\/wp\/v2\/types\/product"}],"replies":[{"embeddable":true,"href":"https:\/\/www.brmedal.com.br\/index.php?rest_route=%2Fwp%2Fv2%2Fcomments&post=3086"}],"wp:featuredmedia":[{"embeddable":true,"href":"https:\/\/www.brmedal.com.br\/index.php?rest_route=\/wp\/v2\/media\/3080"}],"wp:attachment":[{"href":"https:\/\/www.brmedal.com.br\/index.php?rest_route=%2Fwp%2Fv2%2Fmedia&parent=3086"}],"wp:term":[{"taxonomy":"product_brand","embeddable":true,"href":"https:\/\/www.brmedal.com.br\/index.php?rest_route=%2Fwp%2Fv2%2Fproduct_brand&post=3086"},{"taxonomy":"product_cat","embeddable":true,"href":"https:\/\/www.brmedal.com.br\/index.php?rest_route=%2Fwp%2Fv2%2Fproduct_cat&post=3086"},{"taxonomy":"product_tag","embeddable":true,"href":"https:\/\/www.brmedal.com.br\/index.php?rest_route=%2Fwp%2Fv2%2Fproduct_tag&post=3086"}],"curies":[{"name":"wp","href":"https:\/\/api.w.org\/{rel}","templated":true}]}}