{"id":3093,"date":"2018-06-18T10:30:05","date_gmt":"2018-06-18T13:30:05","guid":{"rendered":"https:\/\/www.brmedal.com.br\/product\/seladora-selabem-10\/"},"modified":"2022-11-08T22:35:08","modified_gmt":"2022-11-09T01:35:08","slug":"seladora-selabem-10","status":"publish","type":"product","link":"https:\/\/www.brmedal.com.br\/?product=seladora-selabem-10","title":{"rendered":"Seladora Selaforte"},"content":{"rendered":"<pre id=\"tw-target-text\" class=\"tw-data-text tw-text-large tw-ta\" dir=\"ltr\" data-placeholder=\"Tradu\u00e7\u00e3o\"><span class=\"Y2IQFc\" lang=\"pt\">Design moderno e inovador com al\u00e7as de apoio para veda\u00e7\u00e3o com prote\u00e7\u00e3o t\u00e9rmica que evita acidentes;\r\nDepois de aquecido, a selagem \u00e9 feita em 3 segundos;\r\nChassi em a\u00e7o met\u00e1lico com tratamento anticorrosivo e pintura eletrost\u00e1tica ep\u00f3xi que confere seguran\u00e7a,\r\nqualidade e durabilidade ao produto;\r\n\u00c1rea de veda\u00e7\u00e3o em a\u00e7o inoxid\u00e1vel;\r\nAquecimento uniforme em toda a \u00e1rea de veda\u00e7\u00e3o; 25 cm por 10 mm, cont\u00ednuo, \u00e1rea livre para veda\u00e7\u00e3o;\r\nAcionamento via chave liga\/desliga com ilumina\u00e7\u00e3o;\r\nN\u00e3o precisa de manuten\u00e7\u00e3o<\/span><\/pre>\n","protected":false},"excerpt":{"rendered":"<p><span class=\"Y2IQFc\" lang=\"pt\">Aquecimento uniforme em toda a \u00e1rea de veda\u00e7\u00e3o; 25 cm por 10 mm, cont\u00ednuo, \u00e1rea livre para veda\u00e7\u00e3o<\/span><\/p>\n","protected":false},"featured_media":3091,"comment_status":"open","ping_status":"closed","template":"","meta":[],"product_brand":[],"product_cat":[546,508,510],"product_tag":[],"class_list":{"0":"post-3093","1":"product","2":"type-product","3":"status-publish","4":"has-post-thumbnail","6":"product_cat-equipamentos-odontologia","7":"product_cat-inicio","8":"product_cat-odontologia","10":"first","11":"onbackorder","12":"shipping-taxable","13":"purchasable","14":"product-type-simple"},"_links":{"self":[{"href":"https:\/\/www.brmedal.com.br\/index.php?rest_route=\/wp\/v2\/product\/3093","targetHints":{"allow":["GET"]}}],"collection":[{"href":"https:\/\/www.brmedal.com.br\/index.php?rest_route=\/wp\/v2\/product"}],"about":[{"href":"https:\/\/www.brmedal.com.br\/index.php?rest_route=\/wp\/v2\/types\/product"}],"replies":[{"embeddable":true,"href":"https:\/\/www.brmedal.com.br\/index.php?rest_route=%2Fwp%2Fv2%2Fcomments&post=3093"}],"wp:featuredmedia":[{"embeddable":true,"href":"https:\/\/www.brmedal.com.br\/index.php?rest_route=\/wp\/v2\/media\/3091"}],"wp:attachment":[{"href":"https:\/\/www.brmedal.com.br\/index.php?rest_route=%2Fwp%2Fv2%2Fmedia&parent=3093"}],"wp:term":[{"taxonomy":"product_brand","embeddable":true,"href":"https:\/\/www.brmedal.com.br\/index.php?rest_route=%2Fwp%2Fv2%2Fproduct_brand&post=3093"},{"taxonomy":"product_cat","embeddable":true,"href":"https:\/\/www.brmedal.com.br\/index.php?rest_route=%2Fwp%2Fv2%2Fproduct_cat&post=3093"},{"taxonomy":"product_tag","embeddable":true,"href":"https:\/\/www.brmedal.com.br\/index.php?rest_route=%2Fwp%2Fv2%2Fproduct_tag&post=3093"}],"curies":[{"name":"wp","href":"https:\/\/api.w.org\/{rel}","templated":true}]}}