{"id":3097,"date":"2018-06-18T10:35:26","date_gmt":"2018-06-18T13:35:26","guid":{"rendered":"https:\/\/www.brmedal.com.br\/product\/vibrador-de-gesso-master\/"},"modified":"2022-11-08T22:07:43","modified_gmt":"2022-11-09T01:07:43","slug":"vibrador-de-gesso-master","status":"publish","type":"product","link":"https:\/\/www.brmedal.com.br\/?product=vibrador-de-gesso-master","title":{"rendered":"Vibrador de Gesso \u2013 Master Biotron"},"content":{"rendered":"<p>Confeccionado em material de f\u00e1cil limpeza, pois o gesso n\u00e3o adere ao equipamento;<\/p>\n<p>Possu\u00ed ventosas para fixa\u00e7\u00e3o, com isso eliminando o excesso de ru\u00eddo e vibra\u00e7\u00e3o, al\u00e9m de oferecer uma melhor fixa\u00e7\u00e3o;<\/p>\n<p>Possu\u00ed n\u00edvel de vibra\u00e7\u00e3o vari\u00e1vel;<\/p>\n<p>Indicador luminoso quando o equipamento estiver ligado;<\/p>\n<p>Bandeja remov\u00edvel, que facilita a limpeza, ap\u00f3s o uso;<\/p>\n<p>Design moderno e inovador;<\/p>\n<p>Baixo custo para pe\u00e7as de reposi\u00e7\u00e3o e manuten\u00e7\u00e3o;<\/p>\n<p>Produto Nacional;<\/p>\n","protected":false},"excerpt":{"rendered":"<p>Confeccionado em material de f\u00e1cil limpeza, pois o gesso n\u00e3o adere ao equipamento; Possu\u00ed ventosas para fixa\u00e7\u00e3o, com isso eliminando o excesso de ru\u00eddo e vibra\u00e7\u00e3o,<span class=\"excerpt-hellip\"> [\u2026]<\/span><\/p>\n","protected":false},"featured_media":3096,"comment_status":"open","ping_status":"closed","template":"","meta":[],"product_brand":[],"product_cat":[546,508,510],"product_tag":[],"class_list":{"0":"post-3097","1":"product","2":"type-product","3":"status-publish","4":"has-post-thumbnail","6":"product_cat-equipamentos-odontologia","7":"product_cat-inicio","8":"product_cat-odontologia","10":"first","11":"onbackorder","12":"shipping-taxable","13":"purchasable","14":"product-type-simple"},"_links":{"self":[{"href":"https:\/\/www.brmedal.com.br\/index.php?rest_route=\/wp\/v2\/product\/3097","targetHints":{"allow":["GET"]}}],"collection":[{"href":"https:\/\/www.brmedal.com.br\/index.php?rest_route=\/wp\/v2\/product"}],"about":[{"href":"https:\/\/www.brmedal.com.br\/index.php?rest_route=\/wp\/v2\/types\/product"}],"replies":[{"embeddable":true,"href":"https:\/\/www.brmedal.com.br\/index.php?rest_route=%2Fwp%2Fv2%2Fcomments&post=3097"}],"wp:featuredmedia":[{"embeddable":true,"href":"https:\/\/www.brmedal.com.br\/index.php?rest_route=\/wp\/v2\/media\/3096"}],"wp:attachment":[{"href":"https:\/\/www.brmedal.com.br\/index.php?rest_route=%2Fwp%2Fv2%2Fmedia&parent=3097"}],"wp:term":[{"taxonomy":"product_brand","embeddable":true,"href":"https:\/\/www.brmedal.com.br\/index.php?rest_route=%2Fwp%2Fv2%2Fproduct_brand&post=3097"},{"taxonomy":"product_cat","embeddable":true,"href":"https:\/\/www.brmedal.com.br\/index.php?rest_route=%2Fwp%2Fv2%2Fproduct_cat&post=3097"},{"taxonomy":"product_tag","embeddable":true,"href":"https:\/\/www.brmedal.com.br\/index.php?rest_route=%2Fwp%2Fv2%2Fproduct_tag&post=3097"}],"curies":[{"name":"wp","href":"https:\/\/api.w.org\/{rel}","templated":true}]}}