{"id":3105,"date":"2018-06-19T09:42:12","date_gmt":"2018-06-19T12:42:12","guid":{"rendered":"https:\/\/www.brmedal.com.br\/product\/kit-de-succao-1\/"},"modified":"2022-11-08T21:54:45","modified_gmt":"2022-11-09T00:54:45","slug":"kit-de-succao-1","status":"publish","type":"product","link":"https:\/\/www.brmedal.com.br\/?product=kit-de-succao-1","title":{"rendered":"Kit de suc\u00e7\u00e3o 1 para cadeira odontol\u00f3gica"},"content":{"rendered":"<p>Suctor em alum\u00ednio anodizado, autoclav\u00e1vel.<\/p>\n<p>Led indicativo de funcionamento.<\/p>\n<p>Pode ser fixado em coluna de refletores, arm\u00e1rios ou paredes.<\/p>\n<p>KIT 1 &#8211; 1 suctor \u00d86mm<\/p>\n","protected":false},"excerpt":{"rendered":"<p>Suctor em alum\u00ednio anodizado, autoclav\u00e1vel.<\/p>\n","protected":false},"featured_media":3100,"comment_status":"open","ping_status":"closed","template":"","meta":[],"product_brand":[],"product_cat":[546,510,566],"product_tag":[],"class_list":{"0":"post-3105","1":"product","2":"type-product","3":"status-publish","4":"has-post-thumbnail","6":"product_cat-equipamentos-odontologia","7":"product_cat-odontologia","8":"product_cat-protese","10":"first","11":"onbackorder","12":"shipping-taxable","13":"purchasable","14":"product-type-simple"},"_links":{"self":[{"href":"https:\/\/www.brmedal.com.br\/index.php?rest_route=\/wp\/v2\/product\/3105","targetHints":{"allow":["GET"]}}],"collection":[{"href":"https:\/\/www.brmedal.com.br\/index.php?rest_route=\/wp\/v2\/product"}],"about":[{"href":"https:\/\/www.brmedal.com.br\/index.php?rest_route=\/wp\/v2\/types\/product"}],"replies":[{"embeddable":true,"href":"https:\/\/www.brmedal.com.br\/index.php?rest_route=%2Fwp%2Fv2%2Fcomments&post=3105"}],"wp:featuredmedia":[{"embeddable":true,"href":"https:\/\/www.brmedal.com.br\/index.php?rest_route=\/wp\/v2\/media\/3100"}],"wp:attachment":[{"href":"https:\/\/www.brmedal.com.br\/index.php?rest_route=%2Fwp%2Fv2%2Fmedia&parent=3105"}],"wp:term":[{"taxonomy":"product_brand","embeddable":true,"href":"https:\/\/www.brmedal.com.br\/index.php?rest_route=%2Fwp%2Fv2%2Fproduct_brand&post=3105"},{"taxonomy":"product_cat","embeddable":true,"href":"https:\/\/www.brmedal.com.br\/index.php?rest_route=%2Fwp%2Fv2%2Fproduct_cat&post=3105"},{"taxonomy":"product_tag","embeddable":true,"href":"https:\/\/www.brmedal.com.br\/index.php?rest_route=%2Fwp%2Fv2%2Fproduct_tag&post=3105"}],"curies":[{"name":"wp","href":"https:\/\/api.w.org\/{rel}","templated":true}]}}