{"id":3118,"date":"2018-06-19T09:47:15","date_gmt":"2018-06-19T12:47:15","guid":{"rendered":"https:\/\/www.brmedal.com.br\/product\/kit-de-succao-1-9\/"},"modified":"2022-11-08T21:39:06","modified_gmt":"2022-11-09T00:39:06","slug":"kit-de-succao-1-9","status":"publish","type":"product","link":"https:\/\/www.brmedal.com.br\/?product=kit-de-succao-1-9","title":{"rendered":"Esp\u00e1tula el\u00e9trica dupla Gotwax"},"content":{"rendered":"<p>Aquecedor el\u00e9trico digital com 2 esp\u00e1tulas que podem ser controladas individualmente, acompanham 6 pontas diferentes, intercambi\u00e1veis.<\/p>\n<p>Tens\u00e3o: 110V\/220V<\/p>\n<p>Temperatura de trabalho: 50 \u00baC a 200 \u00baC<\/p>\n","protected":false},"excerpt":{"rendered":"<p>Aquecedor el\u00e9trico digital com 2 esp\u00e1tulas<\/p>\n","protected":false},"featured_media":3117,"comment_status":"open","ping_status":"closed","template":"","meta":[],"product_brand":[],"product_cat":[546,510,566],"product_tag":[],"class_list":{"0":"post-3118","1":"product","2":"type-product","3":"status-publish","4":"has-post-thumbnail","6":"product_cat-equipamentos-odontologia","7":"product_cat-odontologia","8":"product_cat-protese","10":"first","11":"onbackorder","12":"shipping-taxable","13":"purchasable","14":"product-type-simple"},"_links":{"self":[{"href":"https:\/\/www.brmedal.com.br\/index.php?rest_route=\/wp\/v2\/product\/3118","targetHints":{"allow":["GET"]}}],"collection":[{"href":"https:\/\/www.brmedal.com.br\/index.php?rest_route=\/wp\/v2\/product"}],"about":[{"href":"https:\/\/www.brmedal.com.br\/index.php?rest_route=\/wp\/v2\/types\/product"}],"replies":[{"embeddable":true,"href":"https:\/\/www.brmedal.com.br\/index.php?rest_route=%2Fwp%2Fv2%2Fcomments&post=3118"}],"wp:featuredmedia":[{"embeddable":true,"href":"https:\/\/www.brmedal.com.br\/index.php?rest_route=\/wp\/v2\/media\/3117"}],"wp:attachment":[{"href":"https:\/\/www.brmedal.com.br\/index.php?rest_route=%2Fwp%2Fv2%2Fmedia&parent=3118"}],"wp:term":[{"taxonomy":"product_brand","embeddable":true,"href":"https:\/\/www.brmedal.com.br\/index.php?rest_route=%2Fwp%2Fv2%2Fproduct_brand&post=3118"},{"taxonomy":"product_cat","embeddable":true,"href":"https:\/\/www.brmedal.com.br\/index.php?rest_route=%2Fwp%2Fv2%2Fproduct_cat&post=3118"},{"taxonomy":"product_tag","embeddable":true,"href":"https:\/\/www.brmedal.com.br\/index.php?rest_route=%2Fwp%2Fv2%2Fproduct_tag&post=3118"}],"curies":[{"name":"wp","href":"https:\/\/api.w.org\/{rel}","templated":true}]}}