{"id":3138,"date":"2018-06-19T09:47:52","date_gmt":"2018-06-19T12:47:52","guid":{"rendered":"https:\/\/www.brmedal.com.br\/product\/kit-de-succao-1-25\/"},"modified":"2022-11-08T22:14:45","modified_gmt":"2022-11-09T01:14:45","slug":"kit-de-succao-1-25","status":"publish","type":"product","link":"https:\/\/www.brmedal.com.br\/?product=kit-de-succao-1-25","title":{"rendered":"Vibrador de gesso Vibeplaster"},"content":{"rendered":"<p>Elimina bolhas de ar nos materiais com efeitos vibrat\u00f3rios.<\/p>\n<p>Dois tipos de vibra\u00e7\u00e3o: 3.600 ou 7.200 RPM.<\/p>\n<p>Vibra\u00e7\u00e3o regul\u00e1vel com dimmer rotativo.<\/p>\n<p>Pot\u00eancia: 120W<\/p>\n<p>Tens\u00e3o: 110V ou 220V.<\/p>\n","protected":false},"excerpt":{"rendered":"<p>Elimina bolhas de ar nos materiais com efeitos vibrat\u00f3rios<\/p>\n","protected":false},"featured_media":3131,"comment_status":"open","ping_status":"closed","template":"","meta":[],"product_brand":[],"product_cat":[546,510,566],"product_tag":[],"class_list":{"0":"post-3138","1":"product","2":"type-product","3":"status-publish","4":"has-post-thumbnail","6":"product_cat-equipamentos-odontologia","7":"product_cat-odontologia","8":"product_cat-protese","10":"first","11":"onbackorder","12":"shipping-taxable","13":"purchasable","14":"product-type-simple"},"_links":{"self":[{"href":"https:\/\/www.brmedal.com.br\/index.php?rest_route=\/wp\/v2\/product\/3138","targetHints":{"allow":["GET"]}}],"collection":[{"href":"https:\/\/www.brmedal.com.br\/index.php?rest_route=\/wp\/v2\/product"}],"about":[{"href":"https:\/\/www.brmedal.com.br\/index.php?rest_route=\/wp\/v2\/types\/product"}],"replies":[{"embeddable":true,"href":"https:\/\/www.brmedal.com.br\/index.php?rest_route=%2Fwp%2Fv2%2Fcomments&post=3138"}],"wp:featuredmedia":[{"embeddable":true,"href":"https:\/\/www.brmedal.com.br\/index.php?rest_route=\/wp\/v2\/media\/3131"}],"wp:attachment":[{"href":"https:\/\/www.brmedal.com.br\/index.php?rest_route=%2Fwp%2Fv2%2Fmedia&parent=3138"}],"wp:term":[{"taxonomy":"product_brand","embeddable":true,"href":"https:\/\/www.brmedal.com.br\/index.php?rest_route=%2Fwp%2Fv2%2Fproduct_brand&post=3138"},{"taxonomy":"product_cat","embeddable":true,"href":"https:\/\/www.brmedal.com.br\/index.php?rest_route=%2Fwp%2Fv2%2Fproduct_cat&post=3138"},{"taxonomy":"product_tag","embeddable":true,"href":"https:\/\/www.brmedal.com.br\/index.php?rest_route=%2Fwp%2Fv2%2Fproduct_tag&post=3138"}],"curies":[{"name":"wp","href":"https:\/\/api.w.org\/{rel}","templated":true}]}}