{"id":3144,"date":"2018-06-19T09:48:08","date_gmt":"2018-06-19T12:48:08","guid":{"rendered":"https:\/\/www.brmedal.com.br\/product\/kit-de-succao-1-30\/"},"modified":"2022-11-08T22:13:53","modified_gmt":"2022-11-09T01:13:53","slug":"kit-de-succao-1-30","status":"publish","type":"product","link":"https:\/\/www.brmedal.com.br\/?product=kit-de-succao-1-30","title":{"rendered":"Perfurador de troquel &#8211; Center Drill"},"content":{"rendered":"<p>Laser integrado para perfura\u00e7\u00e3o exata do modelo.<\/p>\n<p>Perfura modelos sem trepida\u00e7\u00e3o, com m\u00e1xima precis\u00e3o.<\/p>\n<p>Acompanha duas brocas: Di\u00e2metros de 1,85mm e 1,95mm.<\/p>\n<p>Rota\u00e7\u00e3o: 15.000 RPM<\/p>\n<p>Pot\u00eancia: 180W<\/p>\n<p>Tens\u00e3o: 110V ou 220V<\/p>\n","protected":false},"excerpt":{"rendered":"<p>Laser integrado para perfura\u00e7\u00e3o exata do modelo.<\/p>\n","protected":false},"featured_media":3142,"comment_status":"open","ping_status":"closed","template":"","meta":[],"product_brand":[],"product_cat":[546,510,566],"product_tag":[],"class_list":{"0":"post-3144","1":"product","2":"type-product","3":"status-publish","4":"has-post-thumbnail","6":"product_cat-equipamentos-odontologia","7":"product_cat-odontologia","8":"product_cat-protese","10":"first","11":"onbackorder","12":"shipping-taxable","13":"purchasable","14":"product-type-simple"},"_links":{"self":[{"href":"https:\/\/www.brmedal.com.br\/index.php?rest_route=\/wp\/v2\/product\/3144","targetHints":{"allow":["GET"]}}],"collection":[{"href":"https:\/\/www.brmedal.com.br\/index.php?rest_route=\/wp\/v2\/product"}],"about":[{"href":"https:\/\/www.brmedal.com.br\/index.php?rest_route=\/wp\/v2\/types\/product"}],"replies":[{"embeddable":true,"href":"https:\/\/www.brmedal.com.br\/index.php?rest_route=%2Fwp%2Fv2%2Fcomments&post=3144"}],"wp:featuredmedia":[{"embeddable":true,"href":"https:\/\/www.brmedal.com.br\/index.php?rest_route=\/wp\/v2\/media\/3142"}],"wp:attachment":[{"href":"https:\/\/www.brmedal.com.br\/index.php?rest_route=%2Fwp%2Fv2%2Fmedia&parent=3144"}],"wp:term":[{"taxonomy":"product_brand","embeddable":true,"href":"https:\/\/www.brmedal.com.br\/index.php?rest_route=%2Fwp%2Fv2%2Fproduct_brand&post=3144"},{"taxonomy":"product_cat","embeddable":true,"href":"https:\/\/www.brmedal.com.br\/index.php?rest_route=%2Fwp%2Fv2%2Fproduct_cat&post=3144"},{"taxonomy":"product_tag","embeddable":true,"href":"https:\/\/www.brmedal.com.br\/index.php?rest_route=%2Fwp%2Fv2%2Fproduct_tag&post=3144"}],"curies":[{"name":"wp","href":"https:\/\/api.w.org\/{rel}","templated":true}]}}