{"id":3148,"date":"2018-06-19T09:48:24","date_gmt":"2018-06-19T12:48:24","guid":{"rendered":"https:\/\/www.brmedal.com.br\/product\/kit-de-succao-1-33\/"},"modified":"2023-10-02T12:13:57","modified_gmt":"2023-10-02T15:13:57","slug":"kit-de-succao-1-33","status":"publish","type":"product","link":"https:\/\/www.brmedal.com.br\/?product=kit-de-succao-1-33","title":{"rendered":"Plastificadora \u00e0 v\u00e1cuo com potenci\u00f4metro Evolution"},"content":{"rendered":"<p>* Possui um sistema de potenci\u00f4metro que permite regulagem para a fun\u00e7\u00e3o estufa para desidratar placas altamente higrosc\u00f3picas que geram microbolhas ao serem aquecidas.<br \/>\n* Alavanca para elevar e baixar porta-placa com apenas uma m\u00e3o.<br \/>\n* Porta-placa que permite utilizar placas quadradas e redondas.<br \/>\n* Resist\u00eancia em cer\u00e2mica com aquecimento r\u00e1pido, eficiente e uniforme.<br \/>\n* Regulagem da temperatura de aquecimento ajust\u00e1vel para cada espessura, modelo e tipo de placa.<br \/>\n* Possui duas op\u00e7\u00f5es para moldagem: planas e rebaixadas.<br \/>\n* Quando acionado o v\u00e1cuo para fazer a moldagem, gera baix\u00edssimo n\u00edvel de ru\u00eddo.<br \/>\n* F\u00e1cil instala\u00e7\u00e3o.<br \/>\n* Possui chave liga\/desliga com luz piloto para indicar que o equipamento est\u00e1 ligado.<br \/>\n* Acionamento autom\u00e1tico do v\u00e1cuo.<br \/>\n* Suporte resist\u00eancia girat\u00f3rio.<br \/>\n* Uma das mais leves do mercado.<br \/>\n* Baixo custo para pe\u00e7as de reposi\u00e7\u00e3o.<br \/>\n* Garantia: 1 ano.<\/p>\n<p><b>Informa\u00e7\u00f5es T\u00e9cnicas<\/b><br \/>\n* Peso l\u00edquido: 3,2 kg.<br \/>\n* Peso bruto: 3,5 kg.<br \/>\n* Dimens\u00f5es: 240mm (comprimento), 300mm (altura).<br \/>\n* 185mm (largura).<\/p>\n<p>&nbsp;<\/p>\n","protected":false},"excerpt":{"rendered":"<p>Fabricadas com rigoroso processo de eletrodeposi\u00e7\u00e3o de diamantes, com centro neutro (sem abrasivo) para facilitar a introdu\u00e7\u00e3o nas superf\u00edcies interproximais dos dentes.<br \/>\n\u00c9 uma tira com abrasivo \u00e0 base de diamante perfeitamente distribu\u00eddo em uma tira com desempenho superior.<\/p>\n<p><strong>Prazo de entrega: 10 dias\u00a0<\/strong><\/p>\n<p><strong>Em at\u00e9 5x sem juros no cart\u00e3o pela Asaas<\/strong><\/p>\n","protected":false},"featured_media":14626,"comment_status":"open","ping_status":"closed","template":"","meta":[],"product_brand":[],"product_cat":[776,546,510,566],"product_tag":[],"class_list":{"0":"post-3148","1":"product","2":"type-product","3":"status-publish","4":"has-post-thumbnail","6":"product_cat-destaque","7":"product_cat-equipamentos-odontologia","8":"product_cat-odontologia","9":"product_cat-protese","11":"first","12":"instock","13":"shipping-taxable","14":"purchasable","15":"product-type-simple"},"_links":{"self":[{"href":"https:\/\/www.brmedal.com.br\/index.php?rest_route=\/wp\/v2\/product\/3148","targetHints":{"allow":["GET"]}}],"collection":[{"href":"https:\/\/www.brmedal.com.br\/index.php?rest_route=\/wp\/v2\/product"}],"about":[{"href":"https:\/\/www.brmedal.com.br\/index.php?rest_route=\/wp\/v2\/types\/product"}],"replies":[{"embeddable":true,"href":"https:\/\/www.brmedal.com.br\/index.php?rest_route=%2Fwp%2Fv2%2Fcomments&post=3148"}],"wp:featuredmedia":[{"embeddable":true,"href":"https:\/\/www.brmedal.com.br\/index.php?rest_route=\/wp\/v2\/media\/14626"}],"wp:attachment":[{"href":"https:\/\/www.brmedal.com.br\/index.php?rest_route=%2Fwp%2Fv2%2Fmedia&parent=3148"}],"wp:term":[{"taxonomy":"product_brand","embeddable":true,"href":"https:\/\/www.brmedal.com.br\/index.php?rest_route=%2Fwp%2Fv2%2Fproduct_brand&post=3148"},{"taxonomy":"product_cat","embeddable":true,"href":"https:\/\/www.brmedal.com.br\/index.php?rest_route=%2Fwp%2Fv2%2Fproduct_cat&post=3148"},{"taxonomy":"product_tag","embeddable":true,"href":"https:\/\/www.brmedal.com.br\/index.php?rest_route=%2Fwp%2Fv2%2Fproduct_tag&post=3148"}],"curies":[{"name":"wp","href":"https:\/\/api.w.org\/{rel}","templated":true}]}}