{"id":3156,"date":"2018-06-19T09:48:39","date_gmt":"2018-06-19T12:48:39","guid":{"rendered":"https:\/\/www.brmedal.com.br\/product\/kit-de-succao-1-38\/"},"modified":"2022-11-08T22:11:08","modified_gmt":"2022-11-09T01:11:08","slug":"kit-de-succao-1-38","status":"publish","type":"product","link":"https:\/\/www.brmedal.com.br\/?product=kit-de-succao-1-38","title":{"rendered":"Politriz de alta rota\u00e7\u00e3o &#8211; Polilap"},"content":{"rendered":"<p>Utilizada para polimento de pe\u00e7as fundidas como Cromo\u00a0e Cobalto. Sistema de embreagem que permite a troca das\u00a0brocas sem desligar o motor. Sistema coletor de p\u00f3 que\u00a0possibilita a utiliza\u00e7\u00e3o de um aspirador acoplado.<\/p>\n<p>Ilumina\u00e7\u00e3o de LED com acionamento independente do motor.<\/p>\n<p>Rota\u00e7\u00e3o: 20.000 RPM<\/p>\n<p>Pot\u00eancia: 500W<\/p>\n<p>Tens\u00e3o: 110V ou 220V<\/p>\n","protected":false},"excerpt":{"rendered":"<p>Utilizada para polimento de pe\u00e7as fundidas como Cromo\u00a0e Cobalto.<\/p>\n","protected":false},"featured_media":3151,"comment_status":"open","ping_status":"closed","template":"","meta":[],"product_brand":[],"product_cat":[546,510,566],"product_tag":[],"class_list":{"0":"post-3156","1":"product","2":"type-product","3":"status-publish","4":"has-post-thumbnail","6":"product_cat-equipamentos-odontologia","7":"product_cat-odontologia","8":"product_cat-protese","10":"first","11":"onbackorder","12":"shipping-taxable","13":"purchasable","14":"product-type-simple"},"_links":{"self":[{"href":"https:\/\/www.brmedal.com.br\/index.php?rest_route=\/wp\/v2\/product\/3156","targetHints":{"allow":["GET"]}}],"collection":[{"href":"https:\/\/www.brmedal.com.br\/index.php?rest_route=\/wp\/v2\/product"}],"about":[{"href":"https:\/\/www.brmedal.com.br\/index.php?rest_route=\/wp\/v2\/types\/product"}],"replies":[{"embeddable":true,"href":"https:\/\/www.brmedal.com.br\/index.php?rest_route=%2Fwp%2Fv2%2Fcomments&post=3156"}],"wp:featuredmedia":[{"embeddable":true,"href":"https:\/\/www.brmedal.com.br\/index.php?rest_route=\/wp\/v2\/media\/3151"}],"wp:attachment":[{"href":"https:\/\/www.brmedal.com.br\/index.php?rest_route=%2Fwp%2Fv2%2Fmedia&parent=3156"}],"wp:term":[{"taxonomy":"product_brand","embeddable":true,"href":"https:\/\/www.brmedal.com.br\/index.php?rest_route=%2Fwp%2Fv2%2Fproduct_brand&post=3156"},{"taxonomy":"product_cat","embeddable":true,"href":"https:\/\/www.brmedal.com.br\/index.php?rest_route=%2Fwp%2Fv2%2Fproduct_cat&post=3156"},{"taxonomy":"product_tag","embeddable":true,"href":"https:\/\/www.brmedal.com.br\/index.php?rest_route=%2Fwp%2Fv2%2Fproduct_tag&post=3156"}],"curies":[{"name":"wp","href":"https:\/\/api.w.org\/{rel}","templated":true}]}}