{"id":3163,"date":"2018-06-21T09:06:22","date_gmt":"2018-06-21T12:06:22","guid":{"rendered":"https:\/\/www.brmedal.com.br\/product\/consultorio-d7oo-3t\/"},"modified":"2022-11-08T22:12:30","modified_gmt":"2022-11-09T01:12:30","slug":"consultorio-d7oo-3t","status":"publish","type":"product","link":"https:\/\/www.brmedal.com.br\/?product=consultorio-d7oo-3t","title":{"rendered":"Cadeira ou consult\u00f3rio odontol\u00f3gica mod. D7OO \u2013 3T"},"content":{"rendered":"<p>\u25ba\u00a0Encosto de cabe\u00e7a biarticulado, facilita o atendimento de<br \/>\ncadeirantes e crian\u00e7as. Macio, anat\u00f4mico, com linhas<br \/>\narredondadas que oferecem mais conforto ao paciente,<br \/>\nprincipalmente em sess\u00f5es longas.<\/p>\n<p>\u25ba\u00a0Encosto parafusado garante maior durabilidade ao\u00a0profissional e mais conforto ao paciente.<\/p>\n<p>\u25ba\u00a0Sugadores Sistema Venturi e Vac Plus.<br \/>\n\u25ba\u00a0Unidade auxiliar acoplada \u00e0 cadeira, com porta-copos, cuba<br \/>\nem cer\u00e2mica, forma arredondada, remov\u00edvel<\/p>\n<p>\u25ba\u00a0O profissional pode optar pelo estofamento Max, que<br \/>\nproporciona mais conforto ao paciente.<\/p>\n<p>\u25ba\u00a0O consult\u00f3rio D700 3T, com equipo dotado de um terminal a<br \/>\nmais, de alta rota\u00e7\u00e3o, e design moderno, que torna o<br \/>\nambiente clean, est\u00e1 dispon\u00edvel nas vers\u00f5es Flex e Cart.<br \/>\n\u25ba\u00a0Bra\u00e7o biarticulado. Proporciona os movimentos horizontal e<br \/>\nvertical, que facilitam o trabalho dos cirurgi\u00f5es-dentistas.<br \/>\n\u25ba\u00a0Consult\u00f3rio ambidestro.<\/p>\n<p>\u25ba\u00a0Aperfei\u00e7oa o trabalho dos cirurgi\u00f5es-dentistas com as fun\u00e7\u00f5es<br \/>\nVZ \/ PT (volta \u00e0 zero \/ posi\u00e7\u00e3o de trabalho)<br \/>\ntotalmente autom\u00e1ticas.<\/p>\n<p>\u25ba\u00a0Facilita o trabalho do profissional com movimentos precisos,<br \/>\ngera menor esfor\u00e7o e maior seguran\u00e7a durante sua<br \/>\nutiliza\u00e7\u00e3o.<\/p>\n<p>\u25ba\u00a0Movimentos sincronizados PT\/VZ (3 posi\u00e7\u00f5es de trabalho\/volta<br \/>\na zero) totalmente autom\u00e1ticos;<br \/>\n\u25ba\u00a0Assento e encosto com movimentos de subida e descida;<br \/>\n\u25ba\u00a0Acendimento do refletor no pedal de comando (uma<br \/>\nintensidade);<br \/>\n\u25ba\u00a0Transformador de 12V para alimenta\u00e7\u00e3o do refletor;<br \/>\n\u25ba\u00a0Rel\u00e9 de partida e fus\u00edvel de prote\u00e7\u00e3o;<\/p>\n<p>&nbsp;<\/p>\n<p>\u25ba\u00a0Estofamento extra macio, com espuma de poliuretano no\u00a0encosto e espuma laminada no assento,\u00a0revestido em PVC &#8211; lav\u00e1vel e sem costura;<br \/>\n\u25ba\u00a0Fus\u00edvel de prote\u00e7\u00e3o do circuito: 5A.<\/p>\n<p>\u25ba\u00a0Acoplado, com bra\u00e7o curvo fixado na parte inferior da cadeira;<br \/>\n\u25ba\u00a0Bra\u00e7o pneum\u00e1tico, que facilita o trabalho do profissional com<br \/>\nmovimentos precisos geram menos esfor\u00e7o e maior seguran\u00e7a<br \/>\ndurante sua utiliza\u00e7\u00e3o;<br \/>\n\u25ba\u00a0Linhas arredondadas;<br \/>\n\u25ba\u00a0Sistema de travamento manual;<br \/>\n\u25ba\u00a0Sele\u00e7\u00e3o autom\u00e1tica das pontas, controlada por um bloco de<br \/>\nacionamento pneum\u00e1tico (sistema BAP);<br \/>\n\u25ba\u00a0Seringa tr\u00edplice;<br \/>\n\u25ba\u00a0Mangueiras lisas, leves e flex\u00edveis;<\/p>\n<p>&nbsp;<\/p>\n<p><strong>\u00a0<\/strong><\/p>\n","protected":false},"excerpt":{"rendered":"<p>Consult\u00f3rio s\u00f3lido e ergon\u00f4mico, funcional e confort\u00e1vel.<\/p>\n","protected":false},"featured_media":3158,"comment_status":"open","ping_status":"closed","template":"","meta":[],"product_brand":[],"product_cat":[538,510],"product_tag":[],"class_list":{"0":"post-3163","1":"product","2":"type-product","3":"status-publish","4":"has-post-thumbnail","6":"product_cat-consultorios","7":"product_cat-odontologia","9":"first","10":"onbackorder","11":"shipping-taxable","12":"purchasable","13":"product-type-simple"},"_links":{"self":[{"href":"https:\/\/www.brmedal.com.br\/index.php?rest_route=\/wp\/v2\/product\/3163","targetHints":{"allow":["GET"]}}],"collection":[{"href":"https:\/\/www.brmedal.com.br\/index.php?rest_route=\/wp\/v2\/product"}],"about":[{"href":"https:\/\/www.brmedal.com.br\/index.php?rest_route=\/wp\/v2\/types\/product"}],"replies":[{"embeddable":true,"href":"https:\/\/www.brmedal.com.br\/index.php?rest_route=%2Fwp%2Fv2%2Fcomments&post=3163"}],"wp:featuredmedia":[{"embeddable":true,"href":"https:\/\/www.brmedal.com.br\/index.php?rest_route=\/wp\/v2\/media\/3158"}],"wp:attachment":[{"href":"https:\/\/www.brmedal.com.br\/index.php?rest_route=%2Fwp%2Fv2%2Fmedia&parent=3163"}],"wp:term":[{"taxonomy":"product_brand","embeddable":true,"href":"https:\/\/www.brmedal.com.br\/index.php?rest_route=%2Fwp%2Fv2%2Fproduct_brand&post=3163"},{"taxonomy":"product_cat","embeddable":true,"href":"https:\/\/www.brmedal.com.br\/index.php?rest_route=%2Fwp%2Fv2%2Fproduct_cat&post=3163"},{"taxonomy":"product_tag","embeddable":true,"href":"https:\/\/www.brmedal.com.br\/index.php?rest_route=%2Fwp%2Fv2%2Fproduct_tag&post=3163"}],"curies":[{"name":"wp","href":"https:\/\/api.w.org\/{rel}","templated":true}]}}