{"id":3179,"date":"2018-06-21T13:04:25","date_gmt":"2018-06-21T16:04:25","guid":{"rendered":"https:\/\/www.brmedal.com.br\/product\/armario-superior-suspenso\/"},"modified":"2022-11-08T19:23:42","modified_gmt":"2022-11-08T22:23:42","slug":"armario-superior-suspenso","status":"publish","type":"product","link":"https:\/\/www.brmedal.com.br\/?product=armario-superior-suspenso","title":{"rendered":"Arm\u00e1rio Superior Suspenso"},"content":{"rendered":"<p>Gaveteiros, prateleiras, tampos, front\u00f5es e m\u00f3dulos em geral s\u00e3o confeccionados em MDF, revestidos em f\u00f3rmicas.<\/p>\n","protected":false},"excerpt":{"rendered":"<p>Gaveteiros, prateleiras, tampos, front\u00f5es e m\u00f3dulos em geral s\u00e3o confeccionados em MDF, revestidos em f\u00f3rmicas.<\/p>\n","protected":false},"featured_media":3176,"comment_status":"open","ping_status":"closed","template":"","meta":[],"product_brand":[],"product_cat":[538,556,510],"product_tag":[],"class_list":{"0":"post-3179","1":"product","2":"type-product","3":"status-publish","4":"has-post-thumbnail","6":"product_cat-consultorios","7":"product_cat-mobiliario-odontologia","8":"product_cat-odontologia","10":"first","11":"onbackorder","12":"shipping-taxable","13":"purchasable","14":"product-type-simple"},"_links":{"self":[{"href":"https:\/\/www.brmedal.com.br\/index.php?rest_route=\/wp\/v2\/product\/3179","targetHints":{"allow":["GET"]}}],"collection":[{"href":"https:\/\/www.brmedal.com.br\/index.php?rest_route=\/wp\/v2\/product"}],"about":[{"href":"https:\/\/www.brmedal.com.br\/index.php?rest_route=\/wp\/v2\/types\/product"}],"replies":[{"embeddable":true,"href":"https:\/\/www.brmedal.com.br\/index.php?rest_route=%2Fwp%2Fv2%2Fcomments&post=3179"}],"wp:featuredmedia":[{"embeddable":true,"href":"https:\/\/www.brmedal.com.br\/index.php?rest_route=\/wp\/v2\/media\/3176"}],"wp:attachment":[{"href":"https:\/\/www.brmedal.com.br\/index.php?rest_route=%2Fwp%2Fv2%2Fmedia&parent=3179"}],"wp:term":[{"taxonomy":"product_brand","embeddable":true,"href":"https:\/\/www.brmedal.com.br\/index.php?rest_route=%2Fwp%2Fv2%2Fproduct_brand&post=3179"},{"taxonomy":"product_cat","embeddable":true,"href":"https:\/\/www.brmedal.com.br\/index.php?rest_route=%2Fwp%2Fv2%2Fproduct_cat&post=3179"},{"taxonomy":"product_tag","embeddable":true,"href":"https:\/\/www.brmedal.com.br\/index.php?rest_route=%2Fwp%2Fv2%2Fproduct_tag&post=3179"}],"curies":[{"name":"wp","href":"https:\/\/api.w.org\/{rel}","templated":true}]}}