{"id":3187,"date":"2018-06-21T13:07:08","date_gmt":"2018-06-21T16:07:08","guid":{"rendered":"https:\/\/www.brmedal.com.br\/product\/mesa-auxiliar-odontologica\/"},"modified":"2022-11-08T19:21:54","modified_gmt":"2022-11-08T22:21:54","slug":"mesa-auxiliar-odontologica","status":"publish","type":"product","link":"https:\/\/www.brmedal.com.br\/?product=mesa-auxiliar-odontologica","title":{"rendered":"Mesa Auxiliar Odontol\u00f3gica"},"content":{"rendered":"<p>Os m\u00f3dulos de pia e todas as bases dos m\u00f3veis s\u00e3o confeccionados em compensado naval revestidos em f\u00f3rmica.<\/p>\n","protected":false},"excerpt":{"rendered":"<p>Os m\u00f3dulos de pia e todas as bases dos m\u00f3veis s\u00e3o confeccionados em compensado naval revestidos em f\u00f3rmica.<\/p>\n","protected":false},"featured_media":3182,"comment_status":"open","ping_status":"closed","template":"","meta":[],"product_brand":[],"product_cat":[538,508,556,510],"product_tag":[],"class_list":{"0":"post-3187","1":"product","2":"type-product","3":"status-publish","4":"has-post-thumbnail","6":"product_cat-consultorios","7":"product_cat-inicio","8":"product_cat-mobiliario-odontologia","9":"product_cat-odontologia","11":"first","12":"onbackorder","13":"shipping-taxable","14":"purchasable","15":"product-type-simple"},"_links":{"self":[{"href":"https:\/\/www.brmedal.com.br\/index.php?rest_route=\/wp\/v2\/product\/3187","targetHints":{"allow":["GET"]}}],"collection":[{"href":"https:\/\/www.brmedal.com.br\/index.php?rest_route=\/wp\/v2\/product"}],"about":[{"href":"https:\/\/www.brmedal.com.br\/index.php?rest_route=\/wp\/v2\/types\/product"}],"replies":[{"embeddable":true,"href":"https:\/\/www.brmedal.com.br\/index.php?rest_route=%2Fwp%2Fv2%2Fcomments&post=3187"}],"wp:featuredmedia":[{"embeddable":true,"href":"https:\/\/www.brmedal.com.br\/index.php?rest_route=\/wp\/v2\/media\/3182"}],"wp:attachment":[{"href":"https:\/\/www.brmedal.com.br\/index.php?rest_route=%2Fwp%2Fv2%2Fmedia&parent=3187"}],"wp:term":[{"taxonomy":"product_brand","embeddable":true,"href":"https:\/\/www.brmedal.com.br\/index.php?rest_route=%2Fwp%2Fv2%2Fproduct_brand&post=3187"},{"taxonomy":"product_cat","embeddable":true,"href":"https:\/\/www.brmedal.com.br\/index.php?rest_route=%2Fwp%2Fv2%2Fproduct_cat&post=3187"},{"taxonomy":"product_tag","embeddable":true,"href":"https:\/\/www.brmedal.com.br\/index.php?rest_route=%2Fwp%2Fv2%2Fproduct_tag&post=3187"}],"curies":[{"name":"wp","href":"https:\/\/api.w.org\/{rel}","templated":true}]}}