{"id":3200,"date":"2018-06-21T13:21:34","date_gmt":"2018-06-21T16:21:34","guid":{"rendered":"https:\/\/www.brmedal.com.br\/product\/gaveteiro-clinico-com-rodizios-e-6-gavetas\/"},"modified":"2022-11-08T19:15:42","modified_gmt":"2022-11-08T22:15:42","slug":"gaveteiro-clinico-com-rodizios-e-6-gavetas","status":"publish","type":"product","link":"https:\/\/www.brmedal.com.br\/?product=gaveteiro-clinico-com-rodizios-e-6-gavetas","title":{"rendered":"Gaveteiro Cl\u00ednico com Rod\u00edzios e 6 Gavetas"},"content":{"rendered":"<p>Gaveteiros, prateleiras, tampos, front\u00f5es e m\u00f3dulos em geral s\u00e3o confeccionados em MDF, revestidos em f\u00f3rmicas.<\/p>\n<p>Gavetas fabricadas em madeira com revestimento ou em poliestinero (A.B.S). Conforto, est\u00e9tica e grande durabilidade.<\/p>\n<p>As corredi\u00e7as que comp\u00f5em os gaveteiros HAYD\u00c9 s\u00e3o fabricadas com a tecnologia mais avan\u00e7ada do mundo. Com estrututa em ferro, pintura em ep\u00f3xi branco, com rolamentos atu-dezlizantes 450m\/m de fixa\u00e7\u00e3o da base, proporcionando precis\u00e3o, melhor deslizamento, leveza e suavudade nos movimentos, mantendo uma excelente e constante performance, independente do peso.<\/p>\n<p>&nbsp;<\/p>\n","protected":false},"excerpt":{"rendered":"<p>Gaveteiros, prateleiras, tampos, front\u00f5es e m\u00f3dulos em geral s\u00e3o confeccionados em MDF<\/p>\n","protected":false},"featured_media":3197,"comment_status":"open","ping_status":"closed","template":"","meta":[],"product_brand":[],"product_cat":[538,556,510],"product_tag":[],"class_list":{"0":"post-3200","1":"product","2":"type-product","3":"status-publish","4":"has-post-thumbnail","6":"product_cat-consultorios","7":"product_cat-mobiliario-odontologia","8":"product_cat-odontologia","10":"first","11":"onbackorder","12":"shipping-taxable","13":"purchasable","14":"product-type-simple"},"_links":{"self":[{"href":"https:\/\/www.brmedal.com.br\/index.php?rest_route=\/wp\/v2\/product\/3200","targetHints":{"allow":["GET"]}}],"collection":[{"href":"https:\/\/www.brmedal.com.br\/index.php?rest_route=\/wp\/v2\/product"}],"about":[{"href":"https:\/\/www.brmedal.com.br\/index.php?rest_route=\/wp\/v2\/types\/product"}],"replies":[{"embeddable":true,"href":"https:\/\/www.brmedal.com.br\/index.php?rest_route=%2Fwp%2Fv2%2Fcomments&post=3200"}],"wp:featuredmedia":[{"embeddable":true,"href":"https:\/\/www.brmedal.com.br\/index.php?rest_route=\/wp\/v2\/media\/3197"}],"wp:attachment":[{"href":"https:\/\/www.brmedal.com.br\/index.php?rest_route=%2Fwp%2Fv2%2Fmedia&parent=3200"}],"wp:term":[{"taxonomy":"product_brand","embeddable":true,"href":"https:\/\/www.brmedal.com.br\/index.php?rest_route=%2Fwp%2Fv2%2Fproduct_brand&post=3200"},{"taxonomy":"product_cat","embeddable":true,"href":"https:\/\/www.brmedal.com.br\/index.php?rest_route=%2Fwp%2Fv2%2Fproduct_cat&post=3200"},{"taxonomy":"product_tag","embeddable":true,"href":"https:\/\/www.brmedal.com.br\/index.php?rest_route=%2Fwp%2Fv2%2Fproduct_tag&post=3200"}],"curies":[{"name":"wp","href":"https:\/\/api.w.org\/{rel}","templated":true}]}}