{"id":3204,"date":"2018-06-21T13:23:22","date_gmt":"2018-06-21T16:23:22","guid":{"rendered":"https:\/\/www.brmedal.com.br\/product\/cajon-estandar-con-6-cajones\/"},"modified":"2022-11-08T19:12:49","modified_gmt":"2022-11-08T22:12:49","slug":"cajon-estandar-con-6-cajones","status":"publish","type":"product","link":"https:\/\/www.brmedal.com.br\/?product=cajon-estandar-con-6-cajones","title":{"rendered":"Gaveteiro Standard Com 6 Gavetas"},"content":{"rendered":"<pre id=\"tw-target-text\" class=\"tw-data-text tw-text-large tw-ta\" dir=\"ltr\" data-placeholder=\"Tradu\u00e7\u00e3o\"><span class=\"Y2IQFc\" lang=\"pt\">Gavetas, prateleiras, tampos, front\u00f5es e m\u00f3dulos em geral em MDF, revestidos em f\u00f3rmica.\r\nOs m\u00f3dulos das pias e todas as bases dos arm\u00e1rios s\u00e3o em compensado naval revestido em f\u00f3rmica.\r\nAs corredi\u00e7as que comp\u00f5em as gavetas HAYD\u00c9 s\u00e3o fabricadas com a tecnologia mais avan\u00e7ada do mundo.\r\nCom estrutura em ferro, pintura ep\u00f3xi branca, com rolamentos autodeslizantes de 450m\/m para fixa\u00e7\u00e3o da base,\r\nproporcionando precis\u00e3o, melhor deslizamento, leveza e suavidade nos movimentos, mantendo excelente e constante\r\ndesempenho, independente do peso.<\/span><\/pre>\n","protected":false},"excerpt":{"rendered":"<p><span class=\"Y2IQFc\" lang=\"pt\">Gavetas, prateleiras, tampos, front\u00f5es e m\u00f3dulos em geral em MDF<\/span><\/p>\n","protected":false},"featured_media":3203,"comment_status":"open","ping_status":"closed","template":"","meta":[],"product_brand":[],"product_cat":[538,556,510],"product_tag":[],"class_list":{"0":"post-3204","1":"product","2":"type-product","3":"status-publish","4":"has-post-thumbnail","6":"product_cat-consultorios","7":"product_cat-mobiliario-odontologia","8":"product_cat-odontologia","10":"first","11":"onbackorder","12":"shipping-taxable","13":"purchasable","14":"product-type-simple"},"_links":{"self":[{"href":"https:\/\/www.brmedal.com.br\/index.php?rest_route=\/wp\/v2\/product\/3204","targetHints":{"allow":["GET"]}}],"collection":[{"href":"https:\/\/www.brmedal.com.br\/index.php?rest_route=\/wp\/v2\/product"}],"about":[{"href":"https:\/\/www.brmedal.com.br\/index.php?rest_route=\/wp\/v2\/types\/product"}],"replies":[{"embeddable":true,"href":"https:\/\/www.brmedal.com.br\/index.php?rest_route=%2Fwp%2Fv2%2Fcomments&post=3204"}],"wp:featuredmedia":[{"embeddable":true,"href":"https:\/\/www.brmedal.com.br\/index.php?rest_route=\/wp\/v2\/media\/3203"}],"wp:attachment":[{"href":"https:\/\/www.brmedal.com.br\/index.php?rest_route=%2Fwp%2Fv2%2Fmedia&parent=3204"}],"wp:term":[{"taxonomy":"product_brand","embeddable":true,"href":"https:\/\/www.brmedal.com.br\/index.php?rest_route=%2Fwp%2Fv2%2Fproduct_brand&post=3204"},{"taxonomy":"product_cat","embeddable":true,"href":"https:\/\/www.brmedal.com.br\/index.php?rest_route=%2Fwp%2Fv2%2Fproduct_cat&post=3204"},{"taxonomy":"product_tag","embeddable":true,"href":"https:\/\/www.brmedal.com.br\/index.php?rest_route=%2Fwp%2Fv2%2Fproduct_tag&post=3204"}],"curies":[{"name":"wp","href":"https:\/\/api.w.org\/{rel}","templated":true}]}}