{"id":3219,"date":"2018-06-22T11:06:58","date_gmt":"2018-06-22T14:06:58","guid":{"rendered":"https:\/\/www.brmedal.com.br\/product\/estufa-de-esterilizacao-e-sacadora-analogica\/"},"modified":"2022-11-08T18:57:32","modified_gmt":"2022-11-08T21:57:32","slug":"estufa-de-esterilizacao-e-sacadora-analogica","status":"publish","type":"product","link":"https:\/\/www.brmedal.com.br\/?product=estufa-de-esterilizacao-e-sacadora-analogica","title":{"rendered":"Estufa de esteriliza\u00e7\u00e3o e secagem 40 lts &#8211; mod. SX1.2"},"content":{"rendered":"<p>As\u00a0<strong>Estufas\u00a0<\/strong>s\u00e3o produtos fabricados para <strong>Esteriliza\u00e7\u00e3o e secagem\u00a0<\/strong>de instrumental cir\u00fargico, m\u00e9dico e odontol\u00f3gico atrav\u00e9s do calor seco.<\/p>\n<p>As estufas\u00a0<strong>EL\u00a0<\/strong>s\u00e3o produzidas em\u00a0<strong>8 modelos e tamanhos diferentes variando de 11 a 280 litros de capacidade\u00a0<\/strong>para atender seguimentos variados com termorregula\u00e7\u00e3o at\u00e9 a temperatura de 250\u00baC.<\/p>\n<p>Possui\u00a0<strong>suspiro\u00a0<\/strong>localizado na parte superior para permitir a sa\u00edda de ar expandido pelo aquecimento,\u00a0<strong>Painel\u00a0<\/strong>com\u00a0<strong>chave geral\u00a0<\/strong>(liga\/desliga),\u00a0<strong>chave reversora\u00a0<\/strong>\u00a0de tens\u00e3o (110\/220V),\u00a0<strong>porta fus\u00edvel<\/strong>\u00a0com fus\u00edvel de prote\u00e7\u00e3o,\u00a0<strong>term\u00f4metro bimet\u00e1lico<\/strong>\u00a0graduado de 0 a 250\u00baC,\u00a0<strong>indicador de aquecimento\u00a0<\/strong>e\u00a0<strong>termostato eletro_mec\u00e2nico.<\/strong><\/p>\n","protected":false},"excerpt":{"rendered":"<p>Estufa Digital microprocessada com Time, C\u00e2mara e a almofada interna da porta em a\u00e7o inoxid\u00e1vel 430, com sistema de convec\u00e7\u00e3o natural de ar, sistema de aquecimento por duas resist\u00eancias tubulares blindadas localizadas na base.<\/p>\n","protected":false},"featured_media":3215,"comment_status":"open","ping_status":"closed","template":"","meta":[],"product_brand":[],"product_cat":[546,508,510],"product_tag":[],"class_list":{"0":"post-3219","1":"product","2":"type-product","3":"status-publish","4":"has-post-thumbnail","6":"product_cat-equipamentos-odontologia","7":"product_cat-inicio","8":"product_cat-odontologia","10":"first","11":"onbackorder","12":"shipping-taxable","13":"purchasable","14":"product-type-simple"},"_links":{"self":[{"href":"https:\/\/www.brmedal.com.br\/index.php?rest_route=\/wp\/v2\/product\/3219","targetHints":{"allow":["GET"]}}],"collection":[{"href":"https:\/\/www.brmedal.com.br\/index.php?rest_route=\/wp\/v2\/product"}],"about":[{"href":"https:\/\/www.brmedal.com.br\/index.php?rest_route=\/wp\/v2\/types\/product"}],"replies":[{"embeddable":true,"href":"https:\/\/www.brmedal.com.br\/index.php?rest_route=%2Fwp%2Fv2%2Fcomments&post=3219"}],"wp:featuredmedia":[{"embeddable":true,"href":"https:\/\/www.brmedal.com.br\/index.php?rest_route=\/wp\/v2\/media\/3215"}],"wp:attachment":[{"href":"https:\/\/www.brmedal.com.br\/index.php?rest_route=%2Fwp%2Fv2%2Fmedia&parent=3219"}],"wp:term":[{"taxonomy":"product_brand","embeddable":true,"href":"https:\/\/www.brmedal.com.br\/index.php?rest_route=%2Fwp%2Fv2%2Fproduct_brand&post=3219"},{"taxonomy":"product_cat","embeddable":true,"href":"https:\/\/www.brmedal.com.br\/index.php?rest_route=%2Fwp%2Fv2%2Fproduct_cat&post=3219"},{"taxonomy":"product_tag","embeddable":true,"href":"https:\/\/www.brmedal.com.br\/index.php?rest_route=%2Fwp%2Fv2%2Fproduct_tag&post=3219"}],"curies":[{"name":"wp","href":"https:\/\/api.w.org\/{rel}","templated":true}]}}