{"id":3250,"date":"2018-06-22T12:55:21","date_gmt":"2018-06-22T15:55:21","guid":{"rendered":"https:\/\/www.brmedal.com.br\/product\/espatulador-a-vacuo\/"},"modified":"2022-11-08T15:47:35","modified_gmt":"2022-11-08T18:47:35","slug":"espatulador-a-vacuo","status":"publish","type":"product","link":"https:\/\/www.brmedal.com.br\/?product=espatulador-a-vacuo","title":{"rendered":"Espatulador a V\u00e1cuo"},"content":{"rendered":"<p>&#8211; Pintura eletrost\u00e1tica<\/p>\n<p>&#8211; Estrutura em alum\u00ednio<\/p>\n<p>&#8211; Vacu\u00f4metro para controle de v\u00e1cuo<\/p>\n<p>&#8211; Temporizador e indicador digital, com sinal sonoro que avisa o final do processo.<\/p>\n<p>&#8211; Sistema r\u00e1pido de encaixe da cuba no aparelho<\/p>\n<p>&#8211; Cuba e tampa em policarbonato transl\u00facido<\/p>\n<p>Para melhor visualiza\u00e7\u00e3o da mistura<\/p>\n<p>&#8211; V\u00e1lvula para libera\u00e7\u00e3o do v\u00e1cuo<\/p>\n<p>&#8211; Fundo com p\u00e9s de borracha<\/p>\n<p>&#8211; Escala do temporizador: 99h59min &#8211; Capacidade da cuba: 360 gr.<\/p>\n<p>&#8211; Esp\u00e1tula em inox<\/p>\n<p>&#8211; Voltagem 110 ou 220 Volts<\/p>\n","protected":false},"excerpt":{"rendered":"<p>&#8211; Pintura eletrost\u00e1tica &#8211; Estrutura em alum\u00ednio &#8211; Vacu\u00f4metro para controle de v\u00e1cuo &#8211; Temporizador e indicador digital, com sinal sonoro que avisa o final do<span class=\"excerpt-hellip\"> [\u2026]<\/span><\/p>\n","protected":false},"featured_media":3248,"comment_status":"open","ping_status":"closed","template":"","meta":[],"product_brand":[],"product_cat":[515,510],"product_tag":[],"class_list":{"0":"post-3250","1":"product","2":"type-product","3":"status-publish","4":"has-post-thumbnail","6":"product_cat-acessorios","7":"product_cat-odontologia","9":"first","10":"onbackorder","11":"shipping-taxable","12":"purchasable","13":"product-type-simple"},"_links":{"self":[{"href":"https:\/\/www.brmedal.com.br\/index.php?rest_route=\/wp\/v2\/product\/3250","targetHints":{"allow":["GET"]}}],"collection":[{"href":"https:\/\/www.brmedal.com.br\/index.php?rest_route=\/wp\/v2\/product"}],"about":[{"href":"https:\/\/www.brmedal.com.br\/index.php?rest_route=\/wp\/v2\/types\/product"}],"replies":[{"embeddable":true,"href":"https:\/\/www.brmedal.com.br\/index.php?rest_route=%2Fwp%2Fv2%2Fcomments&post=3250"}],"wp:featuredmedia":[{"embeddable":true,"href":"https:\/\/www.brmedal.com.br\/index.php?rest_route=\/wp\/v2\/media\/3248"}],"wp:attachment":[{"href":"https:\/\/www.brmedal.com.br\/index.php?rest_route=%2Fwp%2Fv2%2Fmedia&parent=3250"}],"wp:term":[{"taxonomy":"product_brand","embeddable":true,"href":"https:\/\/www.brmedal.com.br\/index.php?rest_route=%2Fwp%2Fv2%2Fproduct_brand&post=3250"},{"taxonomy":"product_cat","embeddable":true,"href":"https:\/\/www.brmedal.com.br\/index.php?rest_route=%2Fwp%2Fv2%2Fproduct_cat&post=3250"},{"taxonomy":"product_tag","embeddable":true,"href":"https:\/\/www.brmedal.com.br\/index.php?rest_route=%2Fwp%2Fv2%2Fproduct_tag&post=3250"}],"curies":[{"name":"wp","href":"https:\/\/api.w.org\/{rel}","templated":true}]}}