{"id":3299,"date":"2018-06-22T13:33:58","date_gmt":"2018-06-22T16:33:58","guid":{"rendered":"https:\/\/www.brmedal.com.br\/product\/monojato-com-exaustor\/"},"modified":"2022-11-08T15:30:58","modified_gmt":"2022-11-08T18:30:58","slug":"monojato-com-exaustor","status":"publish","type":"product","link":"https:\/\/www.brmedal.com.br\/?product=monojato-com-exaustor","title":{"rendered":"Monojato com exaustor"},"content":{"rendered":"<p>&#8211; Carenagem PSAI.<\/p>\n<p>&#8211; Bico de metal duro (w\u00eddia).<\/p>\n<p>&#8211; Sistema de ilumina\u00e7\u00e3o fluorescente.<\/p>\n<p>&#8211; Visor de vidro com pel\u00edcula de prote\u00e7\u00e3o.<\/p>\n<p>&#8211; Sistema de aspira\u00e7\u00e3o com exaustor (foto).<\/p>\n<p>&#8211; Acionamento el\u00e9trico da v\u00e1lvula (pedal).<\/p>\n<p>&#8211; Dispon\u00edvel em 110\/220 V.<\/p>\n<p>&#8211; Caneta fixa ou m\u00f3vel.<\/p>\n<p>&#8211; Dimens\u00f5es: 360 x 330 x 320 mm<\/p>\n","protected":false},"excerpt":{"rendered":"<p>&#8211; Carenagem PSAI. &#8211; Bico de metal duro (w\u00eddia). &#8211; Sistema de ilumina\u00e7\u00e3o fluorescente. &#8211; Visor de vidro com pel\u00edcula de prote\u00e7\u00e3o. &#8211; Sistema de aspira\u00e7\u00e3o<span class=\"excerpt-hellip\"> [\u2026]<\/span><\/p>\n","protected":false},"featured_media":3297,"comment_status":"open","ping_status":"closed","template":"","meta":[],"product_brand":[],"product_cat":[546,510],"product_tag":[],"class_list":{"0":"post-3299","1":"product","2":"type-product","3":"status-publish","4":"has-post-thumbnail","6":"product_cat-equipamentos-odontologia","7":"product_cat-odontologia","9":"first","10":"onbackorder","11":"shipping-taxable","12":"purchasable","13":"product-type-simple"},"_links":{"self":[{"href":"https:\/\/www.brmedal.com.br\/index.php?rest_route=\/wp\/v2\/product\/3299","targetHints":{"allow":["GET"]}}],"collection":[{"href":"https:\/\/www.brmedal.com.br\/index.php?rest_route=\/wp\/v2\/product"}],"about":[{"href":"https:\/\/www.brmedal.com.br\/index.php?rest_route=\/wp\/v2\/types\/product"}],"replies":[{"embeddable":true,"href":"https:\/\/www.brmedal.com.br\/index.php?rest_route=%2Fwp%2Fv2%2Fcomments&post=3299"}],"wp:featuredmedia":[{"embeddable":true,"href":"https:\/\/www.brmedal.com.br\/index.php?rest_route=\/wp\/v2\/media\/3297"}],"wp:attachment":[{"href":"https:\/\/www.brmedal.com.br\/index.php?rest_route=%2Fwp%2Fv2%2Fmedia&parent=3299"}],"wp:term":[{"taxonomy":"product_brand","embeddable":true,"href":"https:\/\/www.brmedal.com.br\/index.php?rest_route=%2Fwp%2Fv2%2Fproduct_brand&post=3299"},{"taxonomy":"product_cat","embeddable":true,"href":"https:\/\/www.brmedal.com.br\/index.php?rest_route=%2Fwp%2Fv2%2Fproduct_cat&post=3299"},{"taxonomy":"product_tag","embeddable":true,"href":"https:\/\/www.brmedal.com.br\/index.php?rest_route=%2Fwp%2Fv2%2Fproduct_tag&post=3299"}],"curies":[{"name":"wp","href":"https:\/\/api.w.org\/{rel}","templated":true}]}}