{"id":3353,"date":"2018-06-22T14:07:59","date_gmt":"2018-06-22T17:07:59","guid":{"rendered":"https:\/\/www.brmedal.com.br\/product\/panela-eletrica-polimerizadora-digital-com-timer-n02\/"},"modified":"2022-11-08T12:25:13","modified_gmt":"2022-11-08T15:25:13","slug":"panela-eletrica-polimerizadora-digital-com-timer-n02","status":"publish","type":"product","link":"https:\/\/www.brmedal.com.br\/?product=panela-eletrica-polimerizadora-digital-com-timer-n02","title":{"rendered":"Panela El\u00e9trica Polimerizadora Digital com Timer n\u00ba02"},"content":{"rendered":"<p>&#8211; Estrutura em alum\u00ednio.<\/p>\n<p>&#8211; Pintura eletrost\u00e1tica.<\/p>\n<p>&#8211; Exclusiva trava de seguran\u00e7a (foto).<\/p>\n<p>&#8211; Borracha de veda\u00e7\u00e3o especial em silicone.<\/p>\n<p>&#8211; Man\u00f4metro para controle de press\u00e3o.<\/p>\n<p>&#8211; Controlador e indicador de temperatura digital com timer.<\/p>\n<p>&#8211; Sistema r\u00e1pido de abertura e fechamento da tampa.<\/p>\n<p>&#8211; V\u00e1lvula injetora de ar.<\/p>\n<p>&#8211; V\u00e1lvula de seguran\u00e7a.<\/p>\n<p>&#8211; Registro de sa\u00edda de \u00e1gua.<\/p>\n<p>&#8211; Fundo com p\u00e9s de borracha.<\/p>\n<p>&#8211; Press\u00e3o m\u00e1xima de trabalho: 60 libras<\/p>\n<p>&#8211; Acompanha prensa auxiliar<\/p>\n<p>&#8211; Aquecimento de 0\u00baC \u00e0 120\u00baC<\/p>\n<p>&#8211; Suporta 2 muflas.<\/p>\n<p>&#8211; Capacidade 2,5 litros.<\/p>\n<p>&#8211; Voltagem: 110 ou 220 volts.<\/p>\n<p>&#8211; Acompanha bico injetor de ar e mangueira para sa\u00edda de \u00e1gua.<\/p>\n","protected":false},"excerpt":{"rendered":"<p>&#8211; Estrutura em alum\u00ednio. &#8211; Pintura eletrost\u00e1tica. &#8211; Exclusiva trava de seguran\u00e7a (foto). &#8211; Borracha de veda\u00e7\u00e3o especial em silicone. &#8211; Man\u00f4metro para controle de press\u00e3o.<span class=\"excerpt-hellip\"> [\u2026]<\/span><\/p>\n","protected":false},"featured_media":3348,"comment_status":"open","ping_status":"closed","template":"","meta":[],"product_brand":[],"product_cat":[546,510],"product_tag":[],"class_list":{"0":"post-3353","1":"product","2":"type-product","3":"status-publish","4":"has-post-thumbnail","6":"product_cat-equipamentos-odontologia","7":"product_cat-odontologia","9":"first","10":"onbackorder","11":"shipping-taxable","12":"purchasable","13":"product-type-simple"},"_links":{"self":[{"href":"https:\/\/www.brmedal.com.br\/index.php?rest_route=\/wp\/v2\/product\/3353","targetHints":{"allow":["GET"]}}],"collection":[{"href":"https:\/\/www.brmedal.com.br\/index.php?rest_route=\/wp\/v2\/product"}],"about":[{"href":"https:\/\/www.brmedal.com.br\/index.php?rest_route=\/wp\/v2\/types\/product"}],"replies":[{"embeddable":true,"href":"https:\/\/www.brmedal.com.br\/index.php?rest_route=%2Fwp%2Fv2%2Fcomments&post=3353"}],"wp:featuredmedia":[{"embeddable":true,"href":"https:\/\/www.brmedal.com.br\/index.php?rest_route=\/wp\/v2\/media\/3348"}],"wp:attachment":[{"href":"https:\/\/www.brmedal.com.br\/index.php?rest_route=%2Fwp%2Fv2%2Fmedia&parent=3353"}],"wp:term":[{"taxonomy":"product_brand","embeddable":true,"href":"https:\/\/www.brmedal.com.br\/index.php?rest_route=%2Fwp%2Fv2%2Fproduct_brand&post=3353"},{"taxonomy":"product_cat","embeddable":true,"href":"https:\/\/www.brmedal.com.br\/index.php?rest_route=%2Fwp%2Fv2%2Fproduct_cat&post=3353"},{"taxonomy":"product_tag","embeddable":true,"href":"https:\/\/www.brmedal.com.br\/index.php?rest_route=%2Fwp%2Fv2%2Fproduct_tag&post=3353"}],"curies":[{"name":"wp","href":"https:\/\/api.w.org\/{rel}","templated":true}]}}