{"id":3365,"date":"2018-06-22T14:13:59","date_gmt":"2018-06-22T17:13:59","guid":{"rendered":"https:\/\/www.brmedal.com.br\/product\/panela-ortodontica-n01-eliminadora-de-bolhas\/"},"modified":"2022-11-08T12:17:07","modified_gmt":"2022-11-08T15:17:07","slug":"panela-ortodontica-n01-eliminadora-de-bolhas","status":"publish","type":"product","link":"https:\/\/www.brmedal.com.br\/?product=panela-ortodontica-n01-eliminadora-de-bolhas","title":{"rendered":"Panela Ortod\u00f4ntica n\u00ba01 (Eliminadora de bolhas)"},"content":{"rendered":"<p>&#8211; Estrutura em alum\u00ednio. &#8211; Pintura eletrost\u00e1tica. &#8211; Borracha de veda\u00e7\u00e3o especial. &#8211; Man\u00f4metro para controle de press\u00e3o inclinado para melhor visualiza\u00e7\u00e3o. &#8211; Sistema r\u00e1pido de abertura e fechamento da tampa. &#8211; V\u00e1lvula injetora de ar. &#8211; Pode ser usada com ou sem \u00e1gua. &#8211; N\u00e3o vai ao fogo. &#8211; Dimens\u00f5es internas: Di\u00e2metro 10 cm, Altura 6 cm &#8211; Capacidade 0,5 litro.<\/p>\n","protected":false},"excerpt":{"rendered":"<p>&#8211; Estrutura em alum\u00ednio. &#8211; Pintura eletrost\u00e1tica. &#8211; Borracha de veda\u00e7\u00e3o especial. &#8211; Man\u00f4metro para controle de press\u00e3o inclinado para melhor visualiza\u00e7\u00e3o. &#8211; Sistema r\u00e1pido de<span class=\"excerpt-hellip\"> [\u2026]<\/span><\/p>\n","protected":false},"featured_media":3363,"comment_status":"open","ping_status":"closed","template":"","meta":[],"product_brand":[],"product_cat":[546,510],"product_tag":[],"class_list":{"0":"post-3365","1":"product","2":"type-product","3":"status-publish","4":"has-post-thumbnail","6":"product_cat-equipamentos-odontologia","7":"product_cat-odontologia","9":"first","10":"onbackorder","11":"shipping-taxable","12":"purchasable","13":"product-type-simple"},"_links":{"self":[{"href":"https:\/\/www.brmedal.com.br\/index.php?rest_route=\/wp\/v2\/product\/3365","targetHints":{"allow":["GET"]}}],"collection":[{"href":"https:\/\/www.brmedal.com.br\/index.php?rest_route=\/wp\/v2\/product"}],"about":[{"href":"https:\/\/www.brmedal.com.br\/index.php?rest_route=\/wp\/v2\/types\/product"}],"replies":[{"embeddable":true,"href":"https:\/\/www.brmedal.com.br\/index.php?rest_route=%2Fwp%2Fv2%2Fcomments&post=3365"}],"wp:featuredmedia":[{"embeddable":true,"href":"https:\/\/www.brmedal.com.br\/index.php?rest_route=\/wp\/v2\/media\/3363"}],"wp:attachment":[{"href":"https:\/\/www.brmedal.com.br\/index.php?rest_route=%2Fwp%2Fv2%2Fmedia&parent=3365"}],"wp:term":[{"taxonomy":"product_brand","embeddable":true,"href":"https:\/\/www.brmedal.com.br\/index.php?rest_route=%2Fwp%2Fv2%2Fproduct_brand&post=3365"},{"taxonomy":"product_cat","embeddable":true,"href":"https:\/\/www.brmedal.com.br\/index.php?rest_route=%2Fwp%2Fv2%2Fproduct_cat&post=3365"},{"taxonomy":"product_tag","embeddable":true,"href":"https:\/\/www.brmedal.com.br\/index.php?rest_route=%2Fwp%2Fv2%2Fproduct_tag&post=3365"}],"curies":[{"name":"wp","href":"https:\/\/api.w.org\/{rel}","templated":true}]}}