{"id":3385,"date":"2018-06-22T14:29:13","date_gmt":"2018-06-22T17:29:13","guid":{"rendered":"https:\/\/www.brmedal.com.br\/product\/plastificadora-a-vacuo-com-motor\/"},"modified":"2022-11-08T11:46:10","modified_gmt":"2022-11-08T14:46:10","slug":"plastificadora-a-vacuo-com-motor","status":"publish","type":"product","link":"https:\/\/www.brmedal.com.br\/?product=plastificadora-a-vacuo-com-motor","title":{"rendered":"Plastificadora a V\u00e1cuo com Motor"},"content":{"rendered":"<p>&#8211; Resist\u00eancia de cer\u00e2mica.<\/p>\n<p>&#8211; Estrutura em alum\u00ednio.<\/p>\n<p>&#8211; Porta-modelos: plana e rebaixada.<\/p>\n<p>&#8211; Inovador sistema de alavanca para elevar e baixar a placa.<\/p>\n<p>&#8211; Utiliza placa quadrada e redonda.<\/p>\n<p>&#8211; Acionamento autom\u00e1tico do v\u00e1cuo.<\/p>\n<p>&#8211; Suporte da resist\u00eancia articul\u00e1vel.<\/p>\n<p>&#8211; Baixo ru\u00eddo.<\/p>\n<p>&#8211; Tubo em inox retificado.<\/p>\n<p>&#8211; Dimens\u00f5es: 170 x 350 x 220 mm<\/p>\n","protected":false},"excerpt":{"rendered":"<p>&#8211; Resist\u00eancia de cer\u00e2mica. &#8211; Estrutura em alum\u00ednio. &#8211; Porta-modelos: plana e rebaixada. &#8211; Inovador sistema de alavanca para elevar e baixar a placa. &#8211; Utiliza<span class=\"excerpt-hellip\"> [\u2026]<\/span><\/p>\n","protected":false},"featured_media":3382,"comment_status":"open","ping_status":"closed","template":"","meta":[],"product_brand":[],"product_cat":[546,510],"product_tag":[],"class_list":{"0":"post-3385","1":"product","2":"type-product","3":"status-publish","4":"has-post-thumbnail","6":"product_cat-equipamentos-odontologia","7":"product_cat-odontologia","9":"first","10":"onbackorder","11":"shipping-taxable","12":"purchasable","13":"product-type-simple"},"_links":{"self":[{"href":"https:\/\/www.brmedal.com.br\/index.php?rest_route=\/wp\/v2\/product\/3385","targetHints":{"allow":["GET"]}}],"collection":[{"href":"https:\/\/www.brmedal.com.br\/index.php?rest_route=\/wp\/v2\/product"}],"about":[{"href":"https:\/\/www.brmedal.com.br\/index.php?rest_route=\/wp\/v2\/types\/product"}],"replies":[{"embeddable":true,"href":"https:\/\/www.brmedal.com.br\/index.php?rest_route=%2Fwp%2Fv2%2Fcomments&post=3385"}],"wp:featuredmedia":[{"embeddable":true,"href":"https:\/\/www.brmedal.com.br\/index.php?rest_route=\/wp\/v2\/media\/3382"}],"wp:attachment":[{"href":"https:\/\/www.brmedal.com.br\/index.php?rest_route=%2Fwp%2Fv2%2Fmedia&parent=3385"}],"wp:term":[{"taxonomy":"product_brand","embeddable":true,"href":"https:\/\/www.brmedal.com.br\/index.php?rest_route=%2Fwp%2Fv2%2Fproduct_brand&post=3385"},{"taxonomy":"product_cat","embeddable":true,"href":"https:\/\/www.brmedal.com.br\/index.php?rest_route=%2Fwp%2Fv2%2Fproduct_cat&post=3385"},{"taxonomy":"product_tag","embeddable":true,"href":"https:\/\/www.brmedal.com.br\/index.php?rest_route=%2Fwp%2Fv2%2Fproduct_tag&post=3385"}],"curies":[{"name":"wp","href":"https:\/\/api.w.org\/{rel}","templated":true}]}}