{"id":3402,"date":"2018-06-22T14:37:57","date_gmt":"2018-06-22T17:37:57","guid":{"rendered":"https:\/\/www.brmedal.com.br\/product\/prensa-hidraulica-4-toneladas\/"},"modified":"2022-11-08T11:39:27","modified_gmt":"2022-11-08T14:39:27","slug":"prensa-hidraulica-4-toneladas","status":"publish","type":"product","link":"https:\/\/www.brmedal.com.br\/?product=prensa-hidraulica-4-toneladas","title":{"rendered":"Prensa Hidr\u00e1ulica 4 Toneladas"},"content":{"rendered":"","protected":false},"excerpt":{"rendered":"<p>&#8211; Prensagem 4 toneladas<\/p>\n<p>&#8211; Sistema hidr\u00e1ulico inferior<\/p>\n<p>&#8211; Novo formato exclusivo, n\u00e3o necessita fixa\u00e7\u00e3o na bancada.<\/p>\n<p>&#8211; Capacidade de 2 muflas de micro-ondas ou convencional<\/p>\n<p>&#8211; Serve tamb\u00e9m para muflas parciais<\/p>\n<p>&#8211; Dimens\u00f5es: 200 x 200 x 340 mm<\/p>\n<p>&nbsp;<\/p>\n","protected":false},"featured_media":3393,"comment_status":"open","ping_status":"closed","template":"","meta":[],"product_brand":[],"product_cat":[546,510],"product_tag":[],"class_list":{"0":"post-3402","1":"product","2":"type-product","3":"status-publish","4":"has-post-thumbnail","6":"product_cat-equipamentos-odontologia","7":"product_cat-odontologia","9":"first","10":"onbackorder","11":"shipping-taxable","12":"purchasable","13":"product-type-simple"},"_links":{"self":[{"href":"https:\/\/www.brmedal.com.br\/index.php?rest_route=\/wp\/v2\/product\/3402","targetHints":{"allow":["GET"]}}],"collection":[{"href":"https:\/\/www.brmedal.com.br\/index.php?rest_route=\/wp\/v2\/product"}],"about":[{"href":"https:\/\/www.brmedal.com.br\/index.php?rest_route=\/wp\/v2\/types\/product"}],"replies":[{"embeddable":true,"href":"https:\/\/www.brmedal.com.br\/index.php?rest_route=%2Fwp%2Fv2%2Fcomments&post=3402"}],"wp:featuredmedia":[{"embeddable":true,"href":"https:\/\/www.brmedal.com.br\/index.php?rest_route=\/wp\/v2\/media\/3393"}],"wp:attachment":[{"href":"https:\/\/www.brmedal.com.br\/index.php?rest_route=%2Fwp%2Fv2%2Fmedia&parent=3402"}],"wp:term":[{"taxonomy":"product_brand","embeddable":true,"href":"https:\/\/www.brmedal.com.br\/index.php?rest_route=%2Fwp%2Fv2%2Fproduct_brand&post=3402"},{"taxonomy":"product_cat","embeddable":true,"href":"https:\/\/www.brmedal.com.br\/index.php?rest_route=%2Fwp%2Fv2%2Fproduct_cat&post=3402"},{"taxonomy":"product_tag","embeddable":true,"href":"https:\/\/www.brmedal.com.br\/index.php?rest_route=%2Fwp%2Fv2%2Fproduct_tag&post=3402"}],"curies":[{"name":"wp","href":"https:\/\/api.w.org\/{rel}","templated":true}]}}