{"id":3703,"date":"2022-11-07T13:29:49","date_gmt":"2022-11-07T16:29:49","guid":{"rendered":"https:\/\/www.brmedal.com.br\/?post_type=product&#038;p=3703"},"modified":"2022-11-07T13:29:50","modified_gmt":"2022-11-07T16:29:50","slug":"estojo-para-esterilizacao-de-instrumentos-plus-i-11","status":"publish","type":"product","link":"https:\/\/www.brmedal.com.br\/?product=estojo-para-esterilizacao-de-instrumentos-plus-i-11","title":{"rendered":"Estojo para Esteriliza\u00e7\u00e3o de Instrumentos Plus I"},"content":{"rendered":"","protected":false},"excerpt":{"rendered":"<p>\u00c9 um produto destinado a esterilizar os instrumentais odontol\u00f3gicos em autoclave. Proporcionam facilidade para o uso do profissional e seguran\u00e7a para o paciente.<\/p>\n<table border=\"0\" width=\"396\" cellspacing=\"0\" cellpadding=\"0\">\n<tbody>\n<tr>\n<td class=\"xl65\" width=\"396\" height=\"16\"><span class=\"font5\">Dimens\u00f5es Externa 203x90x24,5 mm &#8211; Dimens\u00f5es Interna 185x80x18 mm<\/span><\/td>\n<\/tr>\n<\/tbody>\n<\/table>\n","protected":false},"featured_media":3700,"comment_status":"open","ping_status":"closed","template":"","meta":[],"product_brand":[],"product_cat":[515,510],"product_tag":[],"class_list":{"0":"post-3703","1":"product","2":"type-product","3":"status-publish","4":"has-post-thumbnail","6":"product_cat-acessorios","7":"product_cat-odontologia","9":"first","10":"onbackorder","11":"shipping-taxable","12":"purchasable","13":"product-type-simple"},"_links":{"self":[{"href":"https:\/\/www.brmedal.com.br\/index.php?rest_route=\/wp\/v2\/product\/3703","targetHints":{"allow":["GET"]}}],"collection":[{"href":"https:\/\/www.brmedal.com.br\/index.php?rest_route=\/wp\/v2\/product"}],"about":[{"href":"https:\/\/www.brmedal.com.br\/index.php?rest_route=\/wp\/v2\/types\/product"}],"replies":[{"embeddable":true,"href":"https:\/\/www.brmedal.com.br\/index.php?rest_route=%2Fwp%2Fv2%2Fcomments&post=3703"}],"wp:featuredmedia":[{"embeddable":true,"href":"https:\/\/www.brmedal.com.br\/index.php?rest_route=\/wp\/v2\/media\/3700"}],"wp:attachment":[{"href":"https:\/\/www.brmedal.com.br\/index.php?rest_route=%2Fwp%2Fv2%2Fmedia&parent=3703"}],"wp:term":[{"taxonomy":"product_brand","embeddable":true,"href":"https:\/\/www.brmedal.com.br\/index.php?rest_route=%2Fwp%2Fv2%2Fproduct_brand&post=3703"},{"taxonomy":"product_cat","embeddable":true,"href":"https:\/\/www.brmedal.com.br\/index.php?rest_route=%2Fwp%2Fv2%2Fproduct_cat&post=3703"},{"taxonomy":"product_tag","embeddable":true,"href":"https:\/\/www.brmedal.com.br\/index.php?rest_route=%2Fwp%2Fv2%2Fproduct_tag&post=3703"}],"curies":[{"name":"wp","href":"https:\/\/api.w.org\/{rel}","templated":true}]}}