{"id":3880,"date":"2018-06-27T18:01:04","date_gmt":"2018-06-27T21:01:04","guid":{"rendered":"https:\/\/www.brmedal.com.br\/product\/porta-matriz-ivr\/"},"modified":"2022-11-01T22:23:33","modified_gmt":"2022-11-02T01:23:33","slug":"porta-matriz-ivr","status":"publish","type":"product","link":"https:\/\/www.brmedal.com.br\/?product=porta-matriz-ivr","title":{"rendered":"Porta Matriz \u2013 IVR"},"content":{"rendered":"<p>O \u201cPorta Matriz\u201d tem como indica\u00e7\u00e3o o apoio da banda matriz no suporte para isolamento do dento durante o procedimento de restaura\u00e7\u00e3o dent\u00e1ria.<\/p>\n","protected":false},"excerpt":{"rendered":"<p>O \u201cPorta Matriz\u201d tem como indica\u00e7\u00e3o o apoio da banda matriz no suporte para isolamento do dento durante o procedimento de restaura\u00e7\u00e3o dent\u00e1ria.<\/p>\n","protected":false},"featured_media":3874,"comment_status":"open","ping_status":"closed","template":"","meta":[],"product_brand":[],"product_cat":[515,510],"product_tag":[],"class_list":{"0":"post-3880","1":"product","2":"type-product","3":"status-publish","4":"has-post-thumbnail","6":"product_cat-acessorios","7":"product_cat-odontologia","9":"first","10":"onbackorder","11":"shipping-taxable","12":"product-type-simple"},"_links":{"self":[{"href":"https:\/\/www.brmedal.com.br\/index.php?rest_route=\/wp\/v2\/product\/3880","targetHints":{"allow":["GET"]}}],"collection":[{"href":"https:\/\/www.brmedal.com.br\/index.php?rest_route=\/wp\/v2\/product"}],"about":[{"href":"https:\/\/www.brmedal.com.br\/index.php?rest_route=\/wp\/v2\/types\/product"}],"replies":[{"embeddable":true,"href":"https:\/\/www.brmedal.com.br\/index.php?rest_route=%2Fwp%2Fv2%2Fcomments&post=3880"}],"wp:featuredmedia":[{"embeddable":true,"href":"https:\/\/www.brmedal.com.br\/index.php?rest_route=\/wp\/v2\/media\/3874"}],"wp:attachment":[{"href":"https:\/\/www.brmedal.com.br\/index.php?rest_route=%2Fwp%2Fv2%2Fmedia&parent=3880"}],"wp:term":[{"taxonomy":"product_brand","embeddable":true,"href":"https:\/\/www.brmedal.com.br\/index.php?rest_route=%2Fwp%2Fv2%2Fproduct_brand&post=3880"},{"taxonomy":"product_cat","embeddable":true,"href":"https:\/\/www.brmedal.com.br\/index.php?rest_route=%2Fwp%2Fv2%2Fproduct_cat&post=3880"},{"taxonomy":"product_tag","embeddable":true,"href":"https:\/\/www.brmedal.com.br\/index.php?rest_route=%2Fwp%2Fv2%2Fproduct_tag&post=3880"}],"curies":[{"name":"wp","href":"https:\/\/api.w.org\/{rel}","templated":true}]}}