{"id":426,"date":"2017-09-07T10:14:19","date_gmt":"2017-09-07T13:14:19","guid":{"rendered":"https:\/\/www.brmedal.com.br\/product\/conjunto-de-uniforme-cirurgico-privativo-em-brim-leve\/"},"modified":"2026-05-11T08:29:08","modified_gmt":"2026-05-11T11:29:08","slug":"conjunto-de-uniforme-cirurgico-privativo-em-brim-leve","status":"publish","type":"product","link":"https:\/\/www.brmedal.com.br\/?product=conjunto-de-uniforme-cirurgico-privativo-em-brim-leve","title":{"rendered":"Conjunto ou pijama cir\u00fargico privativo &#8211; brim &#8211; UNISEX"},"content":{"rendered":"<table>\n<tbody>\n<tr>\n<td><strong>Conjunto Privativo<\/strong><\/td>\n<td style=\"text-align: center\"><strong>Tam. P<\/strong><\/td>\n<td style=\"text-align: center\"><strong>Tam. M<\/strong><\/td>\n<td style=\"text-align: center\"><strong>Tam. G<\/strong><\/td>\n<td style=\"text-align: center\"><strong>Tam. GG<\/strong><\/td>\n<\/tr>\n<tr>\n<td><strong>Cal\u00e7a<\/strong><\/td>\n<td style=\"text-align: center\"><\/td>\n<td style=\"text-align: center\"><\/td>\n<td style=\"text-align: center\"><\/td>\n<td style=\"text-align: center\"><\/td>\n<\/tr>\n<tr>\n<td>Comprimento<\/td>\n<td style=\"text-align: center\">106<\/td>\n<td style=\"text-align: center\">108<\/td>\n<td style=\"text-align: center\">110<\/td>\n<td style=\"text-align: center\">112<\/td>\n<\/tr>\n<tr>\n<td>Largura quadril<\/td>\n<td style=\"text-align: center\">56<\/td>\n<td style=\"text-align: center\">58<\/td>\n<td style=\"text-align: center\">60<\/td>\n<td style=\"text-align: center\">62<\/td>\n<\/tr>\n<tr>\n<td>Altura cavalo<\/td>\n<td style=\"text-align: center\">28<\/td>\n<td style=\"text-align: center\">30<\/td>\n<td style=\"text-align: center\">32<\/td>\n<td style=\"text-align: center\">34<\/td>\n<\/tr>\n<tr>\n<td><strong>Blusa<\/strong><\/td>\n<td style=\"text-align: center\"><\/td>\n<td style=\"text-align: center\"><\/td>\n<td style=\"text-align: center\"><\/td>\n<td style=\"text-align: center\"><\/td>\n<\/tr>\n<tr>\n<td>Comprimento<\/td>\n<td style=\"text-align: center\">73<\/td>\n<td style=\"text-align: center\">75<\/td>\n<td style=\"text-align: center\">77<\/td>\n<td style=\"text-align: center\">79<\/td>\n<\/tr>\n<tr>\n<td>Largura quadril<\/td>\n<td style=\"text-align: center\">59<\/td>\n<td style=\"text-align: center\">61<\/td>\n<td style=\"text-align: center\">63<\/td>\n<td style=\"text-align: center\">65<\/td>\n<\/tr>\n<\/tbody>\n<\/table>\n<div id=\"njcdgcofcbnlbpkpdhmlmiblaglnkpnj\"><\/div>\n<div><strong>NO\u00c7\u00d5ES DE TAMANHO<\/strong><\/div>\n<div>\n<p>P &#8211; Veste 34\/36 &#8211; 50 a 60 kg<\/p>\n<p>M &#8211; Veste 38\/40 \u2013 60 a 70 kg<\/p>\n<p>G &#8211; Veste 42\/44 &#8211; 70 a 80 kg<\/p>\n<p>GG &#8211; Veste 44\/46 &#8211; 80 a 90 kg<\/p>\n<\/div>\n<div><\/div>\n<div><\/div>\n<div><\/div>\n<div><\/div>\n<div><\/div>\n<div><\/div>\n<div><\/div>\n<div><\/div>\n<div><\/div>\n<div><\/div>\n<div><\/div>\n<div><\/div>\n<div><\/div>\n<div><\/div>\n<div><\/div>\n<div><\/div>\n<div><\/div>\n<div><\/div>\n<div><\/div>\n<div><\/div>\n<div><\/div>\n<div><\/div>\n<div><\/div>\n<div><\/div>\n<div><\/div>\n<div><\/div>\n<div><\/div>\n<div><\/div>\n","protected":false},"excerpt":{"rendered":"<p>Conjunto cir\u00fargico (privativo) cal\u00e7a e blusa em brim leve.<\/p>\n<p>Confeccionado com brim profissional hospitalar, de excelente qualidade alta resist\u00eancia.<\/p>\n<p>Com tingimento Idantrene, resistente a lavagem industrial.<\/p>\n<p>Blusa com gola em V, mangas curtas.\u00a0Dois bolsos frontais e um bolso superior.<\/p>\n<p>Cal\u00e7a com c\u00f3s em el\u00e1stico e bolso traseiro.<\/p>\n<p><strong>Personalizamos sob encomenda.<\/strong><\/p>\n<div id=\"njcdgcofcbnlbpkpdhmlmiblaglnkpnj\">\n<div>\n<p><strong>CONDI\u00c7\u00d5ES ESPECIAIS PARA QUANTIDADES, HOSPITAIS, CL\u00cdNICAS E REVENDAS!<\/strong><\/p>\n<\/div>\n<div><\/div>\n<div><strong>CLIENTES SATISFEITOS:<\/strong><\/div>\n<div><img loading=\"lazy\" decoding=\"async\" class=\"alignnone size-full wp-image-15129\" src=\"https:\/\/www.brmedal.com.br\/wp-content\/uploads\/2024\/09\/cliente-nel-3.jpg\" alt=\"\" width=\"150\" height=\"75\" \/> <img loading=\"lazy\" decoding=\"async\" class=\"alignnone size-full wp-image-15126\" src=\"https:\/\/www.brmedal.com.br\/wp-content\/uploads\/2024\/09\/cliente-nel-2.jpg\" alt=\"\" width=\"150\" height=\"75\" \/> <img loading=\"lazy\" decoding=\"async\" class=\"alignnone size-full wp-image-15123\" src=\"https:\/\/www.brmedal.com.br\/wp-content\/uploads\/2024\/09\/cliente-nel-1.jpg\" alt=\"\" width=\"150\" height=\"75\" \/> <img loading=\"lazy\" decoding=\"async\" class=\"alignnone size-full wp-image-15132\" src=\"https:\/\/www.brmedal.com.br\/wp-content\/uploads\/2024\/09\/cliente-nel-4.jpg\" alt=\"\" width=\"150\" height=\"75\" \/> <img loading=\"lazy\" decoding=\"async\" class=\"alignnone size-full wp-image-15138\" src=\"https:\/\/www.brmedal.com.br\/wp-content\/uploads\/2024\/09\/cliente-nel-6.jpg\" alt=\"\" width=\"150\" height=\"75\" \/> <img loading=\"lazy\" decoding=\"async\" class=\"alignnone size-full wp-image-15135\" src=\"https:\/\/www.brmedal.com.br\/wp-content\/uploads\/2024\/09\/cliente-nel-5.jpg\" alt=\"\" width=\"150\" height=\"75\" \/> <img loading=\"lazy\" decoding=\"async\" class=\"alignnone size-full wp-image-15141\" src=\"https:\/\/www.brmedal.com.br\/wp-content\/uploads\/2024\/09\/cliente-nel-7.jpg\" alt=\"\" width=\"150\" height=\"75\" \/> <img loading=\"lazy\" decoding=\"async\" class=\"alignnone size-full wp-image-15144\" src=\"https:\/\/www.brmedal.com.br\/wp-content\/uploads\/2024\/09\/cliente-nel-8.jpg\" alt=\"\" width=\"150\" height=\"75\" \/> <img loading=\"lazy\" decoding=\"async\" class=\"alignnone size-full wp-image-15147\" src=\"https:\/\/www.brmedal.com.br\/wp-content\/uploads\/2024\/09\/cliente-nel-9.jpg\" alt=\"\" width=\"150\" height=\"75\" \/><\/div>\n<div><\/div>\n<\/div>\n<div><\/div>\n<div><\/div>\n<div><\/div>\n<div><\/div>\n<div><\/div>\n<div><\/div>\n<div><\/div>\n<div><\/div>\n<div><\/div>\n<div><\/div>\n<div><\/div>\n<div><\/div>\n<div><\/div>\n<div><\/div>\n<div><\/div>\n<div><\/div>\n<div><\/div>\n<div><\/div>\n<div><\/div>\n<div><\/div>\n<div><\/div>\n<div><\/div>\n<div><\/div>\n<div><\/div>\n<div><\/div>\n<div><\/div>\n<div><\/div>\n<div><\/div>\n<div><\/div>\n<div><\/div>\n","protected":false},"featured_media":15188,"comment_status":"open","ping_status":"closed","template":"","meta":[],"product_brand":[],"product_cat":[776,508,786,571],"product_tag":[],"class_list":{"0":"post-426","1":"product","2":"type-product","3":"status-publish","4":"has-post-thumbnail","6":"product_cat-destaque","7":"product_cat-inicio","8":"product_cat-promocao","9":"product_cat-rouparia","10":"pa_corroupariabrim-azul","11":"pa_corroupariabrim-verde","12":"pa_taamanhos-aventais-p-ao-eg-eg","13":"pa_taamanhos-aventais-p-ao-eg-g","14":"pa_taamanhos-aventais-p-ao-eg-gg","15":"pa_taamanhos-aventais-p-ao-eg-m","16":"pa_taamanhos-aventais-p-ao-eg-p","18":"first","19":"instock","20":"shipping-taxable","21":"purchasable","22":"product-type-variable"},"_links":{"self":[{"href":"https:\/\/www.brmedal.com.br\/index.php?rest_route=\/wp\/v2\/product\/426","targetHints":{"allow":["GET"]}}],"collection":[{"href":"https:\/\/www.brmedal.com.br\/index.php?rest_route=\/wp\/v2\/product"}],"about":[{"href":"https:\/\/www.brmedal.com.br\/index.php?rest_route=\/wp\/v2\/types\/product"}],"replies":[{"embeddable":true,"href":"https:\/\/www.brmedal.com.br\/index.php?rest_route=%2Fwp%2Fv2%2Fcomments&post=426"}],"wp:featuredmedia":[{"embeddable":true,"href":"https:\/\/www.brmedal.com.br\/index.php?rest_route=\/wp\/v2\/media\/15188"}],"wp:attachment":[{"href":"https:\/\/www.brmedal.com.br\/index.php?rest_route=%2Fwp%2Fv2%2Fmedia&parent=426"}],"wp:term":[{"taxonomy":"product_brand","embeddable":true,"href":"https:\/\/www.brmedal.com.br\/index.php?rest_route=%2Fwp%2Fv2%2Fproduct_brand&post=426"},{"taxonomy":"product_cat","embeddable":true,"href":"https:\/\/www.brmedal.com.br\/index.php?rest_route=%2Fwp%2Fv2%2Fproduct_cat&post=426"},{"taxonomy":"product_tag","embeddable":true,"href":"https:\/\/www.brmedal.com.br\/index.php?rest_route=%2Fwp%2Fv2%2Fproduct_tag&post=426"}],"curies":[{"name":"wp","href":"https:\/\/api.w.org\/{rel}","templated":true}]}}