{"id":431,"date":"2017-09-07T18:45:48","date_gmt":"2017-09-07T21:45:48","guid":{"rendered":"https:\/\/www.brmedal.com.br\/product\/avental-cirurgico-simples-sem-opa-em-brim-leve\/"},"modified":"2026-05-12T09:44:06","modified_gmt":"2026-05-12T12:44:06","slug":"avental-cirurgico-simples-sem-opa-em-brim-leve","status":"publish","type":"product","link":"https:\/\/www.brmedal.com.br\/?product=avental-cirurgico-simples-sem-opa-em-brim-leve","title":{"rendered":"Avental ou capote cir\u00fargico em brim hospitalar &#8211; Unisex"},"content":{"rendered":"<p><span lang=\"pt-br\" xml:lang=\"pt-br\">Tamanhos dos produtos\u00a0\u00a0\u00a0\u00a0\u00a0\u00a0\u00a0\u00a0\u00a0\u00a0\u00a0\u00a0\u00a0\u00a0\u00a0\u00a0\u00a0\u00a0\u00a0\u00a0\u00a0\u00a0\u00a0\u00a0\u00a0\u00a0\u00a0\u00a0\u00a0\u00a0\u00a0\u00a0\u00a0\u00a0\u00a0\u00a0\u00a0\u00a0\u00a0\u00a0\u00a0\u00a0\u00a0\u00a0\u00a0\u00a0<\/span><\/p>\n<p><span lang=\"pt-br\" xml:lang=\"pt-br\">Avental cir\u00fargico simples\u00a0\u00a0\u00a0\u00a0\u00a0\u00a0\u00a0\u00a0\u00a0\u00a0\u00a0\u00a0\u00a0\u00a0Compr\u00a0\u00a0\u00a0\u00a0Largura\u00a0\u00a0\u00a0\u00a0Mangas<\/span><\/p>\n<p><span lang=\"pt-br\" xml:lang=\"pt-br\">Tamanho P\u00a0\u00a0\u00a0\u00a0\u00a0\u00a0\u00a0\u00a0\u00a0\u00a0\u00a0 \u00a0 \u00a0 \u00a0 \u00a0 \u00a0 \u00a0 \u00a0 \u00a0 \u00a0 \u00a0 \u00a0\u00a0\u00a01,12\u00a0\u00a0\u00a0\u00a0\u00a0 \u00a0 \u00a063\u00a0\u00a0\u00a0\u00a0\u00a0\u00a0\u00a0\u00a0\u00a0\u00a0\u00a0\u00a065<\/span><\/p>\n<p><span lang=\"pt-br\" xml:lang=\"pt-br\">Tamanho M\u00a0\u00a0\u00a0\u00a0\u00a0\u00a0\u00a0\u00a0\u00a0 \u00a0 \u00a0 \u00a0 \u00a0 \u00a0 \u00a0 \u00a0 \u00a0 \u00a0 \u00a0 \u00a0\u00a0\u00a0 \u00a01,14\u00a0\u00a0\u00a0\u00a0\u00a0 \u00a0\u00a065\u00a0\u00a0\u00a0\u00a0\u00a0\u00a0 \u00a0 \u00a0 \u00a067<\/span><\/p>\n<p><span lang=\"pt-br\" xml:lang=\"pt-br\">Tamanho G\u00a0\u00a0\u00a0\u00a0\u00a0\u00a0\u00a0\u00a0\u00a0\u00a0 \u00a0 \u00a0 \u00a0 \u00a0 \u00a0 \u00a0 \u00a0 \u00a0 \u00a0 \u00a0 \u00a0 \u00a0\u00a01,16\u00a0\u00a0\u00a0\u00a0\u00a0 \u00a0\u00a067\u00a0\u00a0\u00a0\u00a0\u00a0\u00a0 \u00a0 \u00a0 \u00a069<\/span><\/p>\n<p>Tamanho GG\u00a0\u00a0\u00a0\u00a0\u00a0\u00a0\u00a0 \u00a0 \u00a0 \u00a0 \u00a0 \u00a0 \u00a0 \u00a0 \u00a0 \u00a0 \u00a0 \u00a0 \u00a0 \u00a01,18\u00a0\u00a0\u00a0\u00a0\u00a0 \u00a0\u00a069\u00a0\u00a0\u00a0\u00a0\u00a0\u00a0 \u00a0 \u00a0 \u00a071<\/p>\n<p>Tamanho XG\u00a0\u00a0\u00a0\u00a0\u00a0\u00a0\u00a0 \u00a0 \u00a0 \u00a0 \u00a0 \u00a0 \u00a0 \u00a0 \u00a0 \u00a0 \u00a0 \u00a0 \u00a0 \u00a01,20\u00a0\u00a0\u00a0\u00a0 \u00a0 \u00a071\u00a0\u00a0\u00a0\u00a0\u00a0\u00a0\u00a0\u00a0\u00a0\u00a0\u00a0\u00a073<\/p>\n<div id=\"njcdgcofcbnlbpkpdhmlmiblaglnkpnj\"><\/div>\n<div><\/div>\n<div><\/div>\n<div><\/div>\n<div><\/div>\n<div><\/div>\n<div><\/div>\n<div><\/div>\n<div><\/div>\n<div><\/div>\n<div><\/div>\n<div><\/div>\n<div><\/div>\n<div><\/div>\n<div><\/div>\n<div><\/div>\n<div><\/div>\n<div><\/div>\n<div><\/div>\n","protected":false},"excerpt":{"rendered":"<p>Avental cir\u00fargico em tecido.<\/p>\n<p>Confeccionado em brim profissional hospitalar, de excelente qualidade.<\/p>\n<p>Tingimento com Idantrene, resistente a lavagem industrial.<\/p>\n<p>Grande resist\u00eancia e durabilidade.\u00a0Personalizamos sob encomenda.<\/p>\n<div>\n<p>&nbsp;<\/p>\n<div id=\"njcdgcofcbnlbpkpdhmlmiblaglnkpnj\">\n<div><strong>CONDI\u00c7\u00d5ES ESPECIAIS PARA QUANTIDADES, HOSPITAIS, CL\u00cdNICAS E REVENDAS!<\/strong><\/div>\n<\/div>\n<\/div>\n<div><\/div>\n<div><strong>CLIENTES SATISFEITOS:<\/strong><\/div>\n<div><img loading=\"lazy\" decoding=\"async\" class=\"alignnone size-full wp-image-15123\" src=\"https:\/\/www.brmedal.com.br\/wp-content\/uploads\/2024\/09\/cliente-nel-1.jpg\" alt=\"\" width=\"150\" height=\"75\" \/> <img loading=\"lazy\" decoding=\"async\" class=\"alignnone size-full wp-image-15135\" src=\"https:\/\/www.brmedal.com.br\/wp-content\/uploads\/2024\/09\/cliente-nel-5.jpg\" alt=\"\" width=\"150\" height=\"75\" \/> <img loading=\"lazy\" decoding=\"async\" class=\"alignnone size-medium wp-image-15132\" src=\"https:\/\/www.brmedal.com.br\/wp-content\/uploads\/2024\/09\/cliente-nel-4.jpg\" alt=\"\" width=\"150\" height=\"75\" \/> <img loading=\"lazy\" decoding=\"async\" class=\"alignnone size-medium wp-image-15129\" src=\"https:\/\/www.brmedal.com.br\/wp-content\/uploads\/2024\/09\/cliente-nel-3.jpg\" alt=\"\" width=\"150\" height=\"75\" \/> <img loading=\"lazy\" decoding=\"async\" class=\"alignnone size-full wp-image-15126\" src=\"https:\/\/www.brmedal.com.br\/wp-content\/uploads\/2024\/09\/cliente-nel-2.jpg\" alt=\"\" width=\"150\" height=\"75\" \/> <img loading=\"lazy\" decoding=\"async\" class=\"alignnone size-full wp-image-15138\" src=\"https:\/\/www.brmedal.com.br\/wp-content\/uploads\/2024\/09\/cliente-nel-6.jpg\" alt=\"\" width=\"150\" height=\"75\" \/> <img loading=\"lazy\" decoding=\"async\" class=\"alignnone size-full wp-image-15141\" src=\"https:\/\/www.brmedal.com.br\/wp-content\/uploads\/2024\/09\/cliente-nel-7.jpg\" alt=\"\" width=\"150\" height=\"75\" \/> <img loading=\"lazy\" decoding=\"async\" class=\"alignnone size-full wp-image-15144\" src=\"https:\/\/www.brmedal.com.br\/wp-content\/uploads\/2024\/09\/cliente-nel-8.jpg\" alt=\"\" width=\"150\" height=\"75\" \/> <img loading=\"lazy\" decoding=\"async\" class=\"alignnone size-full wp-image-15147\" src=\"https:\/\/www.brmedal.com.br\/wp-content\/uploads\/2024\/09\/cliente-nel-9.jpg\" alt=\"\" width=\"150\" height=\"75\" \/><\/div>\n<div><\/div>\n<div><\/div>\n<div><\/div>\n<div><\/div>\n<div><\/div>\n<div><\/div>\n<div><\/div>\n<div><\/div>\n<div><\/div>\n<div><\/div>\n<div><\/div>\n<div><\/div>\n<div><\/div>\n<div><\/div>\n<div><\/div>\n<div><\/div>\n<div><\/div>\n<div><\/div>\n<div><\/div>\n","protected":false},"featured_media":15368,"comment_status":"open","ping_status":"closed","template":"","meta":[],"product_brand":[],"product_cat":[776,508,786,571],"product_tag":[],"class_list":{"0":"post-431","1":"product","2":"type-product","3":"status-publish","4":"has-post-thumbnail","6":"product_cat-destaque","7":"product_cat-inicio","8":"product_cat-promocao","9":"product_cat-rouparia","10":"pa_corroupariabrim-azul","11":"pa_corroupariabrim-verde","12":"pa_taamanhos-aventais-p-ao-eg-eg","13":"pa_taamanhos-aventais-p-ao-eg-g","14":"pa_taamanhos-aventais-p-ao-eg-gg","15":"pa_taamanhos-aventais-p-ao-eg-m","16":"pa_taamanhos-aventais-p-ao-eg-p","18":"first","19":"instock","20":"shipping-taxable","21":"purchasable","22":"product-type-variable"},"_links":{"self":[{"href":"https:\/\/www.brmedal.com.br\/index.php?rest_route=\/wp\/v2\/product\/431","targetHints":{"allow":["GET"]}}],"collection":[{"href":"https:\/\/www.brmedal.com.br\/index.php?rest_route=\/wp\/v2\/product"}],"about":[{"href":"https:\/\/www.brmedal.com.br\/index.php?rest_route=\/wp\/v2\/types\/product"}],"replies":[{"embeddable":true,"href":"https:\/\/www.brmedal.com.br\/index.php?rest_route=%2Fwp%2Fv2%2Fcomments&post=431"}],"wp:featuredmedia":[{"embeddable":true,"href":"https:\/\/www.brmedal.com.br\/index.php?rest_route=\/wp\/v2\/media\/15368"}],"wp:attachment":[{"href":"https:\/\/www.brmedal.com.br\/index.php?rest_route=%2Fwp%2Fv2%2Fmedia&parent=431"}],"wp:term":[{"taxonomy":"product_brand","embeddable":true,"href":"https:\/\/www.brmedal.com.br\/index.php?rest_route=%2Fwp%2Fv2%2Fproduct_brand&post=431"},{"taxonomy":"product_cat","embeddable":true,"href":"https:\/\/www.brmedal.com.br\/index.php?rest_route=%2Fwp%2Fv2%2Fproduct_cat&post=431"},{"taxonomy":"product_tag","embeddable":true,"href":"https:\/\/www.brmedal.com.br\/index.php?rest_route=%2Fwp%2Fv2%2Fproduct_tag&post=431"}],"curies":[{"name":"wp","href":"https:\/\/api.w.org\/{rel}","templated":true}]}}