{"id":4466,"date":"2018-06-29T10:21:46","date_gmt":"2018-06-29T13:21:46","guid":{"rendered":"https:\/\/www.brmedal.com.br\/product\/polidora-de-alta-velocidade-polimaxx\/"},"modified":"2023-10-02T14:47:46","modified_gmt":"2023-10-02T17:47:46","slug":"polidora-de-alta-velocidade-polimaxx","status":"publish","type":"product","link":"https:\/\/www.brmedal.com.br\/?product=polidora-de-alta-velocidade-polimaxx","title":{"rendered":"Polidora de Alta Velocidade &#8211; POLIMAXX"},"content":{"rendered":"<p>Exaustor para part\u00edculas emergentes<\/p>\n<p>Possui sistema de aspira\u00e7\u00e3o das part\u00edculas emergentes para que o operador n\u00e3o inale toxinas durante o trabalho, dispensando a utiliza\u00e7\u00e3o de m\u00e1scara de prote\u00e7\u00e3o (prote\u00e7\u00e3o total do aspirador).<\/p>\n<p>Vidro resinado no painel, facilmente remov\u00edvel em caso de troca.<\/p>\n<p>Ilumina\u00e7\u00e3o a led, para melhor visualiza\u00e7\u00e3o das pe\u00e7as trabalhadas e tamb\u00e9m evitando o stress visual.<\/p>\n<p>Peso l\u00edquido: 13.100 kg<\/p>\n<p>Peso bruto: 13.900 kg<\/p>\n<p>Voltagem: 110 V \/ 220 V com chave seletora<\/p>\n<p>Rota\u00e7\u00e3o: 20.000 RPM<\/p>\n<p>Frequ\u00eancia: 60 Hz<\/p>\n<p>Dimens\u00f5es: 330 mm (comprimento) x 450 mm (largura) x 285 mm (altura)<\/p>\n","protected":false},"excerpt":{"rendered":"<p>Exaustor para part\u00edculas emergentes<\/p>\n<p>Possui sistema de aspira\u00e7\u00e3o das part\u00edculas emergentes para que o operador n\u00e3o inale toxinas durante o trabalho, dispensando a utiliza\u00e7\u00e3o de m\u00e1scara de prote\u00e7\u00e3o (prote\u00e7\u00e3o total do aspirador).<\/p>\n<p>Vidro resinado no painel, facilmente remov\u00edvel em caso de troca.<\/p>\n<p>Ilumina\u00e7\u00e3o a led, para melhor visualiza\u00e7\u00e3o das pe\u00e7as trabalhadas e tamb\u00e9m evitando o stress visual.<\/p>\n<p>&nbsp;<\/p>\n","protected":false},"featured_media":4463,"comment_status":"open","ping_status":"closed","template":"","meta":[],"product_brand":[],"product_cat":[776,546,510],"product_tag":[],"class_list":{"0":"post-4466","1":"product","2":"type-product","3":"status-publish","4":"has-post-thumbnail","6":"product_cat-destaque","7":"product_cat-equipamentos-odontologia","8":"product_cat-odontologia","10":"first","11":"instock","12":"shipping-taxable","13":"purchasable","14":"product-type-simple"},"_links":{"self":[{"href":"https:\/\/www.brmedal.com.br\/index.php?rest_route=\/wp\/v2\/product\/4466","targetHints":{"allow":["GET"]}}],"collection":[{"href":"https:\/\/www.brmedal.com.br\/index.php?rest_route=\/wp\/v2\/product"}],"about":[{"href":"https:\/\/www.brmedal.com.br\/index.php?rest_route=\/wp\/v2\/types\/product"}],"replies":[{"embeddable":true,"href":"https:\/\/www.brmedal.com.br\/index.php?rest_route=%2Fwp%2Fv2%2Fcomments&post=4466"}],"wp:featuredmedia":[{"embeddable":true,"href":"https:\/\/www.brmedal.com.br\/index.php?rest_route=\/wp\/v2\/media\/4463"}],"wp:attachment":[{"href":"https:\/\/www.brmedal.com.br\/index.php?rest_route=%2Fwp%2Fv2%2Fmedia&parent=4466"}],"wp:term":[{"taxonomy":"product_brand","embeddable":true,"href":"https:\/\/www.brmedal.com.br\/index.php?rest_route=%2Fwp%2Fv2%2Fproduct_brand&post=4466"},{"taxonomy":"product_cat","embeddable":true,"href":"https:\/\/www.brmedal.com.br\/index.php?rest_route=%2Fwp%2Fv2%2Fproduct_cat&post=4466"},{"taxonomy":"product_tag","embeddable":true,"href":"https:\/\/www.brmedal.com.br\/index.php?rest_route=%2Fwp%2Fv2%2Fproduct_tag&post=4466"}],"curies":[{"name":"wp","href":"https:\/\/api.w.org\/{rel}","templated":true}]}}