{"id":4483,"date":"2018-06-29T10:27:49","date_gmt":"2018-06-29T13:27:49","guid":{"rendered":"https:\/\/www.brmedal.com.br\/product\/prensa-hidraulica-maxx\/"},"modified":"2023-10-02T16:04:09","modified_gmt":"2023-10-02T19:04:09","slug":"prensa-hidraulica-maxx","status":"publish","type":"product","link":"https:\/\/www.brmedal.com.br\/?product=prensa-hidraulica-maxx","title":{"rendered":"Prensa Hidr\u00e1ulica MAXX"},"content":{"rendered":"<p>For\u00e7a: at\u00e9 3 toneladas<\/p>\n<p>Peso l\u00edquido: 15.050 kg<\/p>\n<p>Peso bruto: 16.500 kg<\/p>\n<p>Capacidade: at\u00e9 2 muflas<\/p>\n<p>Dimens\u00f5es: 310 mm (comprimento) x 190 mm (largura) x 340 mm (altura)<\/p>\n","protected":false},"excerpt":{"rendered":"<p>Sistema europeu de prensagem &#8211; n\u00e3o faz esfor\u00e7o.<\/p>\n<p>Man\u00f4metro e v\u00e1lvula de abertura e fechamento.<\/p>\n<p>For\u00e7a de at\u00e9 3 toneladas<\/p>\n<p>Prensagem em apenas 5 segundos \u2013 \u00fanica do mercado<\/p>\n<p>Libera\u00e7\u00e3o da prensagem em apenas 2 segundos<\/p>\n","protected":false},"featured_media":4479,"comment_status":"open","ping_status":"closed","template":"","meta":[],"product_brand":[],"product_cat":[776,546,510],"product_tag":[],"class_list":{"0":"post-4483","1":"product","2":"type-product","3":"status-publish","4":"has-post-thumbnail","6":"product_cat-destaque","7":"product_cat-equipamentos-odontologia","8":"product_cat-odontologia","10":"first","11":"instock","12":"shipping-taxable","13":"purchasable","14":"product-type-simple"},"_links":{"self":[{"href":"https:\/\/www.brmedal.com.br\/index.php?rest_route=\/wp\/v2\/product\/4483","targetHints":{"allow":["GET"]}}],"collection":[{"href":"https:\/\/www.brmedal.com.br\/index.php?rest_route=\/wp\/v2\/product"}],"about":[{"href":"https:\/\/www.brmedal.com.br\/index.php?rest_route=\/wp\/v2\/types\/product"}],"replies":[{"embeddable":true,"href":"https:\/\/www.brmedal.com.br\/index.php?rest_route=%2Fwp%2Fv2%2Fcomments&post=4483"}],"wp:featuredmedia":[{"embeddable":true,"href":"https:\/\/www.brmedal.com.br\/index.php?rest_route=\/wp\/v2\/media\/4479"}],"wp:attachment":[{"href":"https:\/\/www.brmedal.com.br\/index.php?rest_route=%2Fwp%2Fv2%2Fmedia&parent=4483"}],"wp:term":[{"taxonomy":"product_brand","embeddable":true,"href":"https:\/\/www.brmedal.com.br\/index.php?rest_route=%2Fwp%2Fv2%2Fproduct_brand&post=4483"},{"taxonomy":"product_cat","embeddable":true,"href":"https:\/\/www.brmedal.com.br\/index.php?rest_route=%2Fwp%2Fv2%2Fproduct_cat&post=4483"},{"taxonomy":"product_tag","embeddable":true,"href":"https:\/\/www.brmedal.com.br\/index.php?rest_route=%2Fwp%2Fv2%2Fproduct_tag&post=4483"}],"curies":[{"name":"wp","href":"https:\/\/api.w.org\/{rel}","templated":true}]}}