{"id":4493,"date":"2018-06-29T10:33:36","date_gmt":"2018-06-29T13:33:36","guid":{"rendered":"https:\/\/www.brmedal.com.br\/product\/recortador-de-gesso-com-politriz\/"},"modified":"2022-11-01T11:50:43","modified_gmt":"2022-11-01T14:50:43","slug":"recortador-de-gesso-com-politriz","status":"publish","type":"product","link":"https:\/\/www.brmedal.com.br\/?product=recortador-de-gesso-com-politriz","title":{"rendered":"Recortador de Gesso com Politriz"},"content":{"rendered":"<p>Estrutura em alum\u00ednio fundido e pintura eletrost\u00e1tica<\/p>\n<p>\u00danico com precis\u00e3o na angulagem para recortes e ortodontia<\/p>\n<p>\u00c1rea \u00fatil para recorte de at\u00e9 dois moldes<\/p>\n<p>Abertura r\u00e1pida da tampa<\/p>\n<p>Mesa para pr\u00f3tese e ortodontia com transferidor de \u00e2ngulo<\/p>\n<p>Ponta c\u00f4nica para escova de polimento<\/p>\n<p>Disco de corte 10 podendo ser utilizado em ambos os lados<\/p>\n<p>Peso l\u00edquido: 12.100 kg<\/p>\n<p>Peso bruto: 14.200 kg<\/p>\n<p>Voltagem: 110 V \/ 220 V com chave seletora<\/p>\n<p>Pot\u00eancia: 1\/2 C.v.<\/p>\n<p>Consumo: 368 kWh<\/p>\n<p>Frequ\u00eancia: 50\/60 Hz<\/p>\n<p>Dimens\u00f5es: 460 mm e 520 mm com ponteira (comprimento) x 335 mm (largura) x 350 mm (altura)<\/p>\n","protected":false},"excerpt":{"rendered":"<p>Estrutura em alum\u00ednio fundido e pintura eletrost\u00e1tica \u00danico com precis\u00e3o na angulagem para recortes e ortodontia \u00c1rea \u00fatil para recorte de at\u00e9 dois moldes Abertura r\u00e1pida<span class=\"excerpt-hellip\"> [\u2026]<\/span><\/p>\n","protected":false},"featured_media":4488,"comment_status":"open","ping_status":"closed","template":"","meta":[],"product_brand":[],"product_cat":[546,510],"product_tag":[],"class_list":{"0":"post-4493","1":"product","2":"type-product","3":"status-publish","4":"has-post-thumbnail","6":"product_cat-equipamentos-odontologia","7":"product_cat-odontologia","9":"first","10":"onbackorder","11":"shipping-taxable","12":"product-type-simple"},"_links":{"self":[{"href":"https:\/\/www.brmedal.com.br\/index.php?rest_route=\/wp\/v2\/product\/4493","targetHints":{"allow":["GET"]}}],"collection":[{"href":"https:\/\/www.brmedal.com.br\/index.php?rest_route=\/wp\/v2\/product"}],"about":[{"href":"https:\/\/www.brmedal.com.br\/index.php?rest_route=\/wp\/v2\/types\/product"}],"replies":[{"embeddable":true,"href":"https:\/\/www.brmedal.com.br\/index.php?rest_route=%2Fwp%2Fv2%2Fcomments&post=4493"}],"wp:featuredmedia":[{"embeddable":true,"href":"https:\/\/www.brmedal.com.br\/index.php?rest_route=\/wp\/v2\/media\/4488"}],"wp:attachment":[{"href":"https:\/\/www.brmedal.com.br\/index.php?rest_route=%2Fwp%2Fv2%2Fmedia&parent=4493"}],"wp:term":[{"taxonomy":"product_brand","embeddable":true,"href":"https:\/\/www.brmedal.com.br\/index.php?rest_route=%2Fwp%2Fv2%2Fproduct_brand&post=4493"},{"taxonomy":"product_cat","embeddable":true,"href":"https:\/\/www.brmedal.com.br\/index.php?rest_route=%2Fwp%2Fv2%2Fproduct_cat&post=4493"},{"taxonomy":"product_tag","embeddable":true,"href":"https:\/\/www.brmedal.com.br\/index.php?rest_route=%2Fwp%2Fv2%2Fproduct_tag&post=4493"}],"curies":[{"name":"wp","href":"https:\/\/api.w.org\/{rel}","templated":true}]}}