{"id":4501,"date":"2018-06-29T10:36:00","date_gmt":"2018-06-29T13:36:00","guid":{"rendered":"https:\/\/www.brmedal.com.br\/product\/recortadora-de-gesso-com-disco-diamantado\/"},"modified":"2023-10-15T15:37:44","modified_gmt":"2023-10-15T18:37:44","slug":"recortadora-de-gesso-com-disco-diamantado","status":"publish","type":"product","link":"https:\/\/www.brmedal.com.br\/?product=recortadora-de-gesso-com-disco-diamantado","title":{"rendered":"Recortadora de Gesso com Disco Diamantado"},"content":{"rendered":"<p>Possui disco de desgaste de \u201c10\u201d diamantado, com \u00f3tima abrasividade e de f\u00e1cil substitui\u00e7\u00e3o.<\/p>\n<p>O disco pode ser utilizado a seco e na \u00e1gua<\/p>\n<p>Estrutura em alum\u00ednio fundido e pintura eletrost\u00e1tica<\/p>\n<p>\u00danico com precis\u00e3o na angulagem para recortes e ortodontia<\/p>\n<p>\u00c1rea \u00fatil para recorte de at\u00e9 dois moldes<\/p>\n<p>Abertura r\u00e1pida da tampa<\/p>\n<p>Mesa para pr\u00f3tese e ortodontia com transferidor de \u00e2ngulo<\/p>\n<p>Ponta c\u00f4nica para escova de polimento<\/p>\n","protected":false},"excerpt":{"rendered":"<p>Possui disco de desgaste de \u201c10\u201d diamantado, com \u00f3tima abrasividade e de f\u00e1cil substitui\u00e7\u00e3o.<\/p>\n<p>O disco pode ser utilizado a seco e na \u00e1gua<\/p>\n<p>Estrutura em alum\u00ednio fundido e pintura eletrost\u00e1tica<\/p>\n<p>\u00danico com precis\u00e3o na angulagem para recortes e ortodontia<\/p>\n<p><strong>EM AT\u00c9 6X SEM JUROS! CHAME AGORA!<\/strong><\/p>\n","protected":false},"featured_media":4499,"comment_status":"open","ping_status":"closed","template":"","meta":[],"product_brand":[],"product_cat":[546,510],"product_tag":[],"class_list":{"0":"post-4501","1":"product","2":"type-product","3":"status-publish","4":"has-post-thumbnail","6":"product_cat-equipamentos-odontologia","7":"product_cat-odontologia","9":"first","10":"instock","11":"shipping-taxable","12":"purchasable","13":"product-type-simple"},"_links":{"self":[{"href":"https:\/\/www.brmedal.com.br\/index.php?rest_route=\/wp\/v2\/product\/4501","targetHints":{"allow":["GET"]}}],"collection":[{"href":"https:\/\/www.brmedal.com.br\/index.php?rest_route=\/wp\/v2\/product"}],"about":[{"href":"https:\/\/www.brmedal.com.br\/index.php?rest_route=\/wp\/v2\/types\/product"}],"replies":[{"embeddable":true,"href":"https:\/\/www.brmedal.com.br\/index.php?rest_route=%2Fwp%2Fv2%2Fcomments&post=4501"}],"wp:featuredmedia":[{"embeddable":true,"href":"https:\/\/www.brmedal.com.br\/index.php?rest_route=\/wp\/v2\/media\/4499"}],"wp:attachment":[{"href":"https:\/\/www.brmedal.com.br\/index.php?rest_route=%2Fwp%2Fv2%2Fmedia&parent=4501"}],"wp:term":[{"taxonomy":"product_brand","embeddable":true,"href":"https:\/\/www.brmedal.com.br\/index.php?rest_route=%2Fwp%2Fv2%2Fproduct_brand&post=4501"},{"taxonomy":"product_cat","embeddable":true,"href":"https:\/\/www.brmedal.com.br\/index.php?rest_route=%2Fwp%2Fv2%2Fproduct_cat&post=4501"},{"taxonomy":"product_tag","embeddable":true,"href":"https:\/\/www.brmedal.com.br\/index.php?rest_route=%2Fwp%2Fv2%2Fproduct_tag&post=4501"}],"curies":[{"name":"wp","href":"https:\/\/api.w.org\/{rel}","templated":true}]}}