{"id":4508,"date":"2018-06-29T10:38:00","date_gmt":"2018-06-29T13:38:00","guid":{"rendered":"https:\/\/www.brmedal.com.br\/product\/seladora-selamaxx\/"},"modified":"2023-10-02T14:05:06","modified_gmt":"2023-10-02T17:05:06","slug":"seladora-selamaxx","status":"publish","type":"product","link":"https:\/\/www.brmedal.com.br\/?product=seladora-selamaxx","title":{"rendered":"Seladora SELAMAXX"},"content":{"rendered":"<p>Guilhotina para corte (ambos os lados)<\/p>\n<p>30 cm de \u00e1rea livre para selagem 1 cm de largura<\/p>\n<p>Resist\u00eancia blindada<\/p>\n<p>Peso l\u00edquido: 1.162 kg<\/p>\n<p>Peso Bruto: 1.291 kg<\/p>\n<p>Voltagem: 110 V \/ 220 V \u2013 Bivolt Autom\u00e1tico<\/p>\n<p>Frequ\u00eancia: 50\/60 Hz<\/p>\n<p>Pot\u00eancia: 80 W<\/p>\n<p>L\u00e2mina da guilhotina: Bisturi n\u00ba 12<\/p>\n<p>Dimens\u00f5es: 480 mm (comprimento) x 100 mm (largura) x 113 mm (altura)<\/p>\n","protected":false},"excerpt":{"rendered":"<p><span data-contrast=\"auto\">*\u00a0Resist\u00eancia blindada.<\/span><br \/>\n<span data-contrast=\"auto\">* Guilhotina para corte.<\/span><br \/>\n<span data-contrast=\"auto\">*\u00a0N\u00e3o necessita mudar de chave seletora de voltagem.<\/span><br \/>\n<span data-contrast=\"auto\">* Fita\u00a0armalon\u00a0(de prote\u00e7\u00e3o t\u00e9rmica) avulsa que isola a resist\u00eancia.\u00a0<\/span><br \/>\n<span data-contrast=\"auto\">* Leve, ergon\u00f4mica e compacta.<\/span><br \/>\n<span data-contrast=\"auto\">* Permite qualidade e efici\u00eancia no processo de selagem\u00a0por possuir 10mm de espessura.<\/span><br \/>\n<span data-contrast=\"auto\">*\u00a0Garantia: 12 meses.<\/span><span data-ccp-props=\"{&quot;134233117&quot;:true,&quot;134233118&quot;:true,&quot;201341983&quot;:0,&quot;335559740&quot;:240}\">\u00a0<\/span><\/p>\n<p>&nbsp;<\/p>\n","protected":false},"featured_media":4507,"comment_status":"open","ping_status":"closed","template":"","meta":[],"product_brand":[],"product_cat":[776,546,510],"product_tag":[],"class_list":{"0":"post-4508","1":"product","2":"type-product","3":"status-publish","4":"has-post-thumbnail","6":"product_cat-destaque","7":"product_cat-equipamentos-odontologia","8":"product_cat-odontologia","10":"first","11":"instock","12":"shipping-taxable","13":"purchasable","14":"product-type-simple"},"_links":{"self":[{"href":"https:\/\/www.brmedal.com.br\/index.php?rest_route=\/wp\/v2\/product\/4508","targetHints":{"allow":["GET"]}}],"collection":[{"href":"https:\/\/www.brmedal.com.br\/index.php?rest_route=\/wp\/v2\/product"}],"about":[{"href":"https:\/\/www.brmedal.com.br\/index.php?rest_route=\/wp\/v2\/types\/product"}],"replies":[{"embeddable":true,"href":"https:\/\/www.brmedal.com.br\/index.php?rest_route=%2Fwp%2Fv2%2Fcomments&post=4508"}],"wp:featuredmedia":[{"embeddable":true,"href":"https:\/\/www.brmedal.com.br\/index.php?rest_route=\/wp\/v2\/media\/4507"}],"wp:attachment":[{"href":"https:\/\/www.brmedal.com.br\/index.php?rest_route=%2Fwp%2Fv2%2Fmedia&parent=4508"}],"wp:term":[{"taxonomy":"product_brand","embeddable":true,"href":"https:\/\/www.brmedal.com.br\/index.php?rest_route=%2Fwp%2Fv2%2Fproduct_brand&post=4508"},{"taxonomy":"product_cat","embeddable":true,"href":"https:\/\/www.brmedal.com.br\/index.php?rest_route=%2Fwp%2Fv2%2Fproduct_cat&post=4508"},{"taxonomy":"product_tag","embeddable":true,"href":"https:\/\/www.brmedal.com.br\/index.php?rest_route=%2Fwp%2Fv2%2Fproduct_tag&post=4508"}],"curies":[{"name":"wp","href":"https:\/\/api.w.org\/{rel}","templated":true}]}}